{"id":7451,"date":"2025-09-17T11:51:03","date_gmt":"2025-09-17T09:51:03","guid":{"rendered":"https:\/\/boreait.com\/hu\/?post_type=product&#038;p=7451"},"modified":"2026-01-27T10:00:20","modified_gmt":"2026-01-27T09:00:20","slug":"eredeti-dell-latitude-e5430e5530-bluetooth-kabel-az-alaplaphoz-03yx8r-dc02001eo00","status":"publish","type":"product","link":"https:\/\/boreait.com\/hu\/termek\/eredeti-dell-latitude-e5430e5530-bluetooth-kabel-az-alaplaphoz-03yx8r-dc02001eo00\/","title":{"rendered":"Eredeti Dell Latitude E5430E5530 Bluetooth-k\u00e1bel az alaplaphoz 03YX8R DC02001EO00"},"content":{"rendered":"<p>N\u00f6velje Dell Latitude E5430\/E5530 csatlakoztathat\u00f3s\u00e1g\u00e1t a 03YX8R DC02001EO00 cikksz\u00e1m\u00fa eredeti Bluetooth-alaplapk\u00e1bellel. A prec\u00edzen megalkotott \u00e9s kifejezetten az \u00d6n laptopmodelljeihez tervezett hiteles cserek\u00e1bel z\u00f6kken\u0151mentes Bluetooth-funkci\u00f3kat \u00e9s megb\u00edzhat\u00f3 csatlakoz\u00e1st biztos\u00edt az alaplaphoz.<\/p>\n<p>F\u0151bb jellemz\u0151k:<\/p>\n<ul>\n<li>Eredeti Dell csere: A kompatibilit\u00e1s \u00e9s a megb\u00edzhat\u00f3s\u00e1g biztos\u00edt\u00e1sa hiteles cserealkatr\u00e9szekkel.<\/li>\n<li>Egyszer\u0171 telep\u00edt\u00e9s: k\u00f6nnyed\u00e9n friss\u00edtheti laptopj\u00e1t an\u00e9lk\u00fcl, hogy szakember seg\u00edts\u00e9g\u00e9re lenne sz\u00fcks\u00e9ge.<\/li>\n<li>Tov\u00e1bbfejlesztett kapcsol\u00f3d\u00e1si lehet\u0151s\u00e9g: Ezzel az eredeti k\u00e1bellel fokozza a Dell Latitude E5430\/E5530 Bluetooth funkci\u00f3it.<\/li>\n<li>Kompatibilit\u00e1s: Kifejezetten az E5430\/E5530 modellekhez tervezt\u00e9k, t\u00f6k\u00e9letes illeszked\u00e9st \u00e9s z\u00f6kken\u0151mentes integr\u00e1ci\u00f3t biztos\u00edtva.<\/li>\n<\/ul>\n<p>Friss\u00edtse laptopja csatlakoztathat\u00f3s\u00e1g\u00e1t: Tapasztalja meg a tov\u00e1bbfejlesztett Bluetooth-kapcsolatot \u00e9s a megb\u00edzhat\u00f3 teljes\u00edtm\u00e9nyt, ha friss\u00edti Dell Latitude E5430\/E5530 k\u00e9sz\u00fcl\u00e9k\u00e9t ezzel az eredeti k\u00e1bellel.<\/p>\n<p>Egyszer\u0171 telep\u00edt\u00e9s: A felhaszn\u00e1l\u00f3bar\u00e1t telep\u00edt\u00e9shez tervezt\u00e9k, \u00edgy a laptop csatlakoztathat\u00f3s\u00e1g\u00e1nak b\u0151v\u00edt\u00e9se probl\u00e9mamentes. \u00c9lvezze a tov\u00e1bbfejlesztett Bluetooth funkci\u00f3t k\u00f6nnyed\u00e9n.<\/p>\n<p>K\u00e9rj\u00fck, vegye figyelembe, hogy b\u00e1r a r\u00e9szletes telep\u00edt\u00e9si utas\u00edt\u00e1sokat nem adjuk meg, nyugodtan forduljon hozz\u00e1nk, ha k\u00e9rd\u00e9se van, vagy seg\u00edts\u00e9gre van sz\u00fcks\u00e9ge. A list\u00e1n szerepl\u0151 val\u00f3di term\u00e9kfot\u00f3k pontosan le\u00edrj\u00e1k, hogy mit fog kapni, t\u00fckr\u00f6zve az \u00e1tl\u00e1that\u00f3s\u00e1g \u00e9s az \u00fcgyfelek el\u00e9gedetts\u00e9ge ir\u00e1nti elk\u00f6telezetts\u00e9g\u00fcnket.<\/p>\n<p>Friss\u00edtse Dell Latitude E5430\/E5530 laptopj\u00e1t m\u00e9g ma az eredeti Bluetooth-alaplapk\u00e1bellel. V\u00e1s\u00e1roljon bizalommal, tudva, hogy laptopja min\u0151s\u00e9gi cserealkatr\u00e9sz\u00e9be fektet be. Ha k\u00e9rd\u00e9se van, vagy tov\u00e1bbi seg\u00edts\u00e9gre van sz\u00fcks\u00e9ge, ne habozzon kapcsolatba l\u00e9pni vel\u00fcnk. Az\u00e9rt vagyunk itt, hogy seg\u00edts\u00fcnk eszk\u00f6ze csatlakoztathat\u00f3s\u00e1g\u00e1nak jav\u00edt\u00e1s\u00e1ban.<\/p>\n","protected":false},"excerpt":{"rendered":"<p>&#8222;Friss\u00edtse Dell Latitude E5430\/E5530 k\u00e9sz\u00fcl\u00e9k\u00e9t ezzel az eredeti Bluetooth-alaplapk\u00e1bellel. Egyszer\u0171 telep\u00edt\u00e9s \u00e9s kompatibilit\u00e1s a 03YX8R DC02001EO00 cikksz\u00e1mmal. Jav\u00edtsa laptopja csatlakoztathat\u00f3s\u00e1g\u00e1t m\u00e9g ma!<\/p>\n","protected":false},"featured_media":7489,"template":"","meta":[],"product_brand":[],"product_cat":[27],"product_tag":[17],"class_list":{"0":"post-7451","1":"product","2":"type-product","3":"status-publish","4":"has-post-thumbnail","6":"product_cat-motherboards-board-parts","7":"product_tag-dell","9":"first","10":"instock","11":"taxable","12":"shipping-taxable","13":"purchasable","14":"product-type-simple"},"_links":{"self":[{"href":"https:\/\/boreait.com\/hu\/wp-json\/wp\/v2\/product\/7451","targetHints":{"allow":["GET"]}}],"collection":[{"href":"https:\/\/boreait.com\/hu\/wp-json\/wp\/v2\/product"}],"about":[{"href":"https:\/\/boreait.com\/hu\/wp-json\/wp\/v2\/types\/product"}],"wp:featuredmedia":[{"embeddable":true,"href":"https:\/\/boreait.com\/hu\/wp-json\/wp\/v2\/media\/7489"}],"wp:attachment":[{"href":"https:\/\/boreait.com\/hu\/wp-json\/wp\/v2\/media?parent=7451"}],"wp:term":[{"taxonomy":"product_brand","embeddable":true,"href":"https:\/\/boreait.com\/hu\/wp-json\/wp\/v2\/product_brand?post=7451"},{"taxonomy":"product_cat","embeddable":true,"href":"https:\/\/boreait.com\/hu\/wp-json\/wp\/v2\/product_cat?post=7451"},{"taxonomy":"product_tag","embeddable":true,"href":"https:\/\/boreait.com\/hu\/wp-json\/wp\/v2\/product_tag?post=7451"}],"curies":[{"name":"wp","href":"https:\/\/api.w.org\/{rel}","templated":true}]}}