{"id":7450,"date":"2025-09-17T11:51:03","date_gmt":"2025-09-17T09:51:03","guid":{"rendered":"https:\/\/boreait.com\/hu\/?post_type=product&#038;p=7450"},"modified":"2026-01-27T09:59:54","modified_gmt":"2026-01-27T08:59:54","slug":"eredeti-dell-ls-790ap-mediagomb-tabla-latitude-e5530-hoz-kabellel","status":"publish","type":"product","link":"https:\/\/boreait.com\/hu\/termek\/eredeti-dell-ls-790ap-mediagomb-tabla-latitude-e5530-hoz-kabellel\/","title":{"rendered":"Eredeti Dell LS-790AP m\u00e9diagomb-t\u00e1bla Latitude E5530-hoz k\u00e1bellel"},"content":{"rendered":"<p>N\u00f6velje Dell Latitude E5530 laptopja funkcionalit\u00e1s\u00e1t az eredeti Dell LS-790AP Media Buttons Board seg\u00edts\u00e9g\u00e9vel. Ez az eredeti cserealkatr\u00e9sz, amelyet kifejezetten a Latitude E5530-hoz terveztek, z\u00f6kken\u0151mentes integr\u00e1ci\u00f3t \u00e9s megb\u00edzhat\u00f3 teljes\u00edtm\u00e9nyt biztos\u00edt.<\/p>\n<p>F\u0151bb jellemz\u0151k:<\/p>\n<ul>\n<li>Eredeti Dell csere: A kompatibilit\u00e1s \u00e9s a megb\u00edzhat\u00f3s\u00e1g biztos\u00edt\u00e1sa hiteles cserealkatr\u00e9szekkel.<\/li>\n<li>K\u00f6nny\u0171 telep\u00edt\u00e9s: k\u00e1belt tartalmaz az egyszer\u0171 telep\u00edt\u00e9shez, nincs sz\u00fcks\u00e9g szakmai seg\u00edts\u00e9gre.<\/li>\n<li>Tov\u00e1bbfejlesztett funkcionalit\u00e1s: ezzel a m\u00e9diagombos k\u00e1rty\u00e1val \u00e1ll\u00edtsa vissza vagy friss\u00edtse laptopja m\u00e9diavez\u00e9rl\u00e9si k\u00e9pess\u00e9geit.<\/li>\n<li>Latitude E5530-hoz tervezve: \u00dagy alak\u00edtott\u00e1k ki, hogy t\u00f6k\u00e9letesen illeszkedjen \u00e9s m\u0171k\u00f6dj\u00f6n Dell Latitude E5530 laptopj\u00e1hoz.<\/li>\n<\/ul>\n<p>Friss\u00edtse laptopja teljes\u00edtm\u00e9ny\u00e9t: Tapasztalja meg a tov\u00e1bbfejlesztett m\u00e9diavez\u00e9rl\u00e9st \u00e9s funkcionalit\u00e1st, ha laptopj\u00e1t az eredeti Dell LS-790AP Media Buttons Board k\u00e1rty\u00e1val friss\u00edti.<\/p>\n<p>Egyszer\u0171 telep\u00edt\u00e9s: K\u00f6nnyed\u00e9n telep\u00edtheti a m\u00e9diagombok k\u00e1rty\u00e1j\u00e1t a mell\u00e9kelt k\u00e1bellel, \u00edgy biztos\u00edtva a probl\u00e9mamentes friss\u00edt\u00e9si folyamatot.<\/p>\n<p>Min\u0151s\u00e9gbiztos\u00edt\u00e1s: Biztos lehet benne, hogy egy kiv\u00e1l\u00f3 min\u0151s\u00e9g\u0171, eredeti Dell cserealkatr\u00e9szbe fektet be, amelyet a megb\u00edzhat\u00f3s\u00e1g \u00e9s a hossz\u00fa \u00e9lettartam \u00e9rdek\u00e9ben terveztek.<\/p>\n<p>K\u00e9rj\u00fck, vegye figyelembe, hogy b\u00e1r a r\u00e9szletes telep\u00edt\u00e9si utas\u00edt\u00e1sokat nem adjuk meg, nyugodtan forduljon hozz\u00e1nk, ha k\u00e9rd\u00e9se van, vagy seg\u00edts\u00e9gre van sz\u00fcks\u00e9ge. A list\u00e1n szerepl\u0151 val\u00f3di term\u00e9kfot\u00f3k pontosan le\u00edrj\u00e1k, hogy mit fog kapni, t\u00fckr\u00f6zve az \u00e1tl\u00e1that\u00f3s\u00e1g \u00e9s az \u00fcgyfelek el\u00e9gedetts\u00e9ge ir\u00e1nti elk\u00f6telezetts\u00e9g\u00fcnket.<\/p>\n<p>Friss\u00edtse Dell Latitude E5530 laptopj\u00e1t m\u00e9g ma az eredeti Dell LS-790AP Media Buttons Board seg\u00edts\u00e9g\u00e9vel. V\u00e1s\u00e1roljon bizalommal, tudva, hogy laptopja min\u0151s\u00e9gi cserealkatr\u00e9sz\u00e9be fektet be. Ha k\u00e9rd\u00e9se van, vagy tov\u00e1bbi seg\u00edts\u00e9gre van sz\u00fcks\u00e9ge, ne habozzon kapcsolatba l\u00e9pni vel\u00fcnk. Az\u00e9rt vagyunk itt, hogy seg\u00edts\u00fcnk eszk\u00f6ze funkcionalit\u00e1s\u00e1nak jav\u00edt\u00e1s\u00e1ban.<\/p>\n","protected":false},"excerpt":{"rendered":"<p>Friss\u00edtse Dell Latitude E5530 k\u00e9sz\u00fcl\u00e9k\u00e9t ezzel az eredeti Dell LS-790AP Media Buttons k\u00e1rty\u00e1val. Tartalmazza a k\u00e1belt az egyszer\u0171 telep\u00edt\u00e9s \u00e9rdek\u00e9ben. Fokozza laptopja funkcionalit\u00e1s\u00e1t m\u00e9g ma!<\/p>\n","protected":false},"featured_media":7487,"template":"","meta":[],"product_brand":[],"product_cat":[27],"product_tag":[17],"class_list":{"0":"post-7450","1":"product","2":"type-product","3":"status-publish","4":"has-post-thumbnail","6":"product_cat-motherboards-board-parts","7":"product_tag-dell","9":"first","10":"instock","11":"taxable","12":"shipping-taxable","13":"purchasable","14":"product-type-simple"},"_links":{"self":[{"href":"https:\/\/boreait.com\/hu\/wp-json\/wp\/v2\/product\/7450","targetHints":{"allow":["GET"]}}],"collection":[{"href":"https:\/\/boreait.com\/hu\/wp-json\/wp\/v2\/product"}],"about":[{"href":"https:\/\/boreait.com\/hu\/wp-json\/wp\/v2\/types\/product"}],"wp:featuredmedia":[{"embeddable":true,"href":"https:\/\/boreait.com\/hu\/wp-json\/wp\/v2\/media\/7487"}],"wp:attachment":[{"href":"https:\/\/boreait.com\/hu\/wp-json\/wp\/v2\/media?parent=7450"}],"wp:term":[{"taxonomy":"product_brand","embeddable":true,"href":"https:\/\/boreait.com\/hu\/wp-json\/wp\/v2\/product_brand?post=7450"},{"taxonomy":"product_cat","embeddable":true,"href":"https:\/\/boreait.com\/hu\/wp-json\/wp\/v2\/product_cat?post=7450"},{"taxonomy":"product_tag","embeddable":true,"href":"https:\/\/boreait.com\/hu\/wp-json\/wp\/v2\/product_tag?post=7450"}],"curies":[{"name":"wp","href":"https:\/\/api.w.org\/{rel}","templated":true}]}}