{"id":745,"date":"2025-09-17T09:31:20","date_gmt":"2025-09-17T07:31:20","guid":{"rendered":"https:\/\/boreait.com\/hu\/?post_type=product&#038;p=745"},"modified":"2025-09-17T09:32:44","modified_gmt":"2025-09-17T07:32:44","slug":"intel-e86118-core-i5-mobil-processzor","status":"publish","type":"product","link":"https:\/\/boreait.com\/hu\/termek\/intel-e86118-core-i5-mobil-processzor\/","title":{"rendered":"Intel E86118 Core i5 mobil processzor"},"content":{"rendered":"<p>Az Intel E86118 Core i5 mobilprocesszor egy nagy teljes\u00edtm\u00e9ny\u0171 megold\u00e1s laptopja feldolgoz\u00e1si teljes\u00edtm\u00e9ny\u00e9nek n\u00f6vel\u00e9s\u00e9re. A n\u00e9gymagos \u00e9s az ak\u00e1r 2,6 GHz-es alap \u00f3rajelnek k\u00f6sz\u00f6nhet\u0151en ez a processzor biztos\u00edtja az olyan ig\u00e9nyes feladatokhoz sz\u00fcks\u00e9ges sebess\u00e9get \u00e9s reakci\u00f3k\u00e9szs\u00e9get, mint a j\u00e1t\u00e9k, a multim\u00e9di\u00e1s szerkeszt\u00e9s \u00e9s a t\u00f6bbfeladatos munkav\u00e9gz\u00e9s. F\u00fcggetlen\u00fcl att\u00f3l, hogy er\u0151forr\u00e1sig\u00e9nyes alkalmaz\u00e1sokat futtat, vagy \u00f6sszetett munkaterhel\u00e9seket kezel, ez a processzor olyan teljes\u00edtm\u00e9nyt ny\u00fajt, amelyre sz\u00e1m\u00edthat.<\/p>\n<p>Az E86118 Core i5 mobilprocesszor egyik kiemelked\u0151 funkci\u00f3ja az Intel Turbo Boost technol\u00f3gia. Ez a technol\u00f3gia dinamikusan \u00e1ll\u00edtja be a processzor frekvenci\u00e1j\u00e1t, hogy extra sebess\u00e9get biztos\u00edtson, amikor a legnagyobb sz\u00fcks\u00e9g van r\u00e1. Automatikusan megn\u00f6veli az \u00f3rajelet a nagy ig\u00e9nybev\u00e9telt jelent\u0151 feladatok elv\u00e9gz\u00e9s\u00e9hez, z\u00f6kken\u0151mentes \u00e9s \u00e9rz\u00e9keny felhaszn\u00e1l\u00f3i \u00e9lm\u00e9nyt biztos\u00edtva. \u00c9lvezze a gyorsabb renderel\u00e9si id\u0151ket, az alkalmaz\u00e1sok gyorsabb elind\u00edt\u00e1s\u00e1t \u00e9s a z\u00f6kken\u0151mentes multitaskingot ezzel a nagy teljes\u00edtm\u00e9ny\u0171 processzorral.<\/p>\n<p>A k\u00fcl\u00f6nf\u00e9le laptopmodellekkel val\u00f3 kompatibilit\u00e1sra tervezett Intel E86118 Core i5 mobilprocesszor k\u00f6nnyen telep\u00edthet\u0151 kompatibilis rendszerekbe. T\u00e1mogatja a DDR4 mem\u00f3ri\u00e1t, amely gyors \u00e9s hat\u00e9kony adathozz\u00e1f\u00e9r\u00e9st tesz lehet\u0151v\u00e9 a jobb \u00e1ltal\u00e1nos teljes\u00edtm\u00e9ny \u00e9rdek\u00e9ben. Friss\u00edtse laptopj\u00e1t ezzel a megb\u00edzhat\u00f3 Intel processzorral, \u00e9s tapasztalja meg a fokozott termel\u00e9kenys\u00e9get \u00e9s reakci\u00f3k\u00e9pess\u00e9get.<\/p>\n<p>A teljes\u00edtm\u00e9nye mellett az E86118 Core i5 mobilprocesszor Intel HD Graphics technol\u00f3gi\u00e1val is rendelkezik, amely \u00e9les l\u00e1tv\u00e1nyt \u00e9s mag\u00e1val ragad\u00f3 grafik\u00e1t biztos\u00edt a j\u00e1t\u00e9kokhoz \u00e9s a multim\u00e9di\u00e1s alkalmaz\u00e1sokhoz. \u00c9lvezze a sima j\u00e1t\u00e9kmenetet, az \u00e9l\u00e9nk l\u00e1tv\u00e1nyt \u00e9s a leny\u0171g\u00f6z\u0151 multim\u00e9di\u00e1s \u00e9lm\u00e9nyt ezzel a processzorral.<\/p>\n<p>N\u00f6velje laptopja teljes\u00edtm\u00e9ny\u00e9t az Intel E86118 Core i5 mobilprocesszorral. Tapasztalja meg a nagy teljes\u00edtm\u00e9ny\u0171 feldolgoz\u00e1si k\u00e9pess\u00e9geket, a z\u00f6kken\u0151mentes t\u00f6bbfeladatos munkav\u00e9gz\u00e9st \u00e9s a fokozott grafikus teljes\u00edtm\u00e9nyt. A j\u00e1t\u00e9kt\u00f3l a multim\u00e9di\u00e1s szerkeszt\u00e9sig ez a processzor biztos\u00edtja azt a sebess\u00e9get \u00e9s reakci\u00f3k\u00e9szs\u00e9get, amelyre sz\u00fcks\u00e9ge van ahhoz, hogy b\u00e1rmilyen feladatot magabiztosan kezeljen.<\/p>\n","protected":false},"excerpt":{"rendered":"<p>N\u00f6velje laptopja teljes\u00edtm\u00e9ny\u00e9t az Intel E86118 Core i5 mobilprocesszorral. A n\u00e9gymagos \u00e9s az ak\u00e1r 2,6 GHz-es alap \u00f3rajellel ez a processzor nagy teljes\u00edtm\u00e9nyt ny\u00fajt az ig\u00e9nyes feladatokhoz. Intel Turbo Boost technol\u00f3gi\u00e1val rendelkezik a nagyobb sebess\u00e9g \u00e9rdek\u00e9ben, amikor a legnagyobb sz\u00fcks\u00e9ge van r\u00e1. N\u00f6velje laptopja t\u00f6bbfeladatos k\u00e9pess\u00e9geit, \u00e9s \u00e9lvezze a z\u00f6kken\u0151mentes teljes\u00edtm\u00e9nyt ezzel a megb\u00edzhat\u00f3 Intel processzorral.<\/p>\n","protected":false},"featured_media":808,"template":"","meta":[],"product_brand":[],"product_cat":[39],"product_tag":[],"class_list":{"0":"post-745","1":"product","2":"type-product","3":"status-publish","4":"has-post-thumbnail","6":"product_cat-processors-cpu","8":"first","9":"instock","10":"taxable","11":"shipping-taxable","12":"purchasable","13":"product-type-simple"},"_links":{"self":[{"href":"https:\/\/boreait.com\/hu\/wp-json\/wp\/v2\/product\/745","targetHints":{"allow":["GET"]}}],"collection":[{"href":"https:\/\/boreait.com\/hu\/wp-json\/wp\/v2\/product"}],"about":[{"href":"https:\/\/boreait.com\/hu\/wp-json\/wp\/v2\/types\/product"}],"wp:featuredmedia":[{"embeddable":true,"href":"https:\/\/boreait.com\/hu\/wp-json\/wp\/v2\/media\/808"}],"wp:attachment":[{"href":"https:\/\/boreait.com\/hu\/wp-json\/wp\/v2\/media?parent=745"}],"wp:term":[{"taxonomy":"product_brand","embeddable":true,"href":"https:\/\/boreait.com\/hu\/wp-json\/wp\/v2\/product_brand?post=745"},{"taxonomy":"product_cat","embeddable":true,"href":"https:\/\/boreait.com\/hu\/wp-json\/wp\/v2\/product_cat?post=745"},{"taxonomy":"product_tag","embeddable":true,"href":"https:\/\/boreait.com\/hu\/wp-json\/wp\/v2\/product_tag?post=745"}],"curies":[{"name":"wp","href":"https:\/\/api.w.org\/{rel}","templated":true}]}}