{"id":744,"date":"2025-09-17T09:31:20","date_gmt":"2025-09-17T07:31:20","guid":{"rendered":"https:\/\/boreait.com\/hu\/?post_type=product&#038;p=744"},"modified":"2026-01-07T14:38:42","modified_gmt":"2026-01-07T13:38:42","slug":"amd-athlon-ii-processzor-naeic-sdx140hbk13gq","status":"publish","type":"product","link":"https:\/\/boreait.com\/hu\/termek\/amd-athlon-ii-processzor-naeic-sdx140hbk13gq\/","title":{"rendered":"AMD Athlon II processzor (NAEIC) SDX140HBK13GQ"},"content":{"rendered":"<p>Az AMD Athlon II processzor (NAEIC) SDX140HBK13GQ egy hat\u00e9kony \u00e9s k\u00f6lts\u00e9ghat\u00e9kony megold\u00e1s asztali sz\u00e1m\u00edt\u00f3g\u00e9pe teljes\u00edtm\u00e9ny\u00e9nek n\u00f6vel\u00e9s\u00e9re. A 2,7 GHz-es \u00f3rajellel \u00e9s a k\u00e9tmagos processzorral biztos\u00edtja azt a feldolgoz\u00e1si teljes\u00edtm\u00e9nyt, amelyre sz\u00fcks\u00e9ge van a mindennapi sz\u00e1m\u00edt\u00e1stechnikai feladatok egyszer\u0171 megbirk\u00f3z\u00e1s\u00e1ban. A webb\u00f6ng\u00e9sz\u00e9st\u0151l \u00e9s a hat\u00e9konys\u00e1gn\u00f6vel\u0151 alkalmaz\u00e1sokt\u00f3l a multim\u00e9di\u00e1s lej\u00e1tsz\u00e1sig ez a processzor megb\u00edzhat\u00f3 teljes\u00edtm\u00e9nyt ny\u00fajt a g\u00f6rd\u00fcl\u00e9keny \u00e9s rugalmas felhaszn\u00e1l\u00f3i \u00e9lm\u00e9ny \u00e9rdek\u00e9ben.<\/p>\n<p>Az SDX140HBK13GQ processzor integr\u00e1lt mem\u00f3riavez\u00e9rl\u0151vel rendelkezik, amely gyorsabb adathozz\u00e1f\u00e9r\u00e9st \u00e9s tov\u00e1bbfejlesztett t\u00f6bbfeladatos k\u00e9pess\u00e9get tesz lehet\u0151v\u00e9. Ez azt jelenti, hogy t\u00f6bb alkalmaz\u00e1st futtathat egyszerre an\u00e9lk\u00fcl, hogy jelent\u0151s lassul\u00e1st tapasztalna. Ak\u00e1r irodai dokumentumokon dolgozik, ak\u00e1r az interneten b\u00f6ng\u00e9szik, ak\u00e1r streamel, ez a processzor z\u00f6kken\u0151mentes teljes\u00edtm\u00e9nyt \u00e9s hat\u00e9kony t\u00f6bbfeladatos munk\u00e1t biztos\u00edt.<\/p>\n<p>Az AM3 foglalatokkal kompatibilis AMD Athlon II Processor (NAEIC) SDX140HBK13GQ k\u00f6nnyen telep\u00edthet\u0151 asztali rendszerek sz\u00e9les sk\u00e1l\u00e1j\u00e1ba. T\u00e1mogatja a DDR3 mem\u00f3ri\u00e1t, amely lehet\u0151v\u00e9 teszi a z\u00f6kken\u0151mentes integr\u00e1ci\u00f3t a kompatibilis rendszerekbe az optim\u00e1lis teljes\u00edtm\u00e9ny \u00e9rdek\u00e9ben.<\/p>\n<p>Hat\u00e9kony kialak\u00edt\u00e1s\u00e1val \u00e9s megb\u00edzhat\u00f3 teljes\u00edtm\u00e9ny\u00e9vel az AMD Athlon II processzor (NAEIC) SDX140HBK13GQ kiv\u00e1l\u00f3 v\u00e1laszt\u00e1s azoknak a felhaszn\u00e1l\u00f3knak, akik megfizethet\u0151 \u00e1ron szeretn\u00e9nek friss\u00edteni asztali sz\u00e1m\u00edt\u00f3g\u00e9p\u00fckre. \u00c9lvezze a gyorsabb sz\u00e1m\u00edt\u00e1si sebess\u00e9get, a tov\u00e1bbfejlesztett t\u00f6bbfeladatos k\u00e9pess\u00e9geket \u00e9s a mindennapi feladatok z\u00f6kken\u0151mentes teljes\u00edtm\u00e9ny\u00e9t. Friss\u00edtse asztali sz\u00e1m\u00edt\u00f3g\u00e9p\u00e9t ezzel a megb\u00edzhat\u00f3 AMD processzorral, \u00e9s tapasztalja meg a fokozott termel\u00e9kenys\u00e9get \u00e9s reakci\u00f3k\u00e9pess\u00e9get.<\/p>\n","protected":false},"excerpt":{"rendered":"<p>N\u00f6velje asztali sz\u00e1m\u00edt\u00f3g\u00e9pe teljes\u00edtm\u00e9ny\u00e9t az AMD Athlon II processzorral (NAEIC) SDX140HBK13GQ. A 2,7 GHz-es \u00f3rajellel \u00e9s a k\u00e9tmagos processzorral megb\u00edzhat\u00f3 teljes\u00edtm\u00e9nyt ny\u00fajt a mindennapi sz\u00e1m\u00edt\u00e1si feladatokhoz. Be\u00e9p\u00edtett mem\u00f3riavez\u00e9rl\u0151vel rendelkezik a gyors adathozz\u00e1f\u00e9r\u00e9s \u00e9s a hat\u00e9kony t\u00f6bbfeladatos munka \u00e9rdek\u00e9ben. N\u00f6velje asztali sz\u00e1m\u00edt\u00f3g\u00e9pe sebess\u00e9g\u00e9t \u00e9s v\u00e1laszk\u00e9szs\u00e9g\u00e9t ezzel a megb\u00edzhat\u00f3 AMD processzorral.<\/p>\n","protected":false},"featured_media":807,"template":"","meta":[],"product_brand":[],"product_cat":[39],"product_tag":[],"class_list":{"0":"post-744","1":"product","2":"type-product","3":"status-publish","4":"has-post-thumbnail","6":"product_cat-processors-cpu","8":"first","9":"instock","10":"taxable","11":"shipping-taxable","12":"purchasable","13":"product-type-simple"},"_links":{"self":[{"href":"https:\/\/boreait.com\/hu\/wp-json\/wp\/v2\/product\/744","targetHints":{"allow":["GET"]}}],"collection":[{"href":"https:\/\/boreait.com\/hu\/wp-json\/wp\/v2\/product"}],"about":[{"href":"https:\/\/boreait.com\/hu\/wp-json\/wp\/v2\/types\/product"}],"wp:featuredmedia":[{"embeddable":true,"href":"https:\/\/boreait.com\/hu\/wp-json\/wp\/v2\/media\/807"}],"wp:attachment":[{"href":"https:\/\/boreait.com\/hu\/wp-json\/wp\/v2\/media?parent=744"}],"wp:term":[{"taxonomy":"product_brand","embeddable":true,"href":"https:\/\/boreait.com\/hu\/wp-json\/wp\/v2\/product_brand?post=744"},{"taxonomy":"product_cat","embeddable":true,"href":"https:\/\/boreait.com\/hu\/wp-json\/wp\/v2\/product_cat?post=744"},{"taxonomy":"product_tag","embeddable":true,"href":"https:\/\/boreait.com\/hu\/wp-json\/wp\/v2\/product_tag?post=744"}],"curies":[{"name":"wp","href":"https:\/\/api.w.org\/{rel}","templated":true}]}}