{"id":7417,"date":"2025-09-17T11:50:39","date_gmt":"2025-09-17T09:50:39","guid":{"rendered":"https:\/\/boreait.com\/hu\/?post_type=product&#038;p=7417"},"modified":"2026-01-27T09:25:30","modified_gmt":"2026-01-27T08:25:30","slug":"0y4twt-webkamera-kamera-dell-latitude-e5430-e5530-e6320-e6230-e6220-e6330-e6430-hoz","status":"publish","type":"product","link":"https:\/\/boreait.com\/hu\/termek\/0y4twt-webkamera-kamera-dell-latitude-e5430-e5530-e6320-e6230-e6220-e6330-e6430-hoz\/","title":{"rendered":"0Y4TWT webkamera kamera DELL Latitude E5430 E5530 E6320 E6230 E6220 E6330 E6430-hoz"},"content":{"rendered":"<p>N\u00f6velje DELL Latitude laptopja videokonferencia \u00e9lm\u00e9ny\u00e9t az E5430, E5530, E6320, E6230, E6220, E6330 \u00e9s E6430 modellekkel kompatibilis, eredeti webkamer\u00e1val. Ezt a prec\u00edzen megalkotott \u00e9s a DELL min\u0151s\u00e9gi h\u00edrnev\u00e9t t\u00e1maszt\u00f3 webkamer\u00e1t \u00fagy tervezt\u00e9k, hogy tiszta \u00e9s \u00e9les vide\u00f3min\u0151s\u00e9get biztos\u00edtson \u00e9rtekezletek \u00e9s konferenci\u00e1k sz\u00e1m\u00e1ra. Dell cikksz\u00e1m: 0Y4TWT<\/p>\n<p>F\u0151bb jellemz\u0151k:<\/p>\n<ul>\n<li>Eredeti DELL csere: Biztos\u00edtsa a kompatibilit\u00e1st \u00e9s a megb\u00edzhat\u00f3s\u00e1got egy hiteles webkamer\u00e1val.<\/li>\n<li>Tov\u00e1bbfejlesztett vide\u00f3min\u0151s\u00e9g: \u00c9lvezze a tiszta \u00e9s \u00e9les vide\u00f3min\u0151s\u00e9get videoh\u00edv\u00e1saihoz \u00e9s konferenci\u00e1ihoz.<\/li>\n<li>Kompatibilit\u00e1s: \u00dagy tervezt\u00e9k, hogy z\u00f6kken\u0151mentesen integr\u00e1lhat\u00f3 legyen a k\u00fcl\u00f6nb\u00f6z\u0151 DELL Latitude modellekkel, k\u00f6zt\u00fck az E5430, E5530, E6320, E6230, E6220, E6330 \u00e9s E6430 modellekkel.<\/li>\n<li>Egyszer\u0171 telep\u00edt\u00e9s: Egyszer\u0171 telep\u00edt\u00e9ssel k\u00f6nnyed\u00e9n friss\u00edtheti laptopja funkci\u00f3it, nincs sz\u00fcks\u00e9g szakmai seg\u00edts\u00e9gre.<\/li>\n<\/ul>\n<p>K\u00e9rj\u00fck, vegye figyelembe, hogy b\u00e1r a r\u00e9szletes telep\u00edt\u00e9si utas\u00edt\u00e1sokat nem adjuk meg, nyugodtan forduljon hozz\u00e1nk, ha k\u00e9rd\u00e9se van, vagy seg\u00edts\u00e9gre van sz\u00fcks\u00e9ge. A list\u00e1n szerepl\u0151 val\u00f3di term\u00e9kfot\u00f3k pontosan le\u00edrj\u00e1k, hogy mit fog kapni, t\u00fckr\u00f6zve az \u00e1tl\u00e1that\u00f3s\u00e1g \u00e9s az \u00fcgyfelek el\u00e9gedetts\u00e9ge ir\u00e1nti elk\u00f6telezetts\u00e9g\u00fcnket.<\/p>\n<p>Friss\u00edtse DELL Latitude laptopj\u00e1t m\u00e9g ma az eredeti webkamer\u00e1val. V\u00e1s\u00e1roljon bizalommal, tudva, hogy laptopja min\u0151s\u00e9gi cserealkatr\u00e9sz\u00e9be fektet be. Ha k\u00e9rd\u00e9se van, vagy tov\u00e1bbi seg\u00edts\u00e9gre van sz\u00fcks\u00e9ge, ne habozzon kapcsolatba l\u00e9pni vel\u00fcnk. Az\u00e9rt vagyunk itt, hogy seg\u00edts\u00fcnk a videokonferencia \u00e9lm\u00e9ny\u00e9nek jav\u00edt\u00e1s\u00e1ban<\/p>\n","protected":false},"excerpt":{"rendered":"<p>Friss\u00edtse DELL Latitude laptopja funkcionalit\u00e1s\u00e1t ezzel az eredeti webkamer\u00e1val. \u00dagy tervezt\u00e9k, hogy z\u00f6kken\u0151mentesen kompatibilis legyen k\u00fcl\u00f6nf\u00e9le modellekkel, bele\u00e9rtve az E5430, E5530, E6320, E6230, E6220, E6330 \u00e9s E6430 modelleket. V\u00e1s\u00e1roljon most, hogy fokozza laptopja videokonferencia \u00e9lm\u00e9ny\u00e9t!<\/p>\n","protected":false},"featured_media":7479,"template":"","meta":[],"product_brand":[],"product_cat":[27],"product_tag":[17],"class_list":{"0":"post-7417","1":"product","2":"type-product","3":"status-publish","4":"has-post-thumbnail","6":"product_cat-motherboards-board-parts","7":"product_tag-dell","9":"first","10":"instock","11":"taxable","12":"shipping-taxable","13":"purchasable","14":"product-type-simple"},"_links":{"self":[{"href":"https:\/\/boreait.com\/hu\/wp-json\/wp\/v2\/product\/7417","targetHints":{"allow":["GET"]}}],"collection":[{"href":"https:\/\/boreait.com\/hu\/wp-json\/wp\/v2\/product"}],"about":[{"href":"https:\/\/boreait.com\/hu\/wp-json\/wp\/v2\/types\/product"}],"wp:featuredmedia":[{"embeddable":true,"href":"https:\/\/boreait.com\/hu\/wp-json\/wp\/v2\/media\/7479"}],"wp:attachment":[{"href":"https:\/\/boreait.com\/hu\/wp-json\/wp\/v2\/media?parent=7417"}],"wp:term":[{"taxonomy":"product_brand","embeddable":true,"href":"https:\/\/boreait.com\/hu\/wp-json\/wp\/v2\/product_brand?post=7417"},{"taxonomy":"product_cat","embeddable":true,"href":"https:\/\/boreait.com\/hu\/wp-json\/wp\/v2\/product_cat?post=7417"},{"taxonomy":"product_tag","embeddable":true,"href":"https:\/\/boreait.com\/hu\/wp-json\/wp\/v2\/product_tag?post=7417"}],"curies":[{"name":"wp","href":"https:\/\/api.w.org\/{rel}","templated":true}]}}