{"id":7416,"date":"2025-09-17T11:50:39","date_gmt":"2025-09-17T09:50:39","guid":{"rendered":"https:\/\/boreait.com\/hu\/?post_type=product&#038;p=7416"},"modified":"2026-01-27T09:25:16","modified_gmt":"2026-01-27T08:25:16","slug":"eredeti-dell-latitude-e5530-hangszoro-par-pk23000h300-0387my-387my","status":"publish","type":"product","link":"https:\/\/boreait.com\/hu\/termek\/eredeti-dell-latitude-e5530-hangszoro-par-pk23000h300-0387my-387my\/","title":{"rendered":"Eredeti Dell Latitude E5530 hangsz\u00f3r\u00f3 (P\u00c1R) PK23000H300 0387MY 387MY"},"content":{"rendered":"<p>B\u0151v\u00edtse Dell Latitude E5530 laptopja audiok\u00e9pess\u00e9geit ezzel az eredeti hangsz\u00f3r\u00f3p\u00e1rral, amely kompatibilis a PK23000H300, 0387MY \u00e9s 387MY cikksz\u00e1mokkal. A prec\u00edzen megalkotott \u00e9s kifejezetten az \u00d6n laptopj\u00e1hoz tervezett hangsz\u00f3r\u00f3k kiv\u00e1l\u00f3 min\u0151s\u00e9g\u0171 hangz\u00e1st biztos\u00edtanak a mag\u00e1val ragad\u00f3 \u00e9lm\u00e9ny \u00e9rdek\u00e9ben.<\/p>\n<p>F\u0151bb jellemz\u0151k:<\/p>\n<ul>\n<li>Eredeti Dell csere: Biztos\u00edtsa a kompatibilit\u00e1st \u00e9s a megb\u00edzhat\u00f3s\u00e1got az eredeti cserealkatr\u00e9szekkel.<\/li>\n<li>Tov\u00e1bbfejlesztett hang\u00e9lm\u00e9ny: N\u00f6velje laptopja hangmin\u0151s\u00e9g\u00e9t multim\u00e9di\u00e1s tartalmak, videoh\u00edv\u00e1sok \u00e9s egyebek eset\u00e9n.<\/li>\n<li>Egyszer\u0171 telep\u00edt\u00e9s: Egyszer\u0171 telep\u00edt\u00e9ssel k\u00f6nnyed\u00e9n friss\u00edtheti laptopja hangj\u00e1t.<\/li>\n<li>Kompatibilit\u00e1s: A z\u00f6kken\u0151mentes integr\u00e1ci\u00f3 \u00e9rdek\u00e9ben kifejezetten a Dell Latitude E5530-hoz tervezt\u00e9k.<\/li>\n<\/ul>\n<p>Friss\u00edtse Dell Latitude E5530 laptopj\u00e1t m\u00e9g ma ezzel az eredeti hangsz\u00f3r\u00f3p\u00e1rral. \u00c9lvezze a jobb hangmin\u0151s\u00e9get \u00e9s a mag\u00e1val ragad\u00f3 hang\u00e9lm\u00e9nyt. V\u00e1s\u00e1roljon bizalommal, tudva, hogy eredeti Dell cserealkatr\u00e9szekbe fektet be. B\u00e1rmilyen k\u00e9rd\u00e9ssel vagy seg\u00edts\u00e9ggel kapcsolatban forduljon hozz\u00e1nk bizalommal. Az\u00e9rt vagyunk itt, hogy seg\u00edts\u00fcnk laptopja audiok\u00e9pess\u00e9geinek fejleszt\u00e9s\u00e9ben.<\/p>\n","protected":false},"excerpt":{"rendered":"<p>N\u00f6velje Dell Latitude E5530 hang\u00e9lm\u00e9ny\u00e9t ezzel az eredeti hangsz\u00f3r\u00f3p\u00e1rral. Kompatibilis a PK23000H300, 0387MY \u00e9s 387MY cikksz\u00e1mokkal. Jav\u00edtsa laptopja hangmin\u0151s\u00e9g\u00e9t m\u00e9g ma!<\/p>\n","protected":false},"featured_media":7478,"template":"","meta":[],"product_brand":[],"product_cat":[18],"product_tag":[17],"class_list":{"0":"post-7416","1":"product","2":"type-product","3":"status-publish","4":"has-post-thumbnail","6":"product_cat-laptop-speakers","7":"product_tag-dell","9":"first","10":"instock","11":"taxable","12":"shipping-taxable","13":"purchasable","14":"product-type-simple"},"_links":{"self":[{"href":"https:\/\/boreait.com\/hu\/wp-json\/wp\/v2\/product\/7416","targetHints":{"allow":["GET"]}}],"collection":[{"href":"https:\/\/boreait.com\/hu\/wp-json\/wp\/v2\/product"}],"about":[{"href":"https:\/\/boreait.com\/hu\/wp-json\/wp\/v2\/types\/product"}],"wp:featuredmedia":[{"embeddable":true,"href":"https:\/\/boreait.com\/hu\/wp-json\/wp\/v2\/media\/7478"}],"wp:attachment":[{"href":"https:\/\/boreait.com\/hu\/wp-json\/wp\/v2\/media?parent=7416"}],"wp:term":[{"taxonomy":"product_brand","embeddable":true,"href":"https:\/\/boreait.com\/hu\/wp-json\/wp\/v2\/product_brand?post=7416"},{"taxonomy":"product_cat","embeddable":true,"href":"https:\/\/boreait.com\/hu\/wp-json\/wp\/v2\/product_cat?post=7416"},{"taxonomy":"product_tag","embeddable":true,"href":"https:\/\/boreait.com\/hu\/wp-json\/wp\/v2\/product_tag?post=7416"}],"curies":[{"name":"wp","href":"https:\/\/api.w.org\/{rel}","templated":true}]}}