{"id":7413,"date":"2025-09-17T11:50:39","date_gmt":"2025-09-17T09:50:39","guid":{"rendered":"https:\/\/boreait.com\/hu\/?post_type=product&#038;p=7413"},"modified":"2025-09-17T11:51:12","modified_gmt":"2025-09-17T09:51:12","slug":"eredeti-dell-e5530-laptop-dvd-rw-meghajto-sn-208-05jcc1","status":"publish","type":"product","link":"https:\/\/boreait.com\/hu\/termek\/eredeti-dell-e5530-laptop-dvd-rw-meghajto-sn-208-05jcc1\/","title":{"rendered":"Eredeti Dell e5530 laptop DVD-RW meghajt\u00f3 SN-208 &#8211; 05JCC1"},"content":{"rendered":"<p>N\u00f6velje Dell laptopja funkcionalit\u00e1s\u00e1t az eredeti SN-208 DVD\/RW meghajt\u00f3val. Ak\u00e1r DVD-ket n\u00e9z, ak\u00e1r szoftvereket telep\u00edt, ak\u00e1r biztons\u00e1gi ment\u00e9st k\u00e9sz\u00edt az adatokr\u00f3l, ez az optikai meghajt\u00f3 megb\u00edzhat\u00f3 teljes\u00edtm\u00e9nyt biztos\u00edt a lemezek olvas\u00e1s\u00e1hoz \u00e9s \u00edr\u00e1s\u00e1hoz. Cikksz\u00e1m: 05JCC1<\/p>\n<p>F\u0151bb jellemz\u0151k:<\/p>\n<ul>\n<li>Eredeti Dell csere: A kompatibilit\u00e1s \u00e9s a megb\u00edzhat\u00f3s\u00e1g biztos\u00edt\u00e1sa hiteles cserealkatr\u00e9szekkel.<\/li>\n<li>M\u0171anyag el\u0151lap a Dell E5530-hoz!<\/li>\n<li>Egyszer\u0171 telep\u00edt\u00e9s: k\u00f6nnyed\u00e9n friss\u00edtheti laptopj\u00e1t an\u00e9lk\u00fcl, hogy szakember seg\u00edts\u00e9g\u00e9re lenne sz\u00fcks\u00e9ge.<\/li>\n<li>DVD\/RW-meghajt\u00f3: \u00c9lvezze a CD-k \u00e9s DVD-k olvas\u00e1s\u00e1nak \u00e9s \u00edr\u00e1s\u00e1nak k\u00e9nyelm\u00e9t ezzel az optikai meghajt\u00f3val.<\/li>\n<li>Kompatibilit\u00e1s: Kompatibilis a k\u00fcl\u00f6nb\u00f6z\u0151 Dell laptopmodellekkel, sokoldal\u00fas\u00e1got biztos\u00edtva az \u00d6n ig\u00e9nyeinek.<\/li>\n<\/ul>\n<p>Friss\u00edtse laptopja k\u00e9pess\u00e9geit: Tapasztalja meg a tov\u00e1bbfejlesztett funkci\u00f3kat ezzel az eredeti DVD\/RW meghajt\u00f3val. Legyen sz\u00f3 ak\u00e1r lemezalap\u00fa szoftvertelep\u00edt\u00e9st ig\u00e9nyl\u0151 profir\u00f3l, ak\u00e1r multim\u00e9di\u00e1s tartalmakat \u00e9lvez\u0151 h\u00e9tk\u00f6znapi felhaszn\u00e1l\u00f3r\u00f3l, ez a meghajt\u00f3 elengedhetetlen kieg\u00e9sz\u00edt\u0151je laptopj\u00e1nak.<\/p>\n<p>Egyszer\u0171 telep\u00edt\u00e9s: A felhaszn\u00e1l\u00f3bar\u00e1t telep\u00edt\u00e9sre tervezve a laptop optikai meghajt\u00f3j\u00e1nak friss\u00edt\u00e9se most m\u00e1r probl\u00e9mamentes. Egyszer\u0171en t\u00e1vol\u00edtsa el a r\u00e9gi meghajt\u00f3t, \u00e9s cser\u00e9lje ki erre az eredeti Dell SN-208 meghajt\u00f3ra a jobb funkcionalit\u00e1s \u00e9rdek\u00e9ben.<\/p>\n<p>Min\u0151s\u00e9gbiztos\u00edt\u00e1s: Nyugodjon meg, tudva, hogy az eredeti Dell technol\u00f3gi\u00e1ba fektet be. Minden term\u00e9k\u00fcnk szigor\u00fa tesztel\u00e9sen esik \u00e1t, hogy megfeleljen a magas min\u0151s\u00e9gi szabv\u00e1nyoknak, biztos\u00edtva ezzel laptopja megb\u00edzhat\u00f3 teljes\u00edtm\u00e9ny\u00e9t.<\/p>\n<p>Friss\u00edtse Dell laptopj\u00e1t m\u00e9g ma az eredeti SN-208 DVD\/RW meghajt\u00f3val \u2013 intelligens befektet\u00e9s a fokozott funkcionalit\u00e1s \u00e9s sokoldal\u00fas\u00e1g \u00e9rdek\u00e9ben. Ha b\u00e1rmilyen k\u00e9rd\u00e9se van, vagy seg\u00edts\u00e9gre van sz\u00fcks\u00e9ge, nyugodtan \u00edrjon nek\u00fcnk. Az\u00e9rt vagyunk itt, hogy seg\u00edts\u00fcnk, hogy a legt\u00f6bbet hozza ki laptopj\u00e1b\u00f3l.<\/p>\n","protected":false},"excerpt":{"rendered":"<p>B\u0151v\u00edtse Dell laptopja k\u00e9pess\u00e9geit ezzel az eredeti, SN-208 t\u00edpus\u00fa DVD\/RW meghajt\u00f3val. \u00c9lvezze a megb\u00edzhat\u00f3 teljes\u00edtm\u00e9nyt lemezek olvas\u00e1s\u00e1hoz \u00e9s \u00edr\u00e1s\u00e1hoz. K\u00f6nny\u0171 telep\u00edt\u00e9s \u00e9s kompatibilis a k\u00fcl\u00f6nb\u00f6z\u0151 Dell laptop modellekkel. Fokozza m\u00e9g ma laptopja \u00e9lm\u00e9ny\u00e9t!<\/p>\n","protected":false},"featured_media":7474,"template":"","meta":[],"product_brand":[],"product_cat":[27],"product_tag":[17],"class_list":{"0":"post-7413","1":"product","2":"type-product","3":"status-publish","4":"has-post-thumbnail","6":"product_cat-motherboards-board-parts","7":"product_tag-dell","9":"first","10":"instock","11":"taxable","12":"shipping-taxable","13":"purchasable","14":"product-type-simple"},"_links":{"self":[{"href":"https:\/\/boreait.com\/hu\/wp-json\/wp\/v2\/product\/7413","targetHints":{"allow":["GET"]}}],"collection":[{"href":"https:\/\/boreait.com\/hu\/wp-json\/wp\/v2\/product"}],"about":[{"href":"https:\/\/boreait.com\/hu\/wp-json\/wp\/v2\/types\/product"}],"wp:featuredmedia":[{"embeddable":true,"href":"https:\/\/boreait.com\/hu\/wp-json\/wp\/v2\/media\/7474"}],"wp:attachment":[{"href":"https:\/\/boreait.com\/hu\/wp-json\/wp\/v2\/media?parent=7413"}],"wp:term":[{"taxonomy":"product_brand","embeddable":true,"href":"https:\/\/boreait.com\/hu\/wp-json\/wp\/v2\/product_brand?post=7413"},{"taxonomy":"product_cat","embeddable":true,"href":"https:\/\/boreait.com\/hu\/wp-json\/wp\/v2\/product_cat?post=7413"},{"taxonomy":"product_tag","embeddable":true,"href":"https:\/\/boreait.com\/hu\/wp-json\/wp\/v2\/product_tag?post=7413"}],"curies":[{"name":"wp","href":"https:\/\/api.w.org\/{rel}","templated":true}]}}