{"id":7412,"date":"2025-09-17T11:50:39","date_gmt":"2025-09-17T09:50:39","guid":{"rendered":"https:\/\/boreait.com\/hu\/?post_type=product&#038;p=7412"},"modified":"2026-01-27T09:24:44","modified_gmt":"2026-01-27T08:24:44","slug":"eredeti-dell-dw1504-broadcom-bcm94313hmg2l-mini-pci-express-wlan-laptop-wifi-kartya","status":"publish","type":"product","link":"https:\/\/boreait.com\/hu\/termek\/eredeti-dell-dw1504-broadcom-bcm94313hmg2l-mini-pci-express-wlan-laptop-wifi-kartya\/","title":{"rendered":"Eredeti Dell DW1504 Broadcom BCM94313HMG2L Mini PCI-Express WLAN laptop WiFi k\u00e1rtya"},"content":{"rendered":"<p>Fokozza laptopja csatlakoztathat\u00f3s\u00e1g\u00e1t az eredeti Dell DW1504 Broadcom BCM94313HMG2L Mini PCI-Express WLAN WiFi k\u00e1rty\u00e1val. Megb\u00edzhat\u00f3 vezet\u00e9k n\u00e9lk\u00fcli teljes\u00edtm\u00e9nyre tervezt\u00e9k, ez a WiFi k\u00e1rtya z\u00f6kken\u0151mentes csatlakoz\u00e1st biztos\u00edt laptopj\u00e1hoz.<\/p>\n<p>F\u0151bb jellemz\u0151k:<\/p>\n<ul>\n<li>Eredeti Dell csere: Biztos\u00edtsa a kompatibilit\u00e1st \u00e9s a megb\u00edzhat\u00f3s\u00e1got egy hiteles WiFi-k\u00e1rty\u00e1val.<\/li>\n<li>Tov\u00e1bbfejlesztett kapcsolat: Tapasztalja meg a megb\u00edzhat\u00f3 vezet\u00e9k n\u00e9lk\u00fcli teljes\u00edtm\u00e9nyt a z\u00f6kken\u0151mentes b\u00f6ng\u00e9sz\u00e9shez, adatfolyamokhoz \u00e9s egyebekhez.<\/li>\n<li>Egyszer\u0171 telep\u00edt\u00e9s: K\u00f6nnyed\u00e9n friss\u00edtheti laptopja Wi-Fi-j\u00e9t egyszer\u0171 telep\u00edt\u00e9ssel, szakmai seg\u00edts\u00e9g n\u00e9lk\u00fcl.<\/li>\n<li>Kompatibilit\u00e1s: K\u00fcl\u00f6nf\u00e9le laptopmodellekkel kompatibilis a sokoldal\u00fas\u00e1g \u00e9s a k\u00e9nyelem \u00e9rdek\u00e9ben.<\/li>\n<li>Min\u0151s\u00e9gbiztos\u00edt\u00e1s: Biztos lehet benne, hogy egy kiv\u00e1l\u00f3 min\u0151s\u00e9g\u0171, eredeti Dell WiFi-k\u00e1rty\u00e1ba fektet be, amelyet a megb\u00edzhat\u00f3s\u00e1g \u00e9s a hossz\u00fa \u00e9lettartam \u00e9rdek\u00e9ben terveztek.<\/li>\n<\/ul>\n<p>Friss\u00edtse laptopja csatlakoztathat\u00f3s\u00e1g\u00e1t: Tapasztalja meg a tov\u00e1bbfejlesztett b\u00f6ng\u00e9sz\u00e9st, streamel\u00e9st \u00e9s termel\u00e9kenys\u00e9get a tov\u00e1bbfejlesztett WiFi-kapcsolat r\u00e9v\u00e9n. Ak\u00e1r otthon, ak\u00e1r az irod\u00e1ban van, vagy \u00fatk\u00f6zben, ez a WiFi k\u00e1rtya megb\u00edzhat\u00f3 vezet\u00e9k n\u00e9lk\u00fcli teljes\u00edtm\u00e9nyt biztos\u00edt laptopja sz\u00e1m\u00e1ra.<\/p>\n<p>Egyszer\u0171 telep\u00edt\u00e9s: K\u00f6nnyed\u00e9n friss\u00edtheti laptopja Wi-Fi-j\u00e9t egyszer\u0171 telep\u00edt\u00e9ssel, szakmai seg\u00edts\u00e9g n\u00e9lk\u00fcl. Csak plug and play, hogy percek alatt \u00e9lvezhesse a jobb csatlakoz\u00e1st.<\/p>\n<p>Min\u0151s\u00e9gbiztos\u00edt\u00e1s: Biztos lehet benne, hogy egy kiv\u00e1l\u00f3 min\u0151s\u00e9g\u0171, eredeti Dell WiFi-k\u00e1rty\u00e1ba fektet be, amelyet a megb\u00edzhat\u00f3s\u00e1g \u00e9s a hossz\u00fa \u00e9lettartam \u00e9rdek\u00e9ben terveztek. Minden v\u00e1s\u00e1rl\u00e1s val\u00f3di term\u00e9kfot\u00f3kat tartalmaz, amelyek t\u00fckr\u00f6zik az \u00e1tl\u00e1that\u00f3s\u00e1g \u00e9s az \u00fcgyfelek el\u00e9gedetts\u00e9ge ir\u00e1nti elk\u00f6telezetts\u00e9g\u00fcnket.<\/p>\n<p>Friss\u00edtse laptopj\u00e1t m\u00e9g ma az eredeti Dell DW1504 Broadcom BCM94313HMG2L Mini PCI-Express WLAN WiFi k\u00e1rty\u00e1val. V\u00e1s\u00e1roljon bizalommal, tudva, hogy laptopja min\u0151s\u00e9gi cserealkatr\u00e9sz\u00e9be fektet be. Ha k\u00e9rd\u00e9se van, vagy tov\u00e1bbi seg\u00edts\u00e9gre van sz\u00fcks\u00e9ge, ne habozzon kapcsolatba l\u00e9pni vel\u00fcnk. Az\u00e9rt vagyunk itt, hogy seg\u00edts\u00fcnk laptopja csatlakoztathat\u00f3s\u00e1g\u00e1nak jav\u00edt\u00e1s\u00e1ban.<\/p>\n","protected":false},"excerpt":{"rendered":"<p>B\u0151v\u00edtse laptopja csatlakoztathat\u00f3s\u00e1g\u00e1t ezzel az eredeti Dell DW1504 Broadcom BCM94313HMG2L Mini PCI-Express WLAN WiFi k\u00e1rty\u00e1val. \u00c9lvezze a megb\u00edzhat\u00f3 vezet\u00e9k n\u00e9lk\u00fcli teljes\u00edtm\u00e9nyt \u00e9s a z\u00f6kken\u0151mentes csatlakoz\u00e1st. Friss\u00edtse laptopja WiFi-j\u00e9t m\u00e9g ma!<\/p>\n","protected":false},"featured_media":7472,"template":"","meta":[],"product_brand":[],"product_cat":[27],"product_tag":[17],"class_list":{"0":"post-7412","1":"product","2":"type-product","3":"status-publish","4":"has-post-thumbnail","6":"product_cat-motherboards-board-parts","7":"product_tag-dell","9":"first","10":"instock","11":"taxable","12":"shipping-taxable","13":"purchasable","14":"product-type-simple"},"_links":{"self":[{"href":"https:\/\/boreait.com\/hu\/wp-json\/wp\/v2\/product\/7412","targetHints":{"allow":["GET"]}}],"collection":[{"href":"https:\/\/boreait.com\/hu\/wp-json\/wp\/v2\/product"}],"about":[{"href":"https:\/\/boreait.com\/hu\/wp-json\/wp\/v2\/types\/product"}],"wp:featuredmedia":[{"embeddable":true,"href":"https:\/\/boreait.com\/hu\/wp-json\/wp\/v2\/media\/7472"}],"wp:attachment":[{"href":"https:\/\/boreait.com\/hu\/wp-json\/wp\/v2\/media?parent=7412"}],"wp:term":[{"taxonomy":"product_brand","embeddable":true,"href":"https:\/\/boreait.com\/hu\/wp-json\/wp\/v2\/product_brand?post=7412"},{"taxonomy":"product_cat","embeddable":true,"href":"https:\/\/boreait.com\/hu\/wp-json\/wp\/v2\/product_cat?post=7412"},{"taxonomy":"product_tag","embeddable":true,"href":"https:\/\/boreait.com\/hu\/wp-json\/wp\/v2\/product_tag?post=7412"}],"curies":[{"name":"wp","href":"https:\/\/api.w.org\/{rel}","templated":true}]}}