{"id":7411,"date":"2025-09-17T11:50:39","date_gmt":"2025-09-17T09:50:39","guid":{"rendered":"https:\/\/boreait.com\/hu\/?post_type=product&#038;p=7411"},"modified":"2026-01-27T09:24:31","modified_gmt":"2026-01-27T08:24:31","slug":"eredeti-dell-latitude-e5530-kepernyokeret-tamogatas-ec0m1000400-ec0m1000300","status":"publish","type":"product","link":"https:\/\/boreait.com\/hu\/termek\/eredeti-dell-latitude-e5530-kepernyokeret-tamogatas-ec0m1000400-ec0m1000300\/","title":{"rendered":"Eredeti Dell Latitude E5530 k\u00e9perny\u0151keret t\u00e1mogat\u00e1s EC0M1000400 EC0M1000300"},"content":{"rendered":"<p>N\u00f6velje Dell Latitude E5530 laptopja k\u00e9perny\u0151j\u00e9nek tart\u00f3ss\u00e1g\u00e1t \u00e9s stabilit\u00e1s\u00e1t az EC0M1000400 \u00e9s EC0M1000300 cikksz\u00e1mokkal kompatibilis, eredeti k\u00e9perny\u0151tart\u00f3 t\u00e1mogat\u00e1ssal. A pontoss\u00e1g \u00e9s a megb\u00edzhat\u00f3s\u00e1g szem el\u0151tt tart\u00e1s\u00e1val k\u00e9sz\u00fclt, ez az eredeti cserealkatr\u00e9sz biztos\u00edtja, hogy k\u00e9perny\u0151je biztons\u00e1gosan a hely\u00e9n maradjon, \u00e9s tov\u00e1bbi v\u00e9delmet ny\u00fajt a s\u00e9r\u00fcl\u00e9sekkel szemben.<\/p>\n<p>F\u0151bb jellemz\u0151k:<\/p>\n<ul>\n<li>Eredeti Dell csere: A kompatibilit\u00e1s \u00e9s a megb\u00edzhat\u00f3s\u00e1g biztos\u00edt\u00e1sa hiteles cserealkatr\u00e9szekkel.<\/li>\n<li>Egyszer\u0171 telep\u00edt\u00e9s: Egyszer\u0171 telep\u00edt\u00e9ssel k\u00f6nnyed\u00e9n friss\u00edtheti laptopja k\u00e9perny\u0151-t\u00e1mogat\u00e1s\u00e1t, nincs sz\u00fcks\u00e9g szakmai seg\u00edts\u00e9gre.<\/li>\n<li>Tov\u00e1bbi tart\u00f3ss\u00e1g: v\u00e9dje meg laptopja k\u00e9perny\u0151j\u00e9t a s\u00e9r\u00fcl\u00e9sekt\u0151l, \u00e9s biztos\u00edtsa a stabilit\u00e1st ezzel a massz\u00edv konzoltart\u00f3val.<\/li>\n<\/ul>\n<p>Friss\u00edtse Dell Latitude E5530 laptopj\u00e1t m\u00e9g ma az eredeti k\u00e9perny\u0151keret t\u00e1mogat\u00e1ssal. V\u00e1s\u00e1roljon bizalommal, tudva, hogy laptopja min\u0151s\u00e9gi cserealkatr\u00e9sz\u00e9be fektet be. K\u00e9rj\u00fck, vegye figyelembe, hogy b\u00e1r r\u00e9szletes telep\u00edt\u00e9si utas\u00edt\u00e1sokat nem adunk meg, nyugodtan forduljon bizalommal, ha k\u00e9rd\u00e9se van, vagy seg\u00edts\u00e9gre van sz\u00fcks\u00e9ge. A list\u00e1n szerepl\u0151 val\u00f3di term\u00e9kfot\u00f3k pontosan le\u00edrj\u00e1k, hogy mit fog kapni, t\u00fckr\u00f6zve az \u00e1tl\u00e1that\u00f3s\u00e1g \u00e9s az \u00fcgyfelek el\u00e9gedetts\u00e9ge ir\u00e1nti elk\u00f6telezetts\u00e9g\u00fcnket. Ha k\u00e9rd\u00e9se van, vagy tov\u00e1bbi seg\u00edts\u00e9gre van sz\u00fcks\u00e9ge, ne habozzon kapcsolatba l\u00e9pni vel\u00fcnk. Az\u00e9rt vagyunk itt, hogy seg\u00edts\u00fcnk k\u00e9sz\u00fcl\u00e9ke tart\u00f3ss\u00e1g\u00e1nak n\u00f6vel\u00e9s\u00e9ben<\/p>\n","protected":false},"excerpt":{"rendered":"<p>Friss\u00edtse a Dell Latitude E5530 k\u00e9perny\u0151-t\u00e1mogat\u00e1s\u00e1t ezzel az eredeti k\u00e9perny\u0151keret-t\u00e1mogat\u00e1ssal. K\u00f6nnyen telep\u00edthet\u0151 \u00e9s kompatibilis az EC0M1000400 \u00e9s EC0M1000300 cikksz\u00e1mokkal. N\u00f6velje laptopja tart\u00f3ss\u00e1g\u00e1t m\u00e9g ma<\/p>\n","protected":false},"featured_media":7471,"template":"","meta":[],"product_brand":[],"product_cat":[16],"product_tag":[17],"class_list":{"0":"post-7411","1":"product","2":"type-product","3":"status-publish","4":"has-post-thumbnail","6":"product_cat-laptop-housing","7":"product_tag-dell","9":"first","10":"instock","11":"taxable","12":"shipping-taxable","13":"purchasable","14":"product-type-simple"},"_links":{"self":[{"href":"https:\/\/boreait.com\/hu\/wp-json\/wp\/v2\/product\/7411","targetHints":{"allow":["GET"]}}],"collection":[{"href":"https:\/\/boreait.com\/hu\/wp-json\/wp\/v2\/product"}],"about":[{"href":"https:\/\/boreait.com\/hu\/wp-json\/wp\/v2\/types\/product"}],"wp:featuredmedia":[{"embeddable":true,"href":"https:\/\/boreait.com\/hu\/wp-json\/wp\/v2\/media\/7471"}],"wp:attachment":[{"href":"https:\/\/boreait.com\/hu\/wp-json\/wp\/v2\/media?parent=7411"}],"wp:term":[{"taxonomy":"product_brand","embeddable":true,"href":"https:\/\/boreait.com\/hu\/wp-json\/wp\/v2\/product_brand?post=7411"},{"taxonomy":"product_cat","embeddable":true,"href":"https:\/\/boreait.com\/hu\/wp-json\/wp\/v2\/product_cat?post=7411"},{"taxonomy":"product_tag","embeddable":true,"href":"https:\/\/boreait.com\/hu\/wp-json\/wp\/v2\/product_tag?post=7411"}],"curies":[{"name":"wp","href":"https:\/\/api.w.org\/{rel}","templated":true}]}}