{"id":7410,"date":"2025-09-17T11:50:39","date_gmt":"2025-09-17T09:50:39","guid":{"rendered":"https:\/\/boreait.com\/hu\/?post_type=product&#038;p=7410"},"modified":"2026-01-27T09:24:17","modified_gmt":"2026-01-27T08:24:17","slug":"eredeti-dell-latitude-e5530-csere-merevlemez-meghajto-0dgj8m","status":"publish","type":"product","link":"https:\/\/boreait.com\/hu\/termek\/eredeti-dell-latitude-e5530-csere-merevlemez-meghajto-0dgj8m\/","title":{"rendered":"Eredeti Dell Latitude E5530 csere merevlemez-meghajt\u00f3 0DGJ8M"},"content":{"rendered":"<p>B\u0151v\u00edtse Dell Latitude E5530 laptopja t\u00e1rol\u00f3kapacit\u00e1s\u00e1t az eredeti cseremerevlemezes merevlemezes 0DGJ8M Caddy-vel. A kompatibilit\u00e1s \u00e9s a tart\u00f3ss\u00e1g jegy\u00e9ben k\u00e9sz\u00fclt ez az eredeti Dell cserealkatr\u00e9sz, amely lehet\u0151v\u00e9 teszi, hogy z\u00f6kken\u0151mentesen adjon hozz\u00e1 egy tov\u00e1bbi merevlemezt eszk\u00f6z\u00e9hez.<\/p>\n<p>F\u0151bb jellemz\u0151k:<\/p>\n<ul>\n<li>Eredeti Dell csere: A kompatibilit\u00e1s \u00e9s a megb\u00edzhat\u00f3s\u00e1g biztos\u00edt\u00e1sa hiteles cserealkatr\u00e9szekkel.<\/li>\n<li>Egyszer\u0171 telep\u00edt\u00e9s: Egyszer\u0171 telep\u00edt\u00e9ssel k\u00f6nnyed\u00e9n b\u0151v\u00edtheti laptopja t\u00e1rhely\u00e9t, nincs sz\u00fcks\u00e9g szakmai seg\u00edts\u00e9gre.<\/li>\n<li>B\u0151v\u00edtett t\u00e1rol\u00f3kapacit\u00e1s: B\u0151v\u00edtse Dell Latitude E5530 t\u00e1rol\u00e1si k\u00e9pess\u00e9geit egy tov\u00e1bbi merevlemezzel.<\/li>\n<li>Tart\u00f3s konstrukci\u00f3: A hossz\u00fa \u00e9lettartamra tervezett HDD-k\u00e1rtya megb\u00edzhat\u00f3 t\u00e1rhelyb\u0151v\u00edt\u00e9st biztos\u00edt laptopja sz\u00e1m\u00e1ra.<\/li>\n<\/ul>\n<p>B\u0151v\u00edtse laptopja t\u00e1rhely\u00e9t: Tapasztalja meg a megn\u00f6velt t\u00e1rol\u00e1si kapacit\u00e1st \u00e9s a rugalmass\u00e1got, ha tov\u00e1bbi merevlemezt ad a Dell Latitude E5530-hoz.<\/p>\n<p>Egyszer\u0171 telep\u00edt\u00e9s: Egyszer\u0171 telep\u00edt\u00e9ssel k\u00f6nnyed\u00e9n b\u0151v\u00edtheti laptopja t\u00e1rhely\u00e9t, nincs sz\u00fcks\u00e9g szakmai seg\u00edts\u00e9gre.<\/p>\n<p>Min\u0151s\u00e9gbiztos\u00edt\u00e1s: Biztos lehet benne, hogy egy kiv\u00e1l\u00f3 min\u0151s\u00e9g\u0171, eredeti Dell cserealkatr\u00e9szbe fektet be, amelyet a megb\u00edzhat\u00f3s\u00e1g \u00e9s a hossz\u00fa \u00e9lettartam \u00e9rdek\u00e9ben terveztek.<\/p>\n<p>K\u00e9rj\u00fck, vegye figyelembe, hogy b\u00e1r a r\u00e9szletes telep\u00edt\u00e9si utas\u00edt\u00e1sokat nem adjuk meg, nyugodtan forduljon hozz\u00e1nk, ha k\u00e9rd\u00e9se van, vagy seg\u00edts\u00e9gre van sz\u00fcks\u00e9ge. A list\u00e1n szerepl\u0151 val\u00f3di term\u00e9kfot\u00f3k pontosan le\u00edrj\u00e1k, hogy mit fog kapni, t\u00fckr\u00f6zve az \u00e1tl\u00e1that\u00f3s\u00e1g \u00e9s az \u00fcgyfelek el\u00e9gedetts\u00e9ge ir\u00e1nti elk\u00f6telezetts\u00e9g\u00fcnket.<\/p>\n<p>Friss\u00edtse Dell Latitude E5530 laptopj\u00e1t m\u00e9g ma az eredeti cseremerevlemezes merevlemezes Caddy 0DGJ8M seg\u00edts\u00e9g\u00e9vel. V\u00e1s\u00e1roljon bizalommal, tudva, hogy laptopja min\u0151s\u00e9gi cserealkatr\u00e9sz\u00e9be fektet be. Ha k\u00e9rd\u00e9se van, vagy tov\u00e1bbi seg\u00edts\u00e9gre van sz\u00fcks\u00e9ge, ne habozzon kapcsolatba l\u00e9pni vel\u00fcnk. Az\u00e9rt vagyunk itt, hogy seg\u00edts\u00fcnk eszk\u00f6ze t\u00e1rol\u00e1si k\u00e9pess\u00e9geinek b\u0151v\u00edt\u00e9s\u00e9ben.<\/p>\n","protected":false},"excerpt":{"rendered":"<p>Friss\u00edtse Dell Latitude E5530 k\u00e9sz\u00fcl\u00e9k\u00e9t ezzel az eredeti cseremerevlemezes 0DGJ8M HDD Caddy-vel. K\u00f6nnyen telep\u00edthet\u0151 \u00e9s kompatibilis a laptop modellj\u00e9vel, megb\u00edzhat\u00f3 t\u00e1rhelyb\u0151v\u00edt\u00e9st biztos\u00edt. N\u00f6velje laptopja t\u00e1rol\u00f3kapacit\u00e1s\u00e1t m\u00e9g ma!<\/p>\n","protected":false},"featured_media":7470,"template":"","meta":[],"product_brand":[],"product_cat":[16],"product_tag":[17],"class_list":{"0":"post-7410","1":"product","2":"type-product","3":"status-publish","4":"has-post-thumbnail","6":"product_cat-laptop-housing","7":"product_tag-dell","9":"first","10":"instock","11":"taxable","12":"shipping-taxable","13":"purchasable","14":"product-type-simple"},"_links":{"self":[{"href":"https:\/\/boreait.com\/hu\/wp-json\/wp\/v2\/product\/7410","targetHints":{"allow":["GET"]}}],"collection":[{"href":"https:\/\/boreait.com\/hu\/wp-json\/wp\/v2\/product"}],"about":[{"href":"https:\/\/boreait.com\/hu\/wp-json\/wp\/v2\/types\/product"}],"wp:featuredmedia":[{"embeddable":true,"href":"https:\/\/boreait.com\/hu\/wp-json\/wp\/v2\/media\/7470"}],"wp:attachment":[{"href":"https:\/\/boreait.com\/hu\/wp-json\/wp\/v2\/media?parent=7410"}],"wp:term":[{"taxonomy":"product_brand","embeddable":true,"href":"https:\/\/boreait.com\/hu\/wp-json\/wp\/v2\/product_brand?post=7410"},{"taxonomy":"product_cat","embeddable":true,"href":"https:\/\/boreait.com\/hu\/wp-json\/wp\/v2\/product_cat?post=7410"},{"taxonomy":"product_tag","embeddable":true,"href":"https:\/\/boreait.com\/hu\/wp-json\/wp\/v2\/product_tag?post=7410"}],"curies":[{"name":"wp","href":"https:\/\/api.w.org\/{rel}","templated":true}]}}