{"id":7409,"date":"2025-09-17T11:50:39","date_gmt":"2025-09-17T09:50:39","guid":{"rendered":"https:\/\/boreait.com\/hu\/?post_type=product&#038;p=7409"},"modified":"2026-01-27T09:24:02","modified_gmt":"2026-01-27T08:24:02","slug":"eredeti-dell-latitude-e5530-laptop-also-fedolap-ajto-hozzaferesi-panel-0k3kwk","status":"publish","type":"product","link":"https:\/\/boreait.com\/hu\/termek\/eredeti-dell-latitude-e5530-laptop-also-fedolap-ajto-hozzaferesi-panel-0k3kwk\/","title":{"rendered":"Eredeti Dell Latitude E5530 laptop als\u00f3 fed\u0151lap ajt\u00f3 hozz\u00e1f\u00e9r\u00e9si panel 0K3KWK"},"content":{"rendered":"<p>N\u00f6velje Dell Latitude E5530 laptopja hozz\u00e1f\u00e9rhet\u0151s\u00e9g\u00e9t \u00e9s tart\u00f3ss\u00e1g\u00e1t a 0K3KWK cikksz\u00e1m\u00fa, eredeti als\u00f3 alapfed\u00e9l ajt\u00f3 hozz\u00e1f\u00e9r\u00e9si panellel. A pontoss\u00e1g \u00e9s megb\u00edzhat\u00f3s\u00e1g szem el\u0151tt tart\u00e1s\u00e1val k\u00e9sz\u00fclt, ez az autentikus cserealkatr\u00e9sz nem csak a laptop hozz\u00e1f\u00e9rhet\u0151s\u00e9g\u00e9t jav\u00edtja, hanem tov\u00e1bbi v\u00e9delmet is ny\u00fajt a bels\u0151 alkatr\u00e9szeinek.<\/p>\n<p>F\u0151bb jellemz\u0151k:<\/p>\n<ul>\n<li>Eredeti Dell csere: A kompatibilit\u00e1s \u00e9s a megb\u00edzhat\u00f3s\u00e1g biztos\u00edt\u00e1sa hiteles cserealkatr\u00e9szekkel.<\/li>\n<li>Egyszer\u0171 telep\u00edt\u00e9s: K\u00f6nnyed\u00e9n friss\u00edtheti laptopja akad\u00e1lymentess\u00e9g\u00e9t az egyszer\u0171 telep\u00edt\u00e9ssel, nincs sz\u00fcks\u00e9g szakmai seg\u00edts\u00e9gre.<\/li>\n<li>Tov\u00e1bbfejlesztett kiseg\u00edt\u0151 lehet\u0151s\u00e9gek: egyszer\u0171s\u00edtse a hozz\u00e1f\u00e9r\u00e9st a Dell Latitude E5530 bels\u0151 \u00f6sszetev\u0151ihez karbantart\u00e1s vagy friss\u00edt\u00e9s c\u00e9lj\u00e1b\u00f3l.<\/li>\n<li>Tov\u00e1bbi v\u00e9delem: v\u00e9dje meg a bels\u0151 alkatr\u00e9szeket a port\u00f3l, t\u00f6rmel\u00e9kt\u0151l \u00e9s az esetleges s\u00e9r\u00fcl\u00e9sekt\u0151l ezzel az er\u0151s hozz\u00e1f\u00e9r\u00e9si panel bor\u00edt\u00e1s\u00e1val.<\/li>\n<\/ul>\n<p>Friss\u00edtse laptopja funkcionalit\u00e1s\u00e1t: Tapasztalja meg a jobb hozz\u00e1f\u00e9rhet\u0151s\u00e9get \u00e9s funkcionalit\u00e1st az\u00e1ltal, hogy jav\u00edtja laptopja bels\u0151 \u00f6sszetev\u0151ihez val\u00f3 hozz\u00e1f\u00e9r\u00e9s\u00e9t.<\/p>\n<p>Egyszer\u0171 telep\u00edt\u00e9s: K\u00f6nnyed\u00e9n friss\u00edtheti laptopja akad\u00e1lymentess\u00e9g\u00e9t az egyszer\u0171 telep\u00edt\u00e9ssel, nincs sz\u00fcks\u00e9g szakmai seg\u00edts\u00e9gre.<\/p>\n<p>Min\u0151s\u00e9gbiztos\u00edt\u00e1s: Biztos lehet benne, hogy egy kiv\u00e1l\u00f3 min\u0151s\u00e9g\u0171, eredeti Dell cserealkatr\u00e9szbe fektet be, amelyet a megb\u00edzhat\u00f3s\u00e1g \u00e9s a hossz\u00fa \u00e9lettartam \u00e9rdek\u00e9ben terveztek.<\/p>\n<p>K\u00e9rj\u00fck, vegye figyelembe, hogy b\u00e1r a r\u00e9szletes telep\u00edt\u00e9si utas\u00edt\u00e1sokat nem adjuk meg, nyugodtan forduljon hozz\u00e1nk, ha k\u00e9rd\u00e9se van, vagy seg\u00edts\u00e9gre van sz\u00fcks\u00e9ge. A list\u00e1n szerepl\u0151 val\u00f3di term\u00e9kfot\u00f3k pontosan le\u00edrj\u00e1k, hogy mit fog kapni, t\u00fckr\u00f6zve az \u00e1tl\u00e1that\u00f3s\u00e1g \u00e9s az \u00fcgyfelek el\u00e9gedetts\u00e9ge ir\u00e1nti elk\u00f6telezetts\u00e9g\u00fcnket.<\/p>\n<p>Friss\u00edtse Dell Latitude E5530 laptopj\u00e1t m\u00e9g ma az eredeti als\u00f3 alapfed\u00e9l ajt\u00f3-hozz\u00e1f\u00e9r\u00e9si panellel. V\u00e1s\u00e1roljon bizalommal, tudva, hogy laptopja min\u0151s\u00e9gi cserealkatr\u00e9sz\u00e9be fektet be. Ha k\u00e9rd\u00e9se van, vagy tov\u00e1bbi seg\u00edts\u00e9gre van sz\u00fcks\u00e9ge, ne habozzon kapcsolatba l\u00e9pni vel\u00fcnk. Az\u00e9rt vagyunk itt, hogy seg\u00edts\u00fcnk eszk\u00f6ze funkcionalit\u00e1s\u00e1nak jav\u00edt\u00e1s\u00e1ban.<\/p>\n","protected":false},"excerpt":{"rendered":"<p>N\u00f6velje Dell Latitude E5530 kiseg\u00edt\u0151 lehet\u0151s\u00e9geit ezzel az eredeti als\u00f3 alapfed\u00e9l ajt\u00f3 hozz\u00e1f\u00e9r\u00e9si panellel. K\u00f6nnyen telep\u00edthet\u0151 \u00e9s kompatibilis a 0K3KWK cikksz\u00e1mmal. Friss\u00edtse laptopja funkcionalit\u00e1s\u00e1t m\u00e9g ma!<\/p>\n","protected":false},"featured_media":7468,"template":"","meta":[],"product_brand":[],"product_cat":[16],"product_tag":[17],"class_list":{"0":"post-7409","1":"product","2":"type-product","3":"status-publish","4":"has-post-thumbnail","6":"product_cat-laptop-housing","7":"product_tag-dell","9":"first","10":"instock","11":"taxable","12":"shipping-taxable","13":"purchasable","14":"product-type-simple"},"_links":{"self":[{"href":"https:\/\/boreait.com\/hu\/wp-json\/wp\/v2\/product\/7409","targetHints":{"allow":["GET"]}}],"collection":[{"href":"https:\/\/boreait.com\/hu\/wp-json\/wp\/v2\/product"}],"about":[{"href":"https:\/\/boreait.com\/hu\/wp-json\/wp\/v2\/types\/product"}],"wp:featuredmedia":[{"embeddable":true,"href":"https:\/\/boreait.com\/hu\/wp-json\/wp\/v2\/media\/7468"}],"wp:attachment":[{"href":"https:\/\/boreait.com\/hu\/wp-json\/wp\/v2\/media?parent=7409"}],"wp:term":[{"taxonomy":"product_brand","embeddable":true,"href":"https:\/\/boreait.com\/hu\/wp-json\/wp\/v2\/product_brand?post=7409"},{"taxonomy":"product_cat","embeddable":true,"href":"https:\/\/boreait.com\/hu\/wp-json\/wp\/v2\/product_cat?post=7409"},{"taxonomy":"product_tag","embeddable":true,"href":"https:\/\/boreait.com\/hu\/wp-json\/wp\/v2\/product_tag?post=7409"}],"curies":[{"name":"wp","href":"https:\/\/api.w.org\/{rel}","templated":true}]}}