{"id":74,"date":"2025-09-17T09:21:17","date_gmt":"2025-09-17T07:21:17","guid":{"rendered":"https:\/\/boreait.com\/hu\/?post_type=product&#038;p=74"},"modified":"2025-09-17T09:22:03","modified_gmt":"2025-09-17T07:22:03","slug":"eredeti-lenovo-thinkpad-t460s-laptop-csuklotamasz-erintopad-nelkul-sm10h22112","status":"publish","type":"product","link":"https:\/\/boreait.com\/hu\/termek\/eredeti-lenovo-thinkpad-t460s-laptop-csuklotamasz-erintopad-nelkul-sm10h22112\/","title":{"rendered":"Eredeti Lenovo ThinkPad T460s laptop csukl\u00f3t\u00e1masz \u00e9rint\u0151pad n\u00e9lk\u00fcl SM10H22112"},"content":{"rendered":"<p><strong>A teny\u00e9rt\u00e1masz ugyanaz, mint az adatlapon szerepl\u0151 fot\u00f3n!<\/strong><\/p>\n<p>A Lenovo ThinkPad T460s laptop csukl\u00f3t\u00e1masz \u00e9rint\u0151pad n\u00e9lk\u00fcl SM10H22112 a Lenovo ThinkPad T460s laptop eredeti csukl\u00f3t\u00e1masz\u00e1nak cserealkatr\u00e9sze. Ezt a csukl\u00f3t\u00e1maszt \u00fagy tervezt\u00e9k, hogy t\u00f6k\u00e9letesen illeszkedjen a T460s laptop modellhez, \u00e9s nem tartalmaz \u00e9rint\u0151padot.<\/p>\n<p>A csukl\u00f3t\u00e1masz kiv\u00e1l\u00f3 min\u0151s\u00e9g\u0171 anyagokb\u00f3l k\u00e9sz\u00fclt, sima fel\u00fclete pedig k\u00e9nyelmesen pihenteti a tenyer\u00e9t g\u00e9pel\u00e9s k\u00f6zben. Fekete fel\u00fclettel rendelkezik, amely illeszkedik a T460s laptop sz\u00edns\u00e9m\u00e1j\u00e1hoz.<\/p>\n<p>A Lenovo ThinkPad T460s laptop csukl\u00f3t\u00e1masz \u00e9rint\u0151pad n\u00e9lk\u00fcl SM10H22112 k\u00f6nnyen felszerelhet\u0151, \u00e9s minden sz\u00fcks\u00e9ges csavarral \u00e9s konzollal egy\u00fctt sz\u00e1ll\u00edtjuk a biztons\u00e1gos r\u00f6gz\u00edt\u00e9shez. Ez a cserealkatr\u00e9sz ide\u00e1lis azoknak a felhaszn\u00e1l\u00f3knak, akik megs\u00e9r\u00fcltek vagy elhaszn\u00e1lt\u00e1k eredeti T460s laptop csukl\u00f3t\u00e1maszukat, \u00e9s szeretn\u00e9k vissza\u00e1ll\u00edtani a laptopot az eredeti \u00e1llapot\u00e1ba.<\/p>\n<p>\u00d6sszess\u00e9g\u00e9ben a Lenovo ThinkPad T460s laptop csukl\u00f3t\u00e1masz \u00e9rint\u0151pad n\u00e9lk\u00fcl SM10H22112 egy tart\u00f3s, kiv\u00e1l\u00f3 min\u0151s\u00e9g\u0171 cserealkatr\u00e9sz, amely k\u00e9nyelmes g\u00e9pel\u00e9st biztos\u00edt, \u00e9s z\u00f6kken\u0151mentesen integr\u00e1lhat\u00f3 a T460s laptophoz.<\/p>\n","protected":false},"excerpt":{"rendered":"<p>A Lenovo ThinkPad T460s laptop csukl\u00f3t\u00e1masz \u00e9rint\u0151pad n\u00e9lk\u00fcl SM10H22112 egy cserealkatr\u00e9sz, amelyet a T460s laptopmodellhez terveztek. Fekete fel\u00fclettel \u00e9s sima fel\u00fclettel rendelkezik a k\u00e9nyelmes g\u00e9pel\u00e9s \u00e9rdek\u00e9ben. Ez a kiv\u00e1l\u00f3 min\u0151s\u00e9g\u0171 csukl\u00f3t\u00e1masz k\u00f6nnyen felszerelhet\u0151, \u00e9s minden sz\u00fcks\u00e9ges csavarral \u00e9s konzollal rendelkezik.<\/p>\n","protected":false},"featured_media":121,"template":"","meta":[],"product_brand":[],"product_cat":[16],"product_tag":[25,26],"class_list":{"0":"post-74","1":"product","2":"type-product","3":"status-publish","4":"has-post-thumbnail","6":"product_cat-laptop-housing","7":"product_tag-hp","8":"product_tag-lenovo","10":"first","11":"instock","12":"taxable","13":"shipping-taxable","14":"purchasable","15":"product-type-simple"},"_links":{"self":[{"href":"https:\/\/boreait.com\/hu\/wp-json\/wp\/v2\/product\/74","targetHints":{"allow":["GET"]}}],"collection":[{"href":"https:\/\/boreait.com\/hu\/wp-json\/wp\/v2\/product"}],"about":[{"href":"https:\/\/boreait.com\/hu\/wp-json\/wp\/v2\/types\/product"}],"wp:featuredmedia":[{"embeddable":true,"href":"https:\/\/boreait.com\/hu\/wp-json\/wp\/v2\/media\/121"}],"wp:attachment":[{"href":"https:\/\/boreait.com\/hu\/wp-json\/wp\/v2\/media?parent=74"}],"wp:term":[{"taxonomy":"product_brand","embeddable":true,"href":"https:\/\/boreait.com\/hu\/wp-json\/wp\/v2\/product_brand?post=74"},{"taxonomy":"product_cat","embeddable":true,"href":"https:\/\/boreait.com\/hu\/wp-json\/wp\/v2\/product_cat?post=74"},{"taxonomy":"product_tag","embeddable":true,"href":"https:\/\/boreait.com\/hu\/wp-json\/wp\/v2\/product_tag?post=74"}],"curies":[{"name":"wp","href":"https:\/\/api.w.org\/{rel}","templated":true}]}}