{"id":7378,"date":"2025-09-17T11:50:14","date_gmt":"2025-09-17T09:50:14","guid":{"rendered":"https:\/\/boreait.com\/hu\/?post_type=product&#038;p=7378"},"modified":"2025-09-17T11:50:53","modified_gmt":"2025-09-17T09:50:53","slug":"dell-latitude-156-huvelykes-lcd-kijelzo-samsung-ltn156at28-gc4hy-0gc4hy-eredeti-cserealkatresz","status":"publish","type":"product","link":"https:\/\/boreait.com\/hu\/termek\/dell-latitude-156-huvelykes-lcd-kijelzo-samsung-ltn156at28-gc4hy-0gc4hy-eredeti-cserealkatresz\/","title":{"rendered":"Dell Latitude 15,6 h\u00fcvelykes LCD kijelz\u0151 Samsung LTN156AT28 GC4HY 0GC4HY Eredeti cserealkatr\u00e9sz"},"content":{"rendered":"<p>Fokozza Dell Latitude laptopja vizu\u00e1lis \u00e9lm\u00e9ny\u00e9t az eredeti Samsung LTN156AT28 LCD-k\u00e9perny\u0151vel, amely kompatibilis k\u00fcl\u00f6nf\u00e9le modellekkel, k\u00f6zt\u00fck a GC4HY 0GC4HY modellel. Ez a prec\u00edzen \u00e9s megb\u00edzhat\u00f3an kialak\u00edtott, hiteles cserealkatr\u00e9sz optim\u00e1lis megjelen\u00edt\u00e9si teljes\u00edtm\u00e9nyt biztos\u00edt minden sz\u00e1m\u00edt\u00e1stechnikai ig\u00e9ny\u00e9hez.<\/p>\n<p>F\u0151bb jellemz\u0151k:<\/p>\n<ul>\n<li>Eredeti Samsung csere: A hiteless\u00e9g \u00e9s a kompatibilit\u00e1s garant\u00e1lt a nyugalom \u00e9rdek\u00e9ben.<\/li>\n<li>\u00c9les l\u00e1tv\u00e1ny: \u00c9lvezze az \u00e9l\u00e9nk sz\u00edneket \u00e9s az \u00e9les r\u00e9szleteket ezzel a kiv\u00e1l\u00f3 min\u0151s\u00e9g\u0171 LCD-k\u00e9perny\u0151vel.<\/li>\n<li>K\u00f6nny\u0171 telep\u00edt\u00e9s: professzion\u00e1lis seg\u00edts\u00e9g n\u00e9lk\u00fcl, k\u00f6nnyed\u00e9n friss\u00edtheti laptopja kijelz\u0151j\u00e9t.<\/li>\n<li>Kompatibilit\u00e1s: Sokoldal\u00fa kompatibilit\u00e1s sz\u00e1mos Dell Latitude modellel a nagyobb k\u00e9nyelem \u00e9rdek\u00e9ben.<\/li>\n<li>Sz\u00e1ll\u00edt\u00e1s az eg\u00e9sz vil\u00e1gon: Gyors \u00e9s biztons\u00e1gos sz\u00e1ll\u00edt\u00e1s eg\u00e9sz Eur\u00f3p\u00e1ban \u00e9s vil\u00e1gszerte.<\/li>\n<\/ul>\n<p>K\u00e9rj\u00fck, vegye figyelembe, hogy b\u00e1r r\u00e9szletes telep\u00edt\u00e9si utas\u00edt\u00e1sokat nem adunk, nyugodtan forduljon hozz\u00e1nk, ha k\u00e9rd\u00e9se van, vagy seg\u00edts\u00e9gre van sz\u00fcks\u00e9ge. A list\u00e1n szerepl\u0151 val\u00f3di term\u00e9kfot\u00f3k pontosan le\u00edrj\u00e1k, hogy mit fog kapni, t\u00fckr\u00f6zve az \u00e1tl\u00e1that\u00f3s\u00e1g \u00e9s az \u00fcgyfelek el\u00e9gedetts\u00e9ge ir\u00e1nti elk\u00f6telezetts\u00e9g\u00fcnket.<\/p>\n<p>Friss\u00edtse Dell Latitude laptopja kijelz\u0151j\u00e9t m\u00e9g ma az eredeti Samsung LTN156AT28 LCD-k\u00e9perny\u0151vel. V\u00e1s\u00e1roljon magabiztosan, tudva, hogy min\u0151s\u00e9gi cser\u00e9be fektet be. Ha b\u00e1rmilyen k\u00e9rd\u00e9se van, vagy tov\u00e1bbi seg\u00edts\u00e9gre van sz\u00fcks\u00e9ge, ne habozzon kapcsolatba l\u00e9pni vel\u00fcnk. C\u00e9lunk, hogy seg\u00edts\u00fcnk \u00d6nnek maximaliz\u00e1lni laptopja lehet\u0151s\u00e9geit<\/p>\n","protected":false},"excerpt":{"rendered":"<p>Emelje fel Dell Latitude laptopja kijelz\u0151j\u00e9t ezzel az eredeti Samsung LTN156AT28 LCD k\u00e9perny\u0151vel. T\u00f6k\u00e9letes csere a s\u00e9r\u00fclt vagy hib\u00e1s k\u00e9perny\u0151kre, \u00e9les k\u00e9pet biztos\u00edtva. K\u00fcl\u00f6nf\u00e9le Dell Latitude modellekkel kompatibilis. Friss\u00edtse laptopja kijelz\u0151j\u00e9t m\u00e9g ma!<\/p>\n","protected":false},"featured_media":7439,"template":"","meta":[],"product_brand":[],"product_cat":[22,21],"product_tag":[17],"class_list":{"0":"post-7378","1":"product","2":"type-product","3":"status-publish","4":"has-post-thumbnail","6":"product_cat-15-6","7":"product_cat-laptop-screens-lcd-panels","8":"product_tag-dell","10":"first","11":"instock","12":"taxable","13":"shipping-taxable","14":"purchasable","15":"product-type-simple"},"_links":{"self":[{"href":"https:\/\/boreait.com\/hu\/wp-json\/wp\/v2\/product\/7378","targetHints":{"allow":["GET"]}}],"collection":[{"href":"https:\/\/boreait.com\/hu\/wp-json\/wp\/v2\/product"}],"about":[{"href":"https:\/\/boreait.com\/hu\/wp-json\/wp\/v2\/types\/product"}],"wp:featuredmedia":[{"embeddable":true,"href":"https:\/\/boreait.com\/hu\/wp-json\/wp\/v2\/media\/7439"}],"wp:attachment":[{"href":"https:\/\/boreait.com\/hu\/wp-json\/wp\/v2\/media?parent=7378"}],"wp:term":[{"taxonomy":"product_brand","embeddable":true,"href":"https:\/\/boreait.com\/hu\/wp-json\/wp\/v2\/product_brand?post=7378"},{"taxonomy":"product_cat","embeddable":true,"href":"https:\/\/boreait.com\/hu\/wp-json\/wp\/v2\/product_cat?post=7378"},{"taxonomy":"product_tag","embeddable":true,"href":"https:\/\/boreait.com\/hu\/wp-json\/wp\/v2\/product_tag?post=7378"}],"curies":[{"name":"wp","href":"https:\/\/api.w.org\/{rel}","templated":true}]}}