{"id":7377,"date":"2025-09-17T11:50:14","date_gmt":"2025-09-17T09:50:14","guid":{"rendered":"https:\/\/boreait.com\/hu\/?post_type=product&#038;p=7377"},"modified":"2026-01-27T09:22:11","modified_gmt":"2026-01-27T08:22:11","slug":"dell-latitude-e5430-e5530-e6320-e6230-e6220-e6330-e6430-webkamera-kamera-eredeti-cserealkatresz","status":"publish","type":"product","link":"https:\/\/boreait.com\/hu\/termek\/dell-latitude-e5430-e5530-e6320-e6230-e6220-e6330-e6430-webkamera-kamera-eredeti-cserealkatresz\/","title":{"rendered":"Dell Latitude E5430 E5530 E6320 E6230 E6220 E6330 E6430 webkamera kamera \u2013 Eredeti cserealkatr\u00e9sz"},"content":{"rendered":"<p>N\u00f6velje Dell Latitude laptopja videokonferencia k\u00e9pess\u00e9geit az E5430, E5530, E6320, E6230, E6220, E6330 \u00e9s E6430 modellekkel kompatibilis, eredeti webkamera-cserealkatr\u00e9szekkel. Ez a prec\u00edzen \u00e9s megb\u00edzhat\u00f3an kialak\u00edtott hiteles csere biztos\u00edtja az optim\u00e1lis teljes\u00edtm\u00e9nyt az \u00f6sszes videoh\u00edv\u00e1si \u00e9s konferencia-sz\u00fcks\u00e9glethez.<\/p>\n<p>F\u0151bb jellemz\u0151k:<\/p>\n<ul>\n<li>Eredeti Dell csere: Az eredetis\u00e9g \u00e9s a kompatibilit\u00e1s garant\u00e1lt, nyugalmat biztos\u00edtva.<\/li>\n<li>Egyszer\u0171 telep\u00edt\u00e9s: k\u00f6nnyed\u00e9n friss\u00edtheti laptopj\u00e1t szakmai seg\u00edts\u00e9g n\u00e9lk\u00fcl.<\/li>\n<li>Megb\u00edzhat\u00f3 teljes\u00edtm\u00e9ny: \u00c9lvezze az \u00e9les \u00e9s tiszta videoh\u00edv\u00e1sokat ezzel a kiv\u00e1l\u00f3 min\u0151s\u00e9g\u0171 webkamera kamer\u00e1val.<\/li>\n<li>Kompatibilit\u00e1s: Sokoldal\u00fa kompatibilit\u00e1s sz\u00e1mos Dell Latitude modellel a nagyobb k\u00e9nyelem \u00e9rdek\u00e9ben.<\/li>\n<li>Sz\u00e1ll\u00edt\u00e1s az eg\u00e9sz vil\u00e1gon: Gyors \u00e9s biztons\u00e1gos sz\u00e1ll\u00edt\u00e1s eg\u00e9sz Eur\u00f3p\u00e1ban \u00e9s vil\u00e1gszerte.<\/li>\n<\/ul>\n<p>K\u00e9rj\u00fck, vegye figyelembe, hogy b\u00e1r a r\u00e9szletes telep\u00edt\u00e9si utas\u00edt\u00e1sokat nem adjuk meg, nyugodtan forduljon hozz\u00e1nk, ha k\u00e9rd\u00e9se van, vagy seg\u00edts\u00e9gre van sz\u00fcks\u00e9ge. A list\u00e1n szerepl\u0151 val\u00f3di term\u00e9kfot\u00f3k pontosan le\u00edrj\u00e1k, hogy mit fog kapni, t\u00fckr\u00f6zve az \u00e1tl\u00e1that\u00f3s\u00e1g \u00e9s az \u00fcgyfelek el\u00e9gedetts\u00e9ge ir\u00e1nti elk\u00f6telezetts\u00e9g\u00fcnket.<\/p>\n<p>Friss\u00edtse Dell Latitude laptopj\u00e1t m\u00e9g ma az eredeti webkamera-cserealkatr\u00e9szrel. V\u00e1s\u00e1roljon magabiztosan, tudva, hogy min\u0151s\u00e9gi cser\u00e9be fektet be. Ha b\u00e1rmilyen k\u00e9rd\u00e9se van, vagy tov\u00e1bbi seg\u00edts\u00e9gre van sz\u00fcks\u00e9ge, ne habozzon kapcsolatba l\u00e9pni vel\u00fcnk. C\u00e9lunk, hogy seg\u00edts\u00fcnk \u00d6nnek maximaliz\u00e1lni laptopja lehet\u0151s\u00e9geit.<\/p>\n","protected":false},"excerpt":{"rendered":"<p>Friss\u00edtse Dell Latitude laptopja webkamer\u00e1j\u00e1t ezzel az eredeti cserekamer\u00e1val. Kompatibilis az E5430, E5530, E6320, E6230, E6220, E6330 \u00e9s E6430 modellekkel. K\u00f6nnyen telep\u00edthet\u0151, \u00e9s megb\u00edzhat\u00f3 teljes\u00edtm\u00e9nyt biztos\u00edt a videoh\u00edv\u00e1sokhoz.<\/p>\n","protected":false},"featured_media":7437,"template":"","meta":[],"product_brand":[],"product_cat":[27],"product_tag":[17],"class_list":{"0":"post-7377","1":"product","2":"type-product","3":"status-publish","4":"has-post-thumbnail","6":"product_cat-motherboards-board-parts","7":"product_tag-dell","9":"first","10":"instock","11":"taxable","12":"shipping-taxable","13":"purchasable","14":"product-type-simple"},"_links":{"self":[{"href":"https:\/\/boreait.com\/hu\/wp-json\/wp\/v2\/product\/7377","targetHints":{"allow":["GET"]}}],"collection":[{"href":"https:\/\/boreait.com\/hu\/wp-json\/wp\/v2\/product"}],"about":[{"href":"https:\/\/boreait.com\/hu\/wp-json\/wp\/v2\/types\/product"}],"wp:featuredmedia":[{"embeddable":true,"href":"https:\/\/boreait.com\/hu\/wp-json\/wp\/v2\/media\/7437"}],"wp:attachment":[{"href":"https:\/\/boreait.com\/hu\/wp-json\/wp\/v2\/media?parent=7377"}],"wp:term":[{"taxonomy":"product_brand","embeddable":true,"href":"https:\/\/boreait.com\/hu\/wp-json\/wp\/v2\/product_brand?post=7377"},{"taxonomy":"product_cat","embeddable":true,"href":"https:\/\/boreait.com\/hu\/wp-json\/wp\/v2\/product_cat?post=7377"},{"taxonomy":"product_tag","embeddable":true,"href":"https:\/\/boreait.com\/hu\/wp-json\/wp\/v2\/product_tag?post=7377"}],"curies":[{"name":"wp","href":"https:\/\/api.w.org\/{rel}","templated":true}]}}