{"id":7376,"date":"2025-09-17T11:50:14","date_gmt":"2025-09-17T09:50:14","guid":{"rendered":"https:\/\/boreait.com\/hu\/?post_type=product&#038;p=7376"},"modified":"2026-01-27T09:21:56","modified_gmt":"2026-01-27T08:21:56","slug":"dell-latitude-e5530-hdd-caddy-0dgj8m-cseretalca-eredeti-laptop-alkatreszek","status":"publish","type":"product","link":"https:\/\/boreait.com\/hu\/termek\/dell-latitude-e5530-hdd-caddy-0dgj8m-cseretalca-eredeti-laptop-alkatreszek\/","title":{"rendered":"Dell Latitude E5530 HDD Caddy 0DGJ8M cseret\u00e1lca \u2013 Eredeti laptop-alkatr\u00e9szek"},"content":{"rendered":"<p>N\u00f6velje Dell Latitude E5530 t\u00e1rol\u00e1si k\u00e9pess\u00e9geit az eredeti HDD Caddy 0DGJ8M cseret\u00e1lc\u00e1val. Ez a megb\u00edzhat\u00f3s\u00e1g \u00e9s kompatibilit\u00e1s jegy\u00e9ben kialak\u00edtott t\u00e1lca z\u00f6kken\u0151mentes integr\u00e1ci\u00f3t biztos\u00edt laptopj\u00e1val az optim\u00e1lis teljes\u00edtm\u00e9ny \u00e9rdek\u00e9ben.<\/p>\n<p><strong>F\u0151bb jellemz\u0151k:<\/strong><\/p>\n<ul>\n<li>Eredeti Dell csere: A hiteless\u00e9g \u00e9s a kompatibilit\u00e1s garant\u00e1lt a nyugalom \u00e9rdek\u00e9ben.<\/li>\n<li>Egyszer\u0171 telep\u00edt\u00e9s: k\u00f6nnyed\u00e9n b\u0151v\u00edtheti laptopja t\u00e1rhely\u00e9t szakmai seg\u00edts\u00e9g n\u00e9lk\u00fcl.<\/li>\n<li>Tov\u00e1bbfejlesztett t\u00e1rhely: B\u0151v\u00edtse laptopja t\u00e1rol\u00f3kapacit\u00e1s\u00e1t a nagyobb funkcionalit\u00e1s \u00e9s k\u00e9nyelem \u00e9rdek\u00e9ben.<\/li>\n<li>Kompatibilit\u00e1s: \u00dagy tervezt\u00e9k, hogy z\u00f6kken\u0151mentesen m\u0171k\u00f6dj\u00f6n egy\u00fctt a Dell Latitude E5530 k\u00e9sz\u00fcl\u00e9kkel a probl\u00e9mamentes telep\u00edt\u00e9s \u00e9rdek\u00e9ben.<\/li>\n<li>Sz\u00e1ll\u00edt\u00e1s az eg\u00e9sz vil\u00e1gon: Gyors \u00e9s biztons\u00e1gos sz\u00e1ll\u00edt\u00e1s eg\u00e9sz Eur\u00f3p\u00e1ban \u00e9s vil\u00e1gszerte.<\/li>\n<\/ul>\n<p><strong>Telep\u00edt\u00e9s:<\/strong><\/p>\n<p>K\u00e9rj\u00fck, vegye figyelembe, hogy b\u00e1r a r\u00e9szletes telep\u00edt\u00e9si utas\u00edt\u00e1sokat nem adjuk meg, nyugodtan forduljon hozz\u00e1nk, ha k\u00e9rd\u00e9se van, vagy seg\u00edts\u00e9gre van sz\u00fcks\u00e9ge. A list\u00e1n szerepl\u0151 val\u00f3di term\u00e9kfot\u00f3k pontosan le\u00edrj\u00e1k, hogy mit fog kapni, t\u00fckr\u00f6zve az \u00e1tl\u00e1that\u00f3s\u00e1g \u00e9s az \u00fcgyfelek el\u00e9gedetts\u00e9ge ir\u00e1nti elk\u00f6telezetts\u00e9g\u00fcnket.<\/p>\n<p>Friss\u00edtse Dell Latitude E5530 k\u00e9sz\u00fcl\u00e9k\u00e9t m\u00e9g ma a HDD Caddy 0DGJ8M cseret\u00e1lc\u00e1val. V\u00e1s\u00e1roljon magabiztosan, tudva, hogy min\u0151s\u00e9gi cserealkatr\u00e9szre fektet be. Ha b\u00e1rmilyen k\u00e9rd\u00e9se van, vagy tov\u00e1bbi seg\u00edts\u00e9gre van sz\u00fcks\u00e9ge, ne habozzon kapcsolatba l\u00e9pni vel\u00fcnk. C\u00e9lunk, hogy seg\u00edts\u00fcnk \u00d6nnek maximaliz\u00e1lni laptopja lehet\u0151s\u00e9geit.<\/p>\n","protected":false},"excerpt":{"rendered":"<p>Friss\u00edtse Dell Latitude E5530 k\u00e9sz\u00fcl\u00e9k\u00e9t ezzel az eredeti HDD Caddy 0DGJ8M cseret\u00e1lc\u00e1val. Az egyszer\u0171 telep\u00edt\u00e9s \u00e9s a kompatibilit\u00e1s t\u00f6k\u00e9letess\u00e9 teszi a t\u00e1rol\u00e1si k\u00e9pess\u00e9gek b\u0151v\u00edt\u00e9s\u00e9re. V\u00e1s\u00e1roljon most a z\u00f6kken\u0151mentes friss\u00edt\u00e9s\u00e9rt!<\/p>\n","protected":false},"featured_media":7435,"template":"","meta":[],"product_brand":[],"product_cat":[16],"product_tag":[17],"class_list":{"0":"post-7376","1":"product","2":"type-product","3":"status-publish","4":"has-post-thumbnail","6":"product_cat-laptop-housing","7":"product_tag-dell","9":"first","10":"instock","11":"taxable","12":"shipping-taxable","13":"purchasable","14":"product-type-simple"},"_links":{"self":[{"href":"https:\/\/boreait.com\/hu\/wp-json\/wp\/v2\/product\/7376","targetHints":{"allow":["GET"]}}],"collection":[{"href":"https:\/\/boreait.com\/hu\/wp-json\/wp\/v2\/product"}],"about":[{"href":"https:\/\/boreait.com\/hu\/wp-json\/wp\/v2\/types\/product"}],"wp:featuredmedia":[{"embeddable":true,"href":"https:\/\/boreait.com\/hu\/wp-json\/wp\/v2\/media\/7435"}],"wp:attachment":[{"href":"https:\/\/boreait.com\/hu\/wp-json\/wp\/v2\/media?parent=7376"}],"wp:term":[{"taxonomy":"product_brand","embeddable":true,"href":"https:\/\/boreait.com\/hu\/wp-json\/wp\/v2\/product_brand?post=7376"},{"taxonomy":"product_cat","embeddable":true,"href":"https:\/\/boreait.com\/hu\/wp-json\/wp\/v2\/product_cat?post=7376"},{"taxonomy":"product_tag","embeddable":true,"href":"https:\/\/boreait.com\/hu\/wp-json\/wp\/v2\/product_tag?post=7376"}],"curies":[{"name":"wp","href":"https:\/\/api.w.org\/{rel}","templated":true}]}}