{"id":7375,"date":"2025-09-17T11:50:13","date_gmt":"2025-09-17T09:50:13","guid":{"rendered":"https:\/\/boreait.com\/hu\/?post_type=product&#038;p=7375"},"modified":"2026-01-27T09:21:42","modified_gmt":"2026-01-27T08:21:42","slug":"dell-dw1504-vezetek-nelkuli-wifi-mini-pcie-kartya-broadcom-bcm94313hmg2l-eredeti-cserealkatresz","status":"publish","type":"product","link":"https:\/\/boreait.com\/hu\/termek\/dell-dw1504-vezetek-nelkuli-wifi-mini-pcie-kartya-broadcom-bcm94313hmg2l-eredeti-cserealkatresz\/","title":{"rendered":"Dell DW1504 vezet\u00e9k n\u00e9lk\u00fcli WiFi Mini PCIe k\u00e1rtya Broadcom BCM94313HMG2L \u2013 Eredeti cserealkatr\u00e9sz"},"content":{"rendered":"<p>Fokozza laptopja vezet\u00e9k n\u00e9lk\u00fcli kapcsolat\u00e1t a Dell DW1504 Wireless WiFi Mini PCIe k\u00e1rty\u00e1val, amely Broadcom BCM94313HMG2L lapkak\u00e9szlettel rendelkezik. Ez az eredeti cserealkatr\u00e9sz optim\u00e1lis teljes\u00edtm\u00e9nyt \u00e9s kompatibilit\u00e1st biztos\u00edt az \u00d6n sz\u00e1m\u00edt\u00e1stechnikai ig\u00e9nyeinek.<\/p>\n<p>F\u0151bb jellemz\u0151k:<\/p>\n<ul>\n<li>Eredeti Dell csere: A hiteless\u00e9g \u00e9s a megb\u00edzhat\u00f3s\u00e1g garant\u00e1lt a nyugalom \u00e9rdek\u00e9ben.<\/li>\n<li>K\u00f6nny\u0171 telep\u00edt\u00e9s: professzion\u00e1lis seg\u00edts\u00e9g n\u00e9lk\u00fcl, k\u00f6nnyed\u00e9n friss\u00edtheti laptopja vezet\u00e9k n\u00e9lk\u00fcli k\u00e9pess\u00e9geit.<\/li>\n<li>Megb\u00edzhat\u00f3 teljes\u00edtm\u00e9ny: \u00c9lvezze a stabil \u00e9s gyors vezet\u00e9k n\u00e9lk\u00fcli kapcsolatot a z\u00f6kken\u0151mentes b\u00f6ng\u00e9sz\u00e9s, streamel\u00e9s \u00e9s egyebek \u00e9rdek\u00e9ben.<\/li>\n<li>Kompatibilit\u00e1s: \u00dagy tervezt\u00e9k, hogy z\u00f6kken\u0151mentesen m\u0171k\u00f6dj\u00f6n k\u00fcl\u00f6nf\u00e9le laptopmodellekkel, sokoldal\u00fas\u00e1got biztos\u00edtva az \u00d6n ig\u00e9nyeinek.<\/li>\n<li>Sz\u00e1ll\u00edt\u00e1s az eg\u00e9sz vil\u00e1gon: Gyors \u00e9s biztons\u00e1gos sz\u00e1ll\u00edt\u00e1s eg\u00e9sz Eur\u00f3p\u00e1ban \u00e9s vil\u00e1gszerte.<\/li>\n<\/ul>\n<p>K\u00e9rj\u00fck, vegye figyelembe, hogy b\u00e1r a r\u00e9szletes telep\u00edt\u00e9si utas\u00edt\u00e1sokat nem adjuk meg, nyugodtan forduljon hozz\u00e1nk, ha k\u00e9rd\u00e9se van, vagy seg\u00edts\u00e9gre van sz\u00fcks\u00e9ge. A list\u00e1n szerepl\u0151 val\u00f3di term\u00e9kfot\u00f3k pontosan le\u00edrj\u00e1k, hogy mit fog kapni, t\u00fckr\u00f6zve az \u00e1tl\u00e1that\u00f3s\u00e1g \u00e9s az \u00fcgyfelek el\u00e9gedetts\u00e9ge ir\u00e1nti elk\u00f6telezetts\u00e9g\u00fcnket.<\/p>\n<p>Friss\u00edtse laptopja vezet\u00e9k n\u00e9lk\u00fcli kapcsolat\u00e1t m\u00e9g ma a Dell DW1504 vezet\u00e9k n\u00e9lk\u00fcli WiFi Mini PCIe k\u00e1rty\u00e1val. V\u00e1s\u00e1roljon magabiztosan, tudva, hogy min\u0151s\u00e9gi cserealkatr\u00e9szre fektet be. Ha b\u00e1rmilyen k\u00e9rd\u00e9se van, vagy tov\u00e1bbi seg\u00edts\u00e9gre van sz\u00fcks\u00e9ge, ne habozzon kapcsolatba l\u00e9pni vel\u00fcnk. C\u00e9lunk, hogy seg\u00edts\u00fcnk \u00d6nnek maximaliz\u00e1lni laptopja lehet\u0151s\u00e9geit.<\/p>\n","protected":false},"excerpt":{"rendered":"<p>N\u00f6velje laptopja csatlakoztathat\u00f3s\u00e1g\u00e1t az eredeti Dell DW1504 vezet\u00e9k n\u00e9lk\u00fcli WiFi Mini PCIe k\u00e1rty\u00e1val. K\u00f6nnyen telep\u00edthet\u0151 \u00e9s megb\u00edzhat\u00f3 teljes\u00edtm\u00e9nyt ny\u00fajt, t\u00f6k\u00e9letes cserealkatr\u00e9sz laptopja vezet\u00e9k n\u00e9lk\u00fcli k\u00e9pess\u00e9geinek b\u0151v\u00edt\u00e9s\u00e9hez. K\u00fcl\u00f6nf\u00e9le laptop modellekkel kompatibilis. Friss\u00edtsen most a z\u00f6kken\u0151mentes vezet\u00e9k n\u00e9lk\u00fcli kapcsolat\u00e9rt!<\/p>\n","protected":false},"featured_media":7433,"template":"","meta":[],"product_brand":[],"product_cat":[27],"product_tag":[17],"class_list":{"0":"post-7375","1":"product","2":"type-product","3":"status-publish","4":"has-post-thumbnail","6":"product_cat-motherboards-board-parts","7":"product_tag-dell","9":"first","10":"instock","11":"taxable","12":"shipping-taxable","13":"purchasable","14":"product-type-simple"},"_links":{"self":[{"href":"https:\/\/boreait.com\/hu\/wp-json\/wp\/v2\/product\/7375","targetHints":{"allow":["GET"]}}],"collection":[{"href":"https:\/\/boreait.com\/hu\/wp-json\/wp\/v2\/product"}],"about":[{"href":"https:\/\/boreait.com\/hu\/wp-json\/wp\/v2\/types\/product"}],"wp:featuredmedia":[{"embeddable":true,"href":"https:\/\/boreait.com\/hu\/wp-json\/wp\/v2\/media\/7433"}],"wp:attachment":[{"href":"https:\/\/boreait.com\/hu\/wp-json\/wp\/v2\/media?parent=7375"}],"wp:term":[{"taxonomy":"product_brand","embeddable":true,"href":"https:\/\/boreait.com\/hu\/wp-json\/wp\/v2\/product_brand?post=7375"},{"taxonomy":"product_cat","embeddable":true,"href":"https:\/\/boreait.com\/hu\/wp-json\/wp\/v2\/product_cat?post=7375"},{"taxonomy":"product_tag","embeddable":true,"href":"https:\/\/boreait.com\/hu\/wp-json\/wp\/v2\/product_tag?post=7375"}],"curies":[{"name":"wp","href":"https:\/\/api.w.org\/{rel}","templated":true}]}}