{"id":7360,"date":"2025-09-17T11:49:51","date_gmt":"2025-09-17T09:49:51","guid":{"rendered":"https:\/\/boreait.com\/hu\/?post_type=product&#038;p=7360"},"modified":"2026-01-27T09:21:28","modified_gmt":"2026-01-27T08:21:28","slug":"dell-latitude-e5530-bekapcsologomb-kartya-jpwr1-eredeti-cserealkatresz","status":"publish","type":"product","link":"https:\/\/boreait.com\/hu\/termek\/dell-latitude-e5530-bekapcsologomb-kartya-jpwr1-eredeti-cserealkatresz\/","title":{"rendered":"Dell Latitude E5530 bekapcsol\u00f3gomb-k\u00e1rtya JPWR1 \u2013 Eredeti cserealkatr\u00e9sz"},"content":{"rendered":"<p>Revitaliz\u00e1lja Dell Latitude E5530 k\u00e9sz\u00fcl\u00e9k\u00e9t az eredeti JPWR1 bekapcsol\u00f3gomb-k\u00e1rty\u00e1val, amelyet az energiaell\u00e1t\u00e1s helyre\u00e1ll\u00edt\u00e1s\u00e1ra \u00e9s a z\u00f6kken\u0151mentes teljes\u00edtm\u00e9ny biztos\u00edt\u00e1s\u00e1ra terveztek.<\/p>\n<p><strong>F\u0151bb jellemz\u0151k:<\/strong><\/p>\n<ul>\n<li>Eredeti Dell csere: A kompatibilit\u00e1s \u00e9s a megb\u00edzhat\u00f3s\u00e1g hiteless\u00e9ge garant\u00e1lt.<\/li>\n<li>Egyszer\u0171 telep\u00edt\u00e9s: K\u00f6nnyed\u00e9n cser\u00e9lje ki a bekapcsol\u00f3gomb-panelt szakmai seg\u00edts\u00e9g n\u00e9lk\u00fcl.<\/li>\n<li>Az energiaell\u00e1t\u00e1s vissza\u00e1ll\u00edt\u00e1sa: Az energiagazd\u00e1lkod\u00e1ssal kapcsolatos probl\u00e9m\u00e1k megold\u00e1sa \u00e9s a zavartalan m\u0171k\u00f6d\u00e9s biztos\u00edt\u00e1sa.<\/li>\n<li>Kompatibilit\u00e1s: Kifejezetten a Dell Latitude E5530-hoz tervezt\u00e9k, t\u00f6k\u00e9letes illeszked\u00e9st biztos\u00edtva.<\/li>\n<li>Sz\u00e1ll\u00edt\u00e1s az eg\u00e9sz vil\u00e1gon: Biztons\u00e1gos sz\u00e1ll\u00edt\u00e1s eg\u00e9sz Eur\u00f3p\u00e1ban \u00e9s vil\u00e1gszerte.<\/li>\n<\/ul>\n<p>K\u00e9rj\u00fck, vegye figyelembe, hogy b\u00e1r r\u00e9szletes telep\u00edt\u00e9si utas\u00edt\u00e1sokat nem adunk, nyugodtan forduljon hozz\u00e1nk, ha k\u00e9rd\u00e9se van, vagy seg\u00edts\u00e9gre van sz\u00fcks\u00e9ge. A list\u00e1n szerepl\u0151 val\u00f3di term\u00e9kfot\u00f3k pontosan le\u00edrj\u00e1k, hogy mit fog kapni, t\u00fckr\u00f6zve az \u00e1tl\u00e1that\u00f3s\u00e1g \u00e9s az \u00fcgyfelek el\u00e9gedetts\u00e9ge ir\u00e1nti elk\u00f6telezetts\u00e9g\u00fcnket.<\/p>\n<p>\u00dajra\u00e9lesztheti Dell Latitude E5530 k\u00e9sz\u00fcl\u00e9k\u00e9t a JPWR1 bekapcsol\u00f3gomb k\u00e1rty\u00e1val. V\u00e1s\u00e1roljon magabiztosan, tudva, hogy eredeti cserealkatr\u00e9szre fektet be. Ha b\u00e1rmilyen k\u00e9rd\u00e9se van, vagy tov\u00e1bbi seg\u00edts\u00e9gre van sz\u00fcks\u00e9ge, ne habozzon kapcsolatba l\u00e9pni vel\u00fcnk. C\u00e9lunk, hogy seg\u00edts\u00fcnk \u00d6nnek vissza\u00e1ll\u00edtani eszk\u00f6ze m\u0171k\u00f6d\u00e9s\u00e9t.<\/p>\n","protected":false},"excerpt":{"rendered":"<p>Cser\u00e9lje ki Dell Latitude E5530 bekapcsol\u00f3gombj\u00e1t az eredeti JPWR1 alkatr\u00e9szre. Egyszer\u0171 telep\u00edt\u00e9s az \u00e1ramell\u00e1t\u00e1s vissza\u00e1ll\u00edt\u00e1s\u00e1hoz. Biztos\u00edtsa a kompatibilit\u00e1st \u00e9s a megb\u00edzhat\u00f3 teljes\u00edtm\u00e9nyt. V\u00e1s\u00e1roljon most!<\/p>\n","protected":false},"featured_media":7431,"template":"","meta":[],"product_brand":[],"product_cat":[27],"product_tag":[17],"class_list":{"0":"post-7360","1":"product","2":"type-product","3":"status-publish","4":"has-post-thumbnail","6":"product_cat-motherboards-board-parts","7":"product_tag-dell","9":"first","10":"instock","11":"taxable","12":"shipping-taxable","13":"purchasable","14":"product-type-simple"},"_links":{"self":[{"href":"https:\/\/boreait.com\/hu\/wp-json\/wp\/v2\/product\/7360","targetHints":{"allow":["GET"]}}],"collection":[{"href":"https:\/\/boreait.com\/hu\/wp-json\/wp\/v2\/product"}],"about":[{"href":"https:\/\/boreait.com\/hu\/wp-json\/wp\/v2\/types\/product"}],"wp:featuredmedia":[{"embeddable":true,"href":"https:\/\/boreait.com\/hu\/wp-json\/wp\/v2\/media\/7431"}],"wp:attachment":[{"href":"https:\/\/boreait.com\/hu\/wp-json\/wp\/v2\/media?parent=7360"}],"wp:term":[{"taxonomy":"product_brand","embeddable":true,"href":"https:\/\/boreait.com\/hu\/wp-json\/wp\/v2\/product_brand?post=7360"},{"taxonomy":"product_cat","embeddable":true,"href":"https:\/\/boreait.com\/hu\/wp-json\/wp\/v2\/product_cat?post=7360"},{"taxonomy":"product_tag","embeddable":true,"href":"https:\/\/boreait.com\/hu\/wp-json\/wp\/v2\/product_tag?post=7360"}],"curies":[{"name":"wp","href":"https:\/\/api.w.org\/{rel}","templated":true}]}}