{"id":7359,"date":"2025-09-17T11:49:51","date_gmt":"2025-09-17T09:49:51","guid":{"rendered":"https:\/\/boreait.com\/hu\/?post_type=product&#038;p=7359"},"modified":"2026-01-27T09:21:13","modified_gmt":"2026-01-27T08:21:13","slug":"dell-latitude-e5530-kepernyokeret-tamogatas-ec0m1000400-ec0m1000300-eredeti-cserealkatreszek","status":"publish","type":"product","link":"https:\/\/boreait.com\/hu\/termek\/dell-latitude-e5530-kepernyokeret-tamogatas-ec0m1000400-ec0m1000300-eredeti-cserealkatreszek\/","title":{"rendered":"Dell Latitude E5530 k\u00e9perny\u0151keret-t\u00e1mogat\u00e1s EC0M1000400 EC0M1000300 \u2013 Eredeti cserealkatr\u00e9szek"},"content":{"rendered":"<p>N\u00f6velje Dell Latitude E5530 laptop k\u00e9perny\u0151j\u00e9nek stabilit\u00e1s\u00e1t \u00e9s tart\u00f3ss\u00e1g\u00e1t az eredeti Dell Latitude E5530 k\u00e9perny\u0151keret t\u00e1mogat\u00e1ssal, a cikksz\u00e1mok EC0M1000400 \u00e9s EC0M1000300. Ez a prec\u00edzen \u00e9s megb\u00edzhat\u00f3an kialak\u00edtott eredeti cserealkatr\u00e9sz garant\u00e1lja a laptop k\u00e9perny\u0151j\u00e9nek optim\u00e1lis t\u00e1mogat\u00e1s\u00e1t.<\/p>\n<p><strong>F\u0151bb jellemz\u0151k:<\/strong><\/p>\n<ul>\n<li>Eredeti Dell csere: A hiteless\u00e9g \u00e9s a kompatibilit\u00e1s garant\u00e1lt a nyugalom \u00e9rdek\u00e9ben.<\/li>\n<li>K\u00f6nny\u0171 telep\u00edt\u00e9s: k\u00f6nnyed\u00e9n friss\u00edtheti laptopja k\u00e9perny\u0151j\u00e9t szakmai seg\u00edts\u00e9g n\u00e9lk\u00fcl.<\/li>\n<li>Stabilit\u00e1s \u00e9s tart\u00f3ss\u00e1g: Gondoskodjon arr\u00f3l, hogy a k\u00e9perny\u0151 biztons\u00e1gosan a hely\u00e9n maradjon a megszak\u00edt\u00e1s n\u00e9lk\u00fcli haszn\u00e1lat \u00e9rdek\u00e9ben.<\/li>\n<li>Kompatibilit\u00e1s: Kifejezetten a Dell Latitude E5530 modellekhez tervezt\u00e9k, biztos\u00edtva a z\u00f6kken\u0151mentes integr\u00e1ci\u00f3t.<\/li>\n<li>Sz\u00e1ll\u00edt\u00e1s az eg\u00e9sz vil\u00e1gon: Gyors \u00e9s biztons\u00e1gos sz\u00e1ll\u00edt\u00e1s eg\u00e9sz Eur\u00f3p\u00e1ban \u00e9s vil\u00e1gszerte.<\/li>\n<\/ul>\n<p><strong>Telep\u00edt\u00e9s:<\/strong><\/p>\n<p>K\u00e9rj\u00fck, vegye figyelembe, hogy b\u00e1r r\u00e9szletes telep\u00edt\u00e9si utas\u00edt\u00e1sokat nem adunk, nyugodtan forduljon hozz\u00e1nk, ha k\u00e9rd\u00e9se van, vagy seg\u00edts\u00e9gre van sz\u00fcks\u00e9ge. A list\u00e1n szerepl\u0151 val\u00f3di term\u00e9kfot\u00f3k pontosan le\u00edrj\u00e1k, hogy mit fog kapni, t\u00fckr\u00f6zve az \u00e1tl\u00e1that\u00f3s\u00e1g \u00e9s az \u00fcgyfelek el\u00e9gedetts\u00e9ge ir\u00e1nti elk\u00f6telezetts\u00e9g\u00fcnket.<\/p>\n<p>Friss\u00edtse Dell Latitude E5530 laptopja k\u00e9perny\u0151j\u00e9t m\u00e9g ma a Dell Latitude E5530 k\u00e9perny\u0151tart\u00f3 t\u00e1mogat\u00e1s\u00e1val. V\u00e1s\u00e1roljon magabiztosan, tudva, hogy min\u0151s\u00e9gi cserealkatr\u00e9szre fektet be. Ha b\u00e1rmilyen k\u00e9rd\u00e9se van, vagy tov\u00e1bbi seg\u00edts\u00e9gre van sz\u00fcks\u00e9ge, ne habozzon kapcsolatba l\u00e9pni vel\u00fcnk. C\u00e9lunk, hogy seg\u00edts\u00fcnk \u00d6nnek maximaliz\u00e1lni laptopja lehet\u0151s\u00e9geit.<\/p>\n","protected":false},"excerpt":{"rendered":"<p>Friss\u00edtse Dell Latitude E5530 laptopj\u00e1t az eredeti Dell Latitude E5530 k\u00e9perny\u0151tart\u00f3 t\u00e1mogat\u00e1ssal. Ez az eredeti cserealkatr\u00e9sz stabilit\u00e1st \u00e9s tart\u00f3ss\u00e1got biztos\u00edt laptopja k\u00e9perny\u0151j\u00e9nek. K\u00f6nnyen telep\u00edthet\u0151 \u00e9s kompatibilis bizonyos Dell modellekkel. V\u00e1s\u00e1roljon most egy biztons\u00e1gos k\u00e9perny\u0151friss\u00edt\u00e9s\u00e9rt!<\/p>\n","protected":false},"featured_media":7430,"template":"","meta":[],"product_brand":[],"product_cat":[16],"product_tag":[17],"class_list":{"0":"post-7359","1":"product","2":"type-product","3":"status-publish","4":"has-post-thumbnail","6":"product_cat-laptop-housing","7":"product_tag-dell","9":"first","10":"instock","11":"taxable","12":"shipping-taxable","13":"purchasable","14":"product-type-simple"},"_links":{"self":[{"href":"https:\/\/boreait.com\/hu\/wp-json\/wp\/v2\/product\/7359","targetHints":{"allow":["GET"]}}],"collection":[{"href":"https:\/\/boreait.com\/hu\/wp-json\/wp\/v2\/product"}],"about":[{"href":"https:\/\/boreait.com\/hu\/wp-json\/wp\/v2\/types\/product"}],"wp:featuredmedia":[{"embeddable":true,"href":"https:\/\/boreait.com\/hu\/wp-json\/wp\/v2\/media\/7430"}],"wp:attachment":[{"href":"https:\/\/boreait.com\/hu\/wp-json\/wp\/v2\/media?parent=7359"}],"wp:term":[{"taxonomy":"product_brand","embeddable":true,"href":"https:\/\/boreait.com\/hu\/wp-json\/wp\/v2\/product_brand?post=7359"},{"taxonomy":"product_cat","embeddable":true,"href":"https:\/\/boreait.com\/hu\/wp-json\/wp\/v2\/product_cat?post=7359"},{"taxonomy":"product_tag","embeddable":true,"href":"https:\/\/boreait.com\/hu\/wp-json\/wp\/v2\/product_tag?post=7359"}],"curies":[{"name":"wp","href":"https:\/\/api.w.org\/{rel}","templated":true}]}}