{"id":7321,"date":"2025-09-17T11:49:27","date_gmt":"2025-09-17T09:49:27","guid":{"rendered":"https:\/\/boreait.com\/hu\/?post_type=product&#038;p=7321"},"modified":"2026-01-27T09:19:09","modified_gmt":"2026-01-27T08:19:09","slug":"intel-dual-band-wireless-ac-8265ngw-bluetooth-ngff-pn-851594-001-01ax704-laptop-alkatreszek","status":"publish","type":"product","link":"https:\/\/boreait.com\/hu\/termek\/intel-dual-band-wireless-ac-8265ngw-bluetooth-ngff-pn-851594-001-01ax704-laptop-alkatreszek\/","title":{"rendered":"Intel Dual Band Wireless-AC 8265NGW Bluetooth NGFF PN 851594-001 01AX704 Laptop alkatr\u00e9szek"},"content":{"rendered":"<p>Fokozza laptopja vezet\u00e9k n\u00e9lk\u00fcli k\u00e9pess\u00e9geit az Intel Dual Band Wireless-AC 8265NGW Bluetooth NGFF k\u00e1rty\u00e1val. Ez az eredeti P\/N 851594-001 01AX704 k\u00e1rtya nagy sebess\u00e9g\u0171 vezet\u00e9k n\u00e9lk\u00fcli kapcsolatot \u00e9s Bluetooth-k\u00e9pess\u00e9get k\u00edn\u00e1l, z\u00f6kken\u0151mentes integr\u00e1ci\u00f3t biztos\u00edtva az eszk\u00f6z\u00f6kkel.<\/p>\n<p><strong>A term\u00e9k jellemz\u0151i:<\/strong><\/p>\n<ul>\n<li><strong>Nagy sebess\u00e9g\u0171 vezet\u00e9k n\u00e9lk\u00fcli:<\/strong> Tapasztalja meg a vill\u00e1mgyors vezet\u00e9k n\u00e9lk\u00fcli internet sebess\u00e9g\u00e9t az Intel Dual Band Wireless-AC 8265NGW k\u00e1rty\u00e1val.<\/li>\n<li><strong>Bluetooth-kapcsolat:<\/strong> K\u00f6nnyed\u00e9n csatlakoztassa Bluetooth-kompatibilis eszk\u00f6zeit, bele\u00e9rtve a fejhallgat\u00f3t, a hangsz\u00f3r\u00f3kat \u00e9s az egereket.<\/li>\n<li><strong>Egyszer\u0171 telep\u00edt\u00e9s:<\/strong> Helyezze be az NGFF k\u00e1rty\u00e1t laptopja kompatibilis ny\u00edl\u00e1s\u00e1ba az azonnali vezet\u00e9k n\u00e9lk\u00fcli \u00e9s Bluetooth funkci\u00f3 el\u00e9r\u00e9s\u00e9hez.<\/li>\n<li><strong>Nemzetk\u00f6zi sz\u00e1ll\u00edt\u00e1s:<\/strong> vil\u00e1gszerte sz\u00e1ll\u00edthat\u00f3, \u00edgy az \u00fcgyfelek Eur\u00f3p\u00e1ban \u00e9s azon t\u00fal is \u00e9lvezhetik a tov\u00e1bbfejlesztett vezet\u00e9k n\u00e9lk\u00fcli kapcsolatot.<\/li>\n<li><strong>Hiteles term\u00e9k:<\/strong> A mell\u00e9kelt k\u00e9pek val\u00f3diak, \u00edgy egy\u00e9rtelm\u0171en \u00e1br\u00e1zolj\u00e1k a kapott term\u00e9ket.<\/li>\n<\/ul>\n<p><strong>Megjegyz\u00e9s a vev\u0151knek:<\/strong> B\u00e1r a r\u00e9szletes telep\u00edt\u00e9si utas\u00edt\u00e1sokat nem tartalmazza, az\u00e9rt vagyunk itt, hogy seg\u00edts\u00fcnk b\u00e1rmilyen k\u00e9rd\u00e9se vagy agg\u00e1lya eset\u00e9n. Ne habozzon kapcsolatba l\u00e9pni vel\u00fcnk a telep\u00edt\u00e9si folyamat sor\u00e1n ny\u00fajtott t\u00e1mogat\u00e1s\u00e9rt.<\/p>\n<p>Friss\u00edtse laptopja vezet\u00e9k n\u00e9lk\u00fcli k\u00e9pess\u00e9geit m\u00e9g ma az Intel Dual Band Wireless-AC 8265NGW Bluetooth NGFF k\u00e1rty\u00e1val. Rendeljen most, \u00e9s \u00e9lvezze eszk\u00f6ze gyors, megb\u00edzhat\u00f3 \u00e9s z\u00f6kken\u0151mentes vezet\u00e9k n\u00e9lk\u00fcli kapcsolat\u00e1t. Az \u00d6n el\u00e9gedetts\u00e9ge sz\u00e1munkra a legfontosabb.<\/p>\n","protected":false},"excerpt":{"rendered":"<p>B\u0151v\u00edtse laptopja vezet\u00e9k n\u00e9lk\u00fcli kapcsolat\u00e1t az Intel Dual Band Wireless-AC 8265NGW Bluetooth NGFF k\u00e1rty\u00e1val. Eredeti P\/N 851594-001 01AX704, ez a k\u00e1rtya gyors \u00e9s megb\u00edzhat\u00f3 vezet\u00e9k n\u00e9lk\u00fcli teljes\u00edtm\u00e9nyt biztos\u00edt eszk\u00f6ze sz\u00e1m\u00e1ra.<\/p>\n","protected":false},"featured_media":7391,"template":"","meta":[],"product_brand":[],"product_cat":[27],"product_tag":[],"class_list":{"0":"post-7321","1":"product","2":"type-product","3":"status-publish","4":"has-post-thumbnail","6":"product_cat-motherboards-board-parts","8":"first","9":"instock","10":"taxable","11":"shipping-taxable","12":"purchasable","13":"product-type-simple"},"_links":{"self":[{"href":"https:\/\/boreait.com\/hu\/wp-json\/wp\/v2\/product\/7321","targetHints":{"allow":["GET"]}}],"collection":[{"href":"https:\/\/boreait.com\/hu\/wp-json\/wp\/v2\/product"}],"about":[{"href":"https:\/\/boreait.com\/hu\/wp-json\/wp\/v2\/types\/product"}],"wp:featuredmedia":[{"embeddable":true,"href":"https:\/\/boreait.com\/hu\/wp-json\/wp\/v2\/media\/7391"}],"wp:attachment":[{"href":"https:\/\/boreait.com\/hu\/wp-json\/wp\/v2\/media?parent=7321"}],"wp:term":[{"taxonomy":"product_brand","embeddable":true,"href":"https:\/\/boreait.com\/hu\/wp-json\/wp\/v2\/product_brand?post=7321"},{"taxonomy":"product_cat","embeddable":true,"href":"https:\/\/boreait.com\/hu\/wp-json\/wp\/v2\/product_cat?post=7321"},{"taxonomy":"product_tag","embeddable":true,"href":"https:\/\/boreait.com\/hu\/wp-json\/wp\/v2\/product_tag?post=7321"}],"curies":[{"name":"wp","href":"https:\/\/api.w.org\/{rel}","templated":true}]}}