{"id":73,"date":"2025-09-17T09:21:17","date_gmt":"2025-09-17T07:21:17","guid":{"rendered":"https:\/\/boreait.com\/hu\/?post_type=product&#038;p=73"},"modified":"2025-09-17T09:22:01","modified_gmt":"2025-09-17T07:22:01","slug":"eredeti-lenovo-thinkpad-t460s-laptop-csuklotamasz-sm10h22112-erintopaddal","status":"publish","type":"product","link":"https:\/\/boreait.com\/hu\/termek\/eredeti-lenovo-thinkpad-t460s-laptop-csuklotamasz-sm10h22112-erintopaddal\/","title":{"rendered":"Eredeti Lenovo ThinkPad T460s laptop csukl\u00f3t\u00e1masz SM10H22112 \u00e9rint\u0151paddal"},"content":{"rendered":"<p><strong>Ugyanaz a term\u00e9k, mint az adatlapon szerepl\u0151 fot\u00f3n!<\/strong><\/p>\n<p>Az eredeti Lenovo ThinkPad T460s laptop csukl\u00f3t\u00e1masz SM10H22112 \u00e9rint\u0151paddal a Lenovo ThinkPad T460s laptop fels\u0151 bor\u00edt\u00f3j\u00e1nak cserealkatr\u00e9sze. Tartalmaz egy \u00e9rint\u0151padot \u00e9s csukl\u00f3t\u00e1maszt, \u00edgy k\u00e9nyelmes \u00e9s k\u00e9nyelmes felhaszn\u00e1l\u00f3i \u00e9lm\u00e9nyt ny\u00fajt.<\/p>\n<p>A csukl\u00f3t\u00e1masz strapab\u00edr\u00f3 anyagokb\u00f3l k\u00e9sz\u00fclt, \u00e9s sima, k\u00e9nyelmes fel\u00fclettel rendelkezik, amelyen a felhaszn\u00e1l\u00f3 tenyere pihenhet g\u00e9pel\u00e9s k\u00f6zben. Az \u00e9rint\u0151pad is kiv\u00e1l\u00f3 min\u0151s\u00e9g\u0171, \u00e9s prec\u00edzen vez\u00e9rli a laptop kurzor\u00e1t.<\/p>\n<p>Ez a cserealkatr\u00e9sz eredeti Lenovo term\u00e9k, kor\u00e1bban haszn\u00e1lt, de j\u00f3 \u00e1llapotban van. \u00dagy tervezt\u00e9k, hogy t\u00f6k\u00e9letesen illeszkedjen a ThinkPad T460s laptophoz, biztos\u00edtva a z\u00f6kken\u0151mentes \u00e9s egyszer\u0171 telep\u00edt\u00e9st.<\/p>\n<p>\u00d6sszess\u00e9g\u00e9ben az eredeti Lenovo ThinkPad T460s laptop csukl\u00f3t\u00e1masz SM10H22112 \u00e9rint\u0151paddal a ThinkPad T460s laptop megfelel\u0151 m\u0171k\u00f6d\u00e9s\u00e9nek \u00e9s felhaszn\u00e1l\u00f3i \u00e9lm\u00e9ny\u00e9nek alapvet\u0151 \u00f6sszetev\u0151je.<\/p>\n","protected":false},"excerpt":{"rendered":"<p>Az eredeti Lenovo ThinkPad T460s laptop csukl\u00f3t\u00e1masz SM10H22112 \u00e9rint\u0151paddal a Lenovo ThinkPad T460s laptop fels\u0151 bor\u00edt\u00f3j\u00e1nak cserealkatr\u00e9sze. K\u00e9nyelmes csukl\u00f3t\u00e1masz \u00e9s kiv\u00e1l\u00f3 min\u0151s\u00e9g\u0171 \u00e9rint\u0151pad tal\u00e1lhat\u00f3 a kurzor prec\u00edz vez\u00e9rl\u00e9s\u00e9hez. Ezt az eredeti Lenovo term\u00e9ket \u00fagy tervezt\u00e9k, hogy t\u00f6k\u00e9letesen illeszkedjen a ThinkPad T460s laptophoz, \u00e9s tart\u00f3s anyagokb\u00f3l k\u00e9sz\u00fclt.<\/p>\n","protected":false},"featured_media":119,"template":"","meta":[],"product_brand":[],"product_cat":[16],"product_tag":[25,26],"class_list":{"0":"post-73","1":"product","2":"type-product","3":"status-publish","4":"has-post-thumbnail","6":"product_cat-laptop-housing","7":"product_tag-hp","8":"product_tag-lenovo","10":"first","11":"instock","12":"taxable","13":"shipping-taxable","14":"purchasable","15":"product-type-simple"},"_links":{"self":[{"href":"https:\/\/boreait.com\/hu\/wp-json\/wp\/v2\/product\/73","targetHints":{"allow":["GET"]}}],"collection":[{"href":"https:\/\/boreait.com\/hu\/wp-json\/wp\/v2\/product"}],"about":[{"href":"https:\/\/boreait.com\/hu\/wp-json\/wp\/v2\/types\/product"}],"wp:featuredmedia":[{"embeddable":true,"href":"https:\/\/boreait.com\/hu\/wp-json\/wp\/v2\/media\/119"}],"wp:attachment":[{"href":"https:\/\/boreait.com\/hu\/wp-json\/wp\/v2\/media?parent=73"}],"wp:term":[{"taxonomy":"product_brand","embeddable":true,"href":"https:\/\/boreait.com\/hu\/wp-json\/wp\/v2\/product_brand?post=73"},{"taxonomy":"product_cat","embeddable":true,"href":"https:\/\/boreait.com\/hu\/wp-json\/wp\/v2\/product_cat?post=73"},{"taxonomy":"product_tag","embeddable":true,"href":"https:\/\/boreait.com\/hu\/wp-json\/wp\/v2\/product_tag?post=73"}],"curies":[{"name":"wp","href":"https:\/\/api.w.org\/{rel}","templated":true}]}}