{"id":7287,"date":"2025-09-17T11:49:04","date_gmt":"2025-09-17T09:49:04","guid":{"rendered":"https:\/\/boreait.com\/hu\/?post_type=product&#038;p=7287"},"modified":"2026-01-27T09:18:13","modified_gmt":"2026-01-27T08:18:13","slug":"kingston-2-gb-pc3l-12800s-laptop-ram-acr16d3lfs1kbg2g-1rx16-memoriabovites","status":"publish","type":"product","link":"https:\/\/boreait.com\/hu\/termek\/kingston-2-gb-pc3l-12800s-laptop-ram-acr16d3lfs1kbg2g-1rx16-memoriabovites\/","title":{"rendered":"Kingston 2 GB PC3L-12800S laptop RAM ACR16D3LFS1KBG2G 1Rx16 mem\u00f3riab\u0151v\u00edt\u00e9s"},"content":{"rendered":"<p>N\u00f6velje sz\u00e1m\u00edt\u00e1stechnikai \u00e9lm\u00e9ny\u00e9t a Kingston 2 GB-os PC3L-12800S laptop mem\u00f3riak\u00e1rty\u00e1val. Ezt a kiv\u00e1l\u00f3 min\u0151s\u00e9g\u0171 mem\u00f3riab\u0151v\u00edt\u00e9st \u00fagy tervezt\u00e9k, hogy n\u00f6velje laptopja sebess\u00e9g\u00e9t \u00e9s hat\u00e9konys\u00e1g\u00e1t, sim\u00e1bb\u00e1 t\u00e9ve a t\u00f6bbfeladatos munk\u00e1t \u00e9s cs\u00f6kkentse a k\u00e9s\u00e9st.<\/p>\n<p><strong>F\u0151bb jellemz\u0151k:<\/strong><\/p>\n<ul>\n<li><strong>Modell:<\/strong> ACR16D3LFS1KBG2G, amely a laptopok sz\u00e9les v\u00e1laszt\u00e9k\u00e1val biztos\u00edtja a kompatibilit\u00e1st.<\/li>\n<li><strong>Kapacit\u00e1s:<\/strong> 2 GB, amely elegend\u0151 helyet biztos\u00edt t\u00f6bb alkalmaz\u00e1s egyidej\u0171 futtat\u00e1s\u00e1hoz, lassul\u00e1s n\u00e9lk\u00fcl.<\/li>\n<li><strong>Sebess\u00e9g:<\/strong> PC3L-12800S, amely gyors adat\u00e1tviteli sebess\u00e9get biztos\u00edt a rendszer \u00e1ltal\u00e1nos v\u00e1laszk\u00e9szs\u00e9g\u00e9nek jav\u00edt\u00e1sa \u00e9rdek\u00e9ben.<\/li>\n<li><strong>T\u00edpus:<\/strong> 1Rx16, optim\u00e1lis megb\u00edzhat\u00f3s\u00e1gra \u00e9s teljes\u00edtm\u00e9nyre tervezve.<\/li>\n<li><strong>Fesz\u00fclts\u00e9g:<\/strong> Alacsony fesz\u00fclts\u00e9g\u0171 m\u0171k\u00f6d\u00e9s a jobb energiahat\u00e9konys\u00e1g \u00e9rdek\u00e9ben a teljes\u00edtm\u00e9ny cs\u00f6kken\u00e9se n\u00e9lk\u00fcl.<\/li>\n<\/ul>\n<p>A laptopj\u00e1nak a Kingston 2 GB-os mem\u00f3riamodullal t\u00f6rt\u00e9n\u0151 b\u0151v\u00edt\u00e9se k\u00f6lts\u00e9ghat\u00e9kony m\u00f3dja annak, hogy meghosszabb\u00edts\u00e1k \u00e9lettartam\u00e1t \u00e9s jav\u00edts\u00e1k a teljes\u00edtm\u00e9nyt. Ak\u00e1r intenz\u00edv alkalmaz\u00e1sokkal dolgozik, ak\u00e1r az interneten b\u00f6ng\u00e9szik, ak\u00e1r multim\u00e9di\u00e1s tartalmakat j\u00e1tszik le, ez a RAM \u00e9szrevehet\u0151en megn\u00f6veli a reakci\u00f3k\u00e9szs\u00e9get \u00e9s a sebess\u00e9get.<\/p>\n<p>Ha seg\u00edts\u00e9gre van sz\u00fcks\u00e9ge, vagy k\u00e9rd\u00e9se van a kompatibilit\u00e1ssal vagy a telep\u00edt\u00e9ssel kapcsolatban, nyugodtan \u00edrjon nek\u00fcnk. R\u00e1ad\u00e1sul biztos lehet benne, hogy a list\u00e1n szerepl\u0151 k\u00e9pek a t\u00e9nylegesen megkapott mem\u00f3riamodulr\u00f3l k\u00e9sz\u00fcltek, ami garant\u00e1lja a v\u00e1s\u00e1rl\u00e1s hiteless\u00e9g\u00e9t.<\/p>\n<p>Ez a mem\u00f3riamodul t\u00f6k\u00e9letes azoknak a felhaszn\u00e1l\u00f3knak, akik laptopjuk teljes\u00edtm\u00e9ny\u00e9t szeretn\u00e9k jav\u00edtani an\u00e9lk\u00fcl, hogy teljes rendszerfel\u00faj\u00edt\u00e1sra lenne sz\u00fcks\u00e9g\u00fck. Friss\u00edtsen a Kingston 2 GB-os PC3L-12800S laptop mem\u00f3riak\u00e1rty\u00e1j\u00e1ra m\u00e9g ma, \u00e9s \u00e9lvezze a g\u00f6rd\u00fcl\u00e9kenyebb, gyorsabb sz\u00e1m\u00edt\u00e1si \u00e9lm\u00e9nyt.<\/p>\n","protected":false},"excerpt":{"rendered":"<p>N\u00f6velje laptopja teljes\u00edtm\u00e9ny\u00e9t a Kingston 2 GB-os PC3L-12800S mem\u00f3riamodulj\u00e1val. A kompatibilit\u00e1sra \u00e9s megb\u00edzhat\u00f3s\u00e1gra tervezett RAM-b\u0151v\u00edt\u00e9s sim\u00e1bb \u00e9s gyorsabb alkalmaz\u00e1steljes\u00edtm\u00e9nyt biztos\u00edt. Ide\u00e1lis t\u00f6bbfeladatos munkav\u00e9gz\u00e9shez \u00e9s laptopja \u00e9rz\u00e9kenys\u00e9g\u00e9nek jav\u00edt\u00e1s\u00e1hoz.<\/p>\n","protected":false},"featured_media":7346,"template":"","meta":[],"product_brand":[],"product_cat":[37,36],"product_tag":[],"class_list":{"0":"post-7287","1":"product","2":"type-product","3":"status-publish","4":"has-post-thumbnail","6":"product_cat-ddr3-ddr3l","7":"product_cat-ram-memory","9":"first","10":"instock","11":"taxable","12":"shipping-taxable","13":"purchasable","14":"product-type-simple"},"_links":{"self":[{"href":"https:\/\/boreait.com\/hu\/wp-json\/wp\/v2\/product\/7287","targetHints":{"allow":["GET"]}}],"collection":[{"href":"https:\/\/boreait.com\/hu\/wp-json\/wp\/v2\/product"}],"about":[{"href":"https:\/\/boreait.com\/hu\/wp-json\/wp\/v2\/types\/product"}],"wp:featuredmedia":[{"embeddable":true,"href":"https:\/\/boreait.com\/hu\/wp-json\/wp\/v2\/media\/7346"}],"wp:attachment":[{"href":"https:\/\/boreait.com\/hu\/wp-json\/wp\/v2\/media?parent=7287"}],"wp:term":[{"taxonomy":"product_brand","embeddable":true,"href":"https:\/\/boreait.com\/hu\/wp-json\/wp\/v2\/product_brand?post=7287"},{"taxonomy":"product_cat","embeddable":true,"href":"https:\/\/boreait.com\/hu\/wp-json\/wp\/v2\/product_cat?post=7287"},{"taxonomy":"product_tag","embeddable":true,"href":"https:\/\/boreait.com\/hu\/wp-json\/wp\/v2\/product_tag?post=7287"}],"curies":[{"name":"wp","href":"https:\/\/api.w.org\/{rel}","templated":true}]}}