{"id":7285,"date":"2025-09-17T11:49:04","date_gmt":"2025-09-17T09:49:04","guid":{"rendered":"https:\/\/boreait.com\/hu\/?post_type=product&#038;p=7285"},"modified":"2025-09-17T11:49:45","modified_gmt":"2025-09-17T09:49:45","slug":"eredeti-laptop-erintopad-lenovo-thinkpad-e480-e580-r480-01lv527","status":"publish","type":"product","link":"https:\/\/boreait.com\/hu\/termek\/eredeti-laptop-erintopad-lenovo-thinkpad-e480-e580-r480-01lv527\/","title":{"rendered":"Eredeti laptop \u00e9rint\u0151pad Lenovo ThinkPad E480 E580 R480 &#8211; 01LV527"},"content":{"rendered":"<p>Friss\u00edtse a Lenovo ThinkPad E480, E580 vagy R480 \u00e9rint\u0151padj\u00e1t ezzel az eredeti laptop \u00e9rint\u0151pad cser\u00e9vel. A prec\u00edz navig\u00e1ci\u00f3t \u00e9s a z\u00f6kken\u0151mentes m\u0171k\u00f6d\u00e9st biztos\u00edt\u00f3 trackpad z\u00f6kken\u0151mentes felhaszn\u00e1l\u00f3i \u00e9lm\u00e9nyt biztos\u00edt.<\/p>\n<p><strong>F\u0151bb jellemz\u0151k:<\/strong><\/p>\n<ul>\n<li>Eredeti Lenovo csere: Biztos\u00edtsa a kompatibilit\u00e1st \u00e9s a megb\u00edzhat\u00f3s\u00e1got a kifejezetten a ThinkPad E480, E580 \u00e9s R480 modellekhez tervezett eredeti cserealkatr\u00e9szekkel.<\/li>\n<li>Prec\u00edz navig\u00e1ci\u00f3: \u00c9lvezze a pontos kurzorvez\u00e9rl\u00e9st \u00e9s az egyszer\u0171 t\u00f6bb\u00e9rint\u00e9ses gesztusokat ezzel a kiv\u00e1l\u00f3 min\u0151s\u00e9g\u0171 \u00e9rint\u0151padonnal.<\/li>\n<li>Egyszer\u0171 telep\u00edt\u00e9s: Cser\u00e9lje ki r\u00e9gi \u00e9rint\u0151padj\u00e1t gyorsan \u00e9s egyszer\u0171en minim\u00e1lis \u00e1ll\u00e1sid\u0151vel. Nincs sz\u00fcks\u00e9g szakmai seg\u00edts\u00e9gre.<\/li>\n<li>N\u00f6velje a termel\u00e9kenys\u00e9get: N\u00f6velje munkafolyamat\u00e1t \u00e9s termel\u00e9kenys\u00e9g\u00e9t egy \u00e9rz\u00e9keny \u00e9s megb\u00edzhat\u00f3 \u00e9rint\u0151paddal, amely megfelel a napi feladatai ig\u00e9nyeinek.<\/li>\n<li>Sz\u00e1ll\u00edt\u00e1s az eg\u00e9sz vil\u00e1gon: Gyors \u00e9s biztons\u00e1gos sz\u00e1ll\u00edt\u00e1st k\u00edn\u00e1lunk \u00fcgyfeleinknek Eur\u00f3p\u00e1ban \u00e9s vil\u00e1gszerte, biztos\u00edtva a csere \u00e9rint\u0151pad id\u0151ben t\u00f6rt\u00e9n\u0151 k\u00e9zbes\u00edt\u00e9s\u00e9t.<\/li>\n<\/ul>\n<p><strong>Megjegyz\u00e9s:<\/strong> A term\u00e9khez nem mell\u00e9keltek telep\u00edt\u00e9si utas\u00edt\u00e1sokat, de ha b\u00e1rmilyen k\u00e9rd\u00e9se van, vagy seg\u00edts\u00e9gre van sz\u00fcks\u00e9ge, forduljon hozz\u00e1nk bizalommal. A list\u00e1n szerepl\u0151 k\u00e9pek a t\u00e9nylegesen megkapott term\u00e9ket \u00e1br\u00e1zolj\u00e1k, \u00e1tl\u00e1that\u00f3s\u00e1got \u00e9s magabiztoss\u00e1got biztos\u00edtva a v\u00e1s\u00e1rl\u00e1shoz.<\/p>\n<p>Friss\u00edtse Lenovo ThinkPad E480, E580 vagy R480 k\u00e9sz\u00fcl\u00e9k\u00e9t ezzel az eredeti laptop \u00e9rint\u0151pad cser\u00e9vel. Tapasztalja meg a tov\u00e1bbfejlesztett funkcionalit\u00e1st \u00e9s a prec\u00edzi\u00f3s navig\u00e1ci\u00f3t napi sz\u00e1m\u00edt\u00e1stechnikai ig\u00e9nyeinek megfelel\u0151en. V\u00e1s\u00e1roljon bizalommal, tudva, hogy laptopja min\u0151s\u00e9gi cserealkatr\u00e9sz\u00e9be fektet be. Ha k\u00e9rd\u00e9se van, ne habozzon, forduljon hozz\u00e1nk seg\u00edts\u00e9g\u00e9rt. Az\u00e9rt vagyunk itt, hogy biztos\u00edtsuk az \u00d6n el\u00e9gedetts\u00e9g\u00e9t a v\u00e1s\u00e1rl\u00e1ssal.<\/p>\n","protected":false},"excerpt":{"rendered":"<p>Cser\u00e9lje ki laptopja \u00e9rint\u0151padj\u00e1t erre az eredeti alkatr\u00e9szre a Lenovo ThinkPad E480, E580 \u00e9s R480 modellekhez. \u00c9lvezze a pontos navig\u00e1ci\u00f3t \u00e9s a z\u00f6kken\u0151mentes m\u0171k\u00f6d\u00e9st ezzel a megb\u00edzhat\u00f3 trackpaddal. Az egyszer\u0171 telep\u00edt\u00e9s minim\u00e1lis \u00e1ll\u00e1sid\u0151t biztos\u00edt. Friss\u00edtse laptopja funkcionalit\u00e1s\u00e1t m\u00e9g ma!<\/p>\n","protected":false},"featured_media":7343,"template":"","meta":[],"product_brand":[],"product_cat":[42],"product_tag":[26],"class_list":{"0":"post-7285","1":"product","2":"type-product","3":"status-publish","4":"has-post-thumbnail","6":"product_cat-laptop-touchpads","7":"product_tag-lenovo","9":"first","10":"instock","11":"taxable","12":"shipping-taxable","13":"purchasable","14":"product-type-simple"},"_links":{"self":[{"href":"https:\/\/boreait.com\/hu\/wp-json\/wp\/v2\/product\/7285","targetHints":{"allow":["GET"]}}],"collection":[{"href":"https:\/\/boreait.com\/hu\/wp-json\/wp\/v2\/product"}],"about":[{"href":"https:\/\/boreait.com\/hu\/wp-json\/wp\/v2\/types\/product"}],"wp:featuredmedia":[{"embeddable":true,"href":"https:\/\/boreait.com\/hu\/wp-json\/wp\/v2\/media\/7343"}],"wp:attachment":[{"href":"https:\/\/boreait.com\/hu\/wp-json\/wp\/v2\/media?parent=7285"}],"wp:term":[{"taxonomy":"product_brand","embeddable":true,"href":"https:\/\/boreait.com\/hu\/wp-json\/wp\/v2\/product_brand?post=7285"},{"taxonomy":"product_cat","embeddable":true,"href":"https:\/\/boreait.com\/hu\/wp-json\/wp\/v2\/product_cat?post=7285"},{"taxonomy":"product_tag","embeddable":true,"href":"https:\/\/boreait.com\/hu\/wp-json\/wp\/v2\/product_tag?post=7285"}],"curies":[{"name":"wp","href":"https:\/\/api.w.org\/{rel}","templated":true}]}}