{"id":7283,"date":"2025-09-17T11:49:04","date_gmt":"2025-09-17T09:49:04","guid":{"rendered":"https:\/\/boreait.com\/hu\/?post_type=product&#038;p=7283"},"modified":"2025-09-17T11:49:42","modified_gmt":"2025-09-17T09:49:42","slug":"eredeti-00ur491-hangszoro-lenovo-thinkpad-t470-t480-a475-a485-hoz-beepitett-laptop-hangszoro","status":"publish","type":"product","link":"https:\/\/boreait.com\/hu\/termek\/eredeti-00ur491-hangszoro-lenovo-thinkpad-t470-t480-a475-a485-hoz-beepitett-laptop-hangszoro\/","title":{"rendered":"Eredeti 00UR491 hangsz\u00f3r\u00f3 Lenovo Thinkpad T470 T480 A475 A485-h\u00f6z &#8211; Be\u00e9p\u00edtett laptop hangsz\u00f3r\u00f3"},"content":{"rendered":"<p>N\u00f6velje hang\u00e9lm\u00e9ny\u00e9t a Lenovo Thinkpad T470 T480 A475 A485 eredeti 00UR491 hangsz\u00f3r\u00f3j\u00e1val. A kiv\u00e1l\u00f3 hangmin\u0151s\u00e9g \u00e9s kompatibilit\u00e1s \u00e9rdek\u00e9ben ez a be\u00e9p\u00edtett laptop hangsz\u00f3r\u00f3csere t\u00f6k\u00e9letes a multim\u00e9di\u00e1s \u00e9lm\u00e9ny fokoz\u00e1s\u00e1ra.<\/p>\n<p><strong>F\u0151bb jellemz\u0151k:<\/strong><\/p>\n<ul>\n<li>Eredeti Lenovo csere: Biztos\u00edtsa a kompatibilit\u00e1st \u00e9s a teljes\u00edtm\u00e9nyt egy hiteles hangsz\u00f3r\u00f3cser\u00e9vel.<\/li>\n<li>Egyszer\u0171 telep\u00edt\u00e9s: Egyszer\u0171 telep\u00edt\u00e9si l\u00e9p\u00e9sekkel k\u00f6nnyed\u00e9n friss\u00edtheti laptopja audiorendszer\u00e9t.<\/li>\n<li>Tov\u00e1bbfejlesztett hangmin\u0151s\u00e9g: \u00c9lvezze a tiszta \u00e9s mag\u00e1val ragad\u00f3 hangot filmjeihez, zen\u00e9ihez \u00e9s videoh\u00edv\u00e1saihoz.<\/li>\n<li>Kompatibilit\u00e1s: Kifejezetten a Lenovo Thinkpad T470, T480, A475 \u00e9s A485 modellekhez tervezve, t\u00f6k\u00e9letes illeszked\u00e9st biztos\u00edtva.<\/li>\n<li>Sz\u00e1ll\u00edt\u00e1s az eg\u00e9sz vil\u00e1gon: Gyors \u00e9s biztons\u00e1gos sz\u00e1ll\u00edt\u00e1st k\u00edn\u00e1lunk az eg\u00e9sz vil\u00e1gon, \u00edgy b\u00e1rhol is van, megkaphatja a cserehangsz\u00f3r\u00f3t.<\/li>\n<\/ul>\n<p><strong>Megjegyz\u00e9s:<\/strong> B\u00e1r nem adunk r\u00e9szletes telep\u00edt\u00e9si utas\u00edt\u00e1sokat, eredeti term\u00e9k\u00fcnk probl\u00e9mamentes friss\u00edt\u00e9si folyamatot biztos\u00edt. Forduljon bizalommal, ha b\u00e1rmilyen k\u00e9rd\u00e9se van, vagy seg\u00edts\u00e9gre van sz\u00fcks\u00e9ge. A term\u00e9klist\u00e1n szerepl\u0151 val\u00f3di fot\u00f3k pontosan t\u00fckr\u00f6zik, hogy mit fog kapni, bizony\u00edtva elk\u00f6telezetts\u00e9g\u00fcnket az \u00e1tl\u00e1that\u00f3s\u00e1g \u00e9s az \u00fcgyfelek el\u00e9gedetts\u00e9ge ir\u00e1nt.<\/p>\n<p>Friss\u00edtse Lenovo Thinkpad audiorendszer\u00e9t m\u00e9g ma az Eredeti 00UR491 hangsz\u00f3r\u00f3val. \u00c9lvezze a jobb hangmin\u0151s\u00e9get \u00e9s kompatibilit\u00e1st, biztos\u00edtva a z\u00f6kken\u0151mentes multim\u00e9di\u00e1s \u00e9lm\u00e9nyt. Ha k\u00e9rd\u00e9se van, vagy tov\u00e1bbi seg\u00edts\u00e9gre van sz\u00fcks\u00e9ge, ne habozzon kapcsolatba l\u00e9pni vel\u00fcnk. Az\u00e9rt vagyunk itt, hogy seg\u00edts\u00fcnk, hogy a legt\u00f6bbet hozza ki laptopja audiok\u00e9pess\u00e9geib\u0151l.<\/p>\n","protected":false},"excerpt":{"rendered":"<p>Cser\u00e9lje ki laptopja audio hangsz\u00f3r\u00f3j\u00e1t a Lenovo Thinkpad T470 T480 A475 A485 eredeti 00UR491 hangsz\u00f3r\u00f3ra. \u00c9lvezze az \u00e9les hangmin\u0151s\u00e9get \u00e9s a z\u00f6kken\u0151mentes kompatibilit\u00e1st. Az egyszer\u0171 telep\u00edt\u00e9s probl\u00e9mamentes friss\u00edt\u00e9st biztos\u00edt. N\u00f6velje hang\u00e9lm\u00e9ny\u00e9t m\u00e9g ma!<\/p>\n","protected":false},"featured_media":7340,"template":"","meta":[],"product_brand":[],"product_cat":[18],"product_tag":[26],"class_list":{"0":"post-7283","1":"product","2":"type-product","3":"status-publish","4":"has-post-thumbnail","6":"product_cat-laptop-speakers","7":"product_tag-lenovo","9":"first","10":"instock","11":"taxable","12":"shipping-taxable","13":"purchasable","14":"product-type-simple"},"_links":{"self":[{"href":"https:\/\/boreait.com\/hu\/wp-json\/wp\/v2\/product\/7283","targetHints":{"allow":["GET"]}}],"collection":[{"href":"https:\/\/boreait.com\/hu\/wp-json\/wp\/v2\/product"}],"about":[{"href":"https:\/\/boreait.com\/hu\/wp-json\/wp\/v2\/types\/product"}],"wp:featuredmedia":[{"embeddable":true,"href":"https:\/\/boreait.com\/hu\/wp-json\/wp\/v2\/media\/7340"}],"wp:attachment":[{"href":"https:\/\/boreait.com\/hu\/wp-json\/wp\/v2\/media?parent=7283"}],"wp:term":[{"taxonomy":"product_brand","embeddable":true,"href":"https:\/\/boreait.com\/hu\/wp-json\/wp\/v2\/product_brand?post=7283"},{"taxonomy":"product_cat","embeddable":true,"href":"https:\/\/boreait.com\/hu\/wp-json\/wp\/v2\/product_cat?post=7283"},{"taxonomy":"product_tag","embeddable":true,"href":"https:\/\/boreait.com\/hu\/wp-json\/wp\/v2\/product_tag?post=7283"}],"curies":[{"name":"wp","href":"https:\/\/api.w.org\/{rel}","templated":true}]}}