{"id":7282,"date":"2025-09-17T11:49:03","date_gmt":"2025-09-17T09:49:03","guid":{"rendered":"https:\/\/boreait.com\/hu\/?post_type=product&#038;p=7282"},"modified":"2025-09-17T11:49:41","modified_gmt":"2025-09-17T09:49:41","slug":"eredeti-lenovo-thinkpad-t480-bekapcsologomb-kartya-ns-b501-kabellel-laptop-alkatreszek","status":"publish","type":"product","link":"https:\/\/boreait.com\/hu\/termek\/eredeti-lenovo-thinkpad-t480-bekapcsologomb-kartya-ns-b501-kabellel-laptop-alkatreszek\/","title":{"rendered":"Eredeti Lenovo Thinkpad T480 bekapcsol\u00f3gomb k\u00e1rtya NS-B501 k\u00e1bellel \u2013 Laptop alkatr\u00e9szek"},"content":{"rendered":"<p>\u00c1ll\u00edtsa vissza a Lenovo Thinkpad T480 bekapcsol\u00f3gomb-funkci\u00f3it az eredeti Lenovo Thinkpad T480 bekapcsol\u00f3gomb-k\u00e1rty\u00e1val, NS-B501 k\u00e1bellel. Ez a prec\u00edzen \u00e9s hitelesen elk\u00e9sz\u00edtett cserealkatr\u00e9sz z\u00f6kken\u0151mentes integr\u00e1ci\u00f3t \u00e9s megb\u00edzhat\u00f3 teljes\u00edtm\u00e9nyt garant\u00e1l.<\/p>\n<p><strong>F\u0151bb jellemz\u0151k:<\/strong><\/p>\n<ul>\n<li>Eredeti Lenovo csere: Biztos\u00edtsa a kompatibilit\u00e1st \u00e9s a megb\u00edzhat\u00f3s\u00e1got egy hiteles NS-B501 bekapcsol\u00f3gomb-k\u00e1rty\u00e1val \u00e9s k\u00e1bellel.<\/li>\n<li>Egyszer\u0171 telep\u00edt\u00e9s: Ezzel a k\u00f6nnyen telep\u00edthet\u0151 cserealkatr\u00e9szrel k\u00f6nnyed\u00e9n friss\u00edtheti laptopj\u00e1t.<\/li>\n<li>A funkcionalit\u00e1s vissza\u00e1ll\u00edt\u00e1sa: Cser\u00e9lje ki a hib\u00e1s bekapcsol\u00f3gomb-panelt, hogy visszaszerezze az ir\u00e1ny\u00edt\u00e1st laptopja t\u00e1pell\u00e1t\u00e1si funkci\u00f3i felett.<\/li>\n<li>Kompatibilit\u00e1s: Kifejezetten a Thinkpad T480-hoz tervezt\u00e9k, t\u00f6k\u00e9letes illeszked\u00e9st \u00e9s teljes\u00edtm\u00e9nyt biztos\u00edtva.<\/li>\n<li>Sz\u00e1ll\u00edt\u00e1s az eg\u00e9sz vil\u00e1gon: Gyors \u00e9s biztons\u00e1gos sz\u00e1ll\u00edt\u00e1st k\u00edn\u00e1lunk, a cserealkatr\u00e9szek kisz\u00e1ll\u00edt\u00e1s\u00e1val b\u00e1rhov\u00e1 is j\u00e1r Eur\u00f3p\u00e1ban vagy vil\u00e1gszerte.<\/li>\n<\/ul>\n<p><strong>Megjegyz\u00e9s:<\/strong> B\u00e1r a telep\u00edt\u00e9si utas\u00edt\u00e1sokat nem adjuk meg, val\u00f3di fot\u00f3ink pontosan \u00e1br\u00e1zolj\u00e1k a kapott term\u00e9ket. El\u0151nyben r\u00e9szes\u00edtj\u00fck az \u00e1tl\u00e1that\u00f3s\u00e1got \u00e9s az \u00fcgyf\u00e9l-el\u00e9gedetts\u00e9get, \u00edgy biztos\u00edtjuk \u00d6nnek a laptopj\u00e1hoz sz\u00fcks\u00e9ges alkatr\u00e9szt.<\/p>\n<p>Friss\u00edtse Lenovo Thinkpad T480-\u00e1t magabiztosan az Eredeti Lenovo Thinkpad T480 bekapcsol\u00f3gomb-k\u00e1rtya \u00e9s NS-B501 k\u00e1bel seg\u00edts\u00e9g\u00e9vel. Tapasztalja meg a z\u00f6kken\u0151mentes funkcionalit\u00e1st \u00e9s teljes\u00edtm\u00e9nyt, amelyet a min\u0151s\u00e9g \u00e9s az \u00fcgyf\u00e9lszolg\u00e1lat ir\u00e1nti elk\u00f6telezetts\u00e9g\u00fcnk t\u00e1mogat. Ha b\u00e1rmilyen k\u00e9rd\u00e9se van, vagy tov\u00e1bbi seg\u00edts\u00e9gre van sz\u00fcks\u00e9ge, forduljon bizalommal. Az\u00e9rt vagyunk itt, hogy seg\u00edts\u00fcnk, hogy a legt\u00f6bbet hozza ki laptopj\u00e1b\u00f3l.<\/p>\n","protected":false},"excerpt":{"rendered":"<p>Cser\u00e9lje ki Lenovo Thinkpad T480 bekapcsol\u00f3gomb-k\u00e1rty\u00e1j\u00e1t az eredeti NS-B501 bekapcsol\u00f3gomb-panelre k\u00e1bellel. Ezzel a hiteles cserealkatr\u00e9szrel \u00e1ll\u00edtsa vissza laptopja funkcionalit\u00e1s\u00e1t. K\u00f6nnyen telep\u00edthet\u0151, ez a t\u00e1bla megb\u00edzhat\u00f3 teljes\u00edtm\u00e9nyt biztos\u00edt. Friss\u00edtse laptopj\u00e1t magabiztosan m\u00e9g ma!<\/p>\n","protected":false},"featured_media":7338,"template":"","meta":[],"product_brand":[],"product_cat":[27],"product_tag":[26],"class_list":{"0":"post-7282","1":"product","2":"type-product","3":"status-publish","4":"has-post-thumbnail","6":"product_cat-motherboards-board-parts","7":"product_tag-lenovo","9":"first","10":"instock","11":"taxable","12":"shipping-taxable","13":"purchasable","14":"product-type-simple"},"_links":{"self":[{"href":"https:\/\/boreait.com\/hu\/wp-json\/wp\/v2\/product\/7282","targetHints":{"allow":["GET"]}}],"collection":[{"href":"https:\/\/boreait.com\/hu\/wp-json\/wp\/v2\/product"}],"about":[{"href":"https:\/\/boreait.com\/hu\/wp-json\/wp\/v2\/types\/product"}],"wp:featuredmedia":[{"embeddable":true,"href":"https:\/\/boreait.com\/hu\/wp-json\/wp\/v2\/media\/7338"}],"wp:attachment":[{"href":"https:\/\/boreait.com\/hu\/wp-json\/wp\/v2\/media?parent=7282"}],"wp:term":[{"taxonomy":"product_brand","embeddable":true,"href":"https:\/\/boreait.com\/hu\/wp-json\/wp\/v2\/product_brand?post=7282"},{"taxonomy":"product_cat","embeddable":true,"href":"https:\/\/boreait.com\/hu\/wp-json\/wp\/v2\/product_cat?post=7282"},{"taxonomy":"product_tag","embeddable":true,"href":"https:\/\/boreait.com\/hu\/wp-json\/wp\/v2\/product_tag?post=7282"}],"curies":[{"name":"wp","href":"https:\/\/api.w.org\/{rel}","templated":true}]}}