{"id":7281,"date":"2025-09-17T11:49:03","date_gmt":"2025-09-17T09:49:03","guid":{"rendered":"https:\/\/boreait.com\/hu\/?post_type=product&#038;p=7281"},"modified":"2026-01-27T09:17:57","modified_gmt":"2026-01-27T08:17:57","slug":"intel-dual-band-wireless-ac-7265-wlan-bluetooth-kartya-k57gx-laptop-alkatreszek","status":"publish","type":"product","link":"https:\/\/boreait.com\/hu\/termek\/intel-dual-band-wireless-ac-7265-wlan-bluetooth-kartya-k57gx-laptop-alkatreszek\/","title":{"rendered":"Intel Dual-Band Wireless-AC 7265 WLAN Bluetooth k\u00e1rtya K57GX laptop alkatr\u00e9szek"},"content":{"rendered":"<p>Tapasztalja meg a gyorsabb \u00e9s megb\u00edzhat\u00f3bb vezet\u00e9k n\u00e9lk\u00fcli kapcsolatot az Intel Dual-Band Wireless-AC 7265 WLAN Bluetooth K57GX k\u00e1rty\u00e1val. Ezt az eredeti cserealkatr\u00e9szt \u00fagy tervezt\u00e9k, hogy kiv\u00e1l\u00f3 teljes\u00edtm\u00e9nyt \u00e9s kompatibilit\u00e1st biztos\u00edtson a laptopmodellek sz\u00e9les v\u00e1laszt\u00e9k\u00e1val.<\/p>\n<p><strong>F\u0151bb jellemz\u0151k:<\/strong><\/p>\n<ul>\n<li>Tov\u00e1bbfejlesztett kapcsolat: \u00c9lvezze a k\u00e9ts\u00e1vos Wi-Fi sebess\u00e9get \u00e9s a Bluetooth-kapcsolatot a z\u00f6kken\u0151mentes vezet\u00e9k n\u00e9lk\u00fcli kommunik\u00e1ci\u00f3 \u00e9rdek\u00e9ben.<\/li>\n<li>Eredeti csere: Biztos\u00edtsa a kompatibilit\u00e1st \u00e9s a megb\u00edzhat\u00f3s\u00e1got egy hiteles Intel vezet\u00e9k n\u00e9lk\u00fcli k\u00e1rty\u00e1val.<\/li>\n<li>Egyszer\u0171 telep\u00edt\u00e9s: Egyszer\u0171 telep\u00edt\u00e9si l\u00e9p\u00e9sekkel k\u00f6nnyed\u00e9n friss\u00edtheti laptopja vezet\u00e9k n\u00e9lk\u00fcli k\u00e9pess\u00e9geit.<\/li>\n<li>Kompatibilis modellek: Sz\u00e1mos laptopmodellel m\u0171k\u00f6dik, sokoldal\u00fas\u00e1got \u00e9s k\u00e9nyelmet biztos\u00edtva.<\/li>\n<li>Sz\u00e1ll\u00edt\u00e1s az eg\u00e9sz vil\u00e1gon: Gyors \u00e9s biztons\u00e1gos sz\u00e1ll\u00edt\u00e1st k\u00edn\u00e1lunk, \u00e9s a vezet\u00e9k n\u00e9lk\u00fcli cserek\u00e1rty\u00e1t b\u00e1rhov\u00e1 eljuttatjuk Eur\u00f3p\u00e1ban vagy vil\u00e1gszerte.<\/li>\n<\/ul>\n<p><strong>Megjegyz\u00e9s:<\/strong> A telep\u00edt\u00e9si utas\u00edt\u00e1sokat nem tartalmazza, de \u00fcgyf\u00e9lszolg\u00e1lati csapatunk k\u00e9szs\u00e9ggel \u00e1ll rendelkez\u00e9s\u00e9re, hogy seg\u00edtsen b\u00e1rmilyen k\u00e9rd\u00e9se vagy probl\u00e9m\u00e1ja eset\u00e9n. A term\u00e9kr\u0151l a list\u00e1n szerepl\u0151 val\u00f3di f\u00e9nyk\u00e9pek pontosan azt kapj\u00e1k, amit \u00d6n kap, bizony\u00edtva az \u00e1tl\u00e1that\u00f3s\u00e1g \u00e9s az \u00fcgyfelek el\u00e9gedetts\u00e9ge ir\u00e1nti elk\u00f6telezetts\u00e9g\u00fcnket.<\/p>\n<p>Friss\u00edtse laptopja vezet\u00e9k n\u00e9lk\u00fcli kapcsolat\u00e1t m\u00e9g ma az Intel Dual-Band Wireless-AC 7265 WLAN Bluetooth K57GX k\u00e1rty\u00e1val. Fektessen be egy min\u0151s\u00e9gi cserealkatr\u00e9szbe, hogy jav\u00edtsa b\u00f6ng\u00e9sz\u00e9si \u00e9s kommunik\u00e1ci\u00f3s \u00e9lm\u00e9ny\u00e9t. Ha k\u00e9rd\u00e9se van, vagy tov\u00e1bbi seg\u00edts\u00e9gre van sz\u00fcks\u00e9ge, forduljon hozz\u00e1nk bizalommal. Az\u00e9rt vagyunk itt, hogy a legt\u00f6bbet hozza ki laptopj\u00e1b\u00f3l.<\/p>\n","protected":false},"excerpt":{"rendered":"<p>B\u0151v\u00edtse laptopja vezet\u00e9k n\u00e9lk\u00fcli kapcsolat\u00e1t az Intel Dual-Band Wireless-AC 7265 WLAN Bluetooth k\u00e1rty\u00e1val. Eredeti cserealkatr\u00e9sz, kompatibilis a k\u00fcl\u00f6nb\u00f6z\u0151 laptopmodellekkel. \u00c9lvezze a gyors Wi-Fi sebess\u00e9get \u00e9s a Bluetooth-kapcsolatot a z\u00f6kken\u0151mentes vezet\u00e9k n\u00e9lk\u00fcli \u00e9lm\u00e9ny \u00e9rdek\u00e9ben. K\u00f6nnyen telep\u00edthet\u0151. Fokozza laptopja k\u00e9pess\u00e9geit m\u00e9g ma!<\/p>\n","protected":false},"featured_media":7337,"template":"","meta":[],"product_brand":[],"product_cat":[27],"product_tag":[],"class_list":{"0":"post-7281","1":"product","2":"type-product","3":"status-publish","4":"has-post-thumbnail","6":"product_cat-motherboards-board-parts","8":"first","9":"instock","10":"taxable","11":"shipping-taxable","12":"purchasable","13":"product-type-simple"},"_links":{"self":[{"href":"https:\/\/boreait.com\/hu\/wp-json\/wp\/v2\/product\/7281","targetHints":{"allow":["GET"]}}],"collection":[{"href":"https:\/\/boreait.com\/hu\/wp-json\/wp\/v2\/product"}],"about":[{"href":"https:\/\/boreait.com\/hu\/wp-json\/wp\/v2\/types\/product"}],"wp:featuredmedia":[{"embeddable":true,"href":"https:\/\/boreait.com\/hu\/wp-json\/wp\/v2\/media\/7337"}],"wp:attachment":[{"href":"https:\/\/boreait.com\/hu\/wp-json\/wp\/v2\/media?parent=7281"}],"wp:term":[{"taxonomy":"product_brand","embeddable":true,"href":"https:\/\/boreait.com\/hu\/wp-json\/wp\/v2\/product_brand?post=7281"},{"taxonomy":"product_cat","embeddable":true,"href":"https:\/\/boreait.com\/hu\/wp-json\/wp\/v2\/product_cat?post=7281"},{"taxonomy":"product_tag","embeddable":true,"href":"https:\/\/boreait.com\/hu\/wp-json\/wp\/v2\/product_tag?post=7281"}],"curies":[{"name":"wp","href":"https:\/\/api.w.org\/{rel}","templated":true}]}}