{"id":7280,"date":"2025-09-17T11:49:03","date_gmt":"2025-09-17T09:49:03","guid":{"rendered":"https:\/\/boreait.com\/hu\/?post_type=product&#038;p=7280"},"modified":"2026-01-27T09:17:43","modified_gmt":"2026-01-27T08:17:43","slug":"eredeti-dell-latitude-e7250-also-alaphaz-keretes-vaz-05jk6h-am14a000703","status":"publish","type":"product","link":"https:\/\/boreait.com\/hu\/termek\/eredeti-dell-latitude-e7250-also-alaphaz-keretes-vaz-05jk6h-am14a000703\/","title":{"rendered":"Eredeti Dell Latitude E7250 als\u00f3 alaph\u00e1z keretes v\u00e1z 05JK6H AM14A000703"},"content":{"rendered":"<p>Emelje fel Dell Latitude E7250 laptopja integrit\u00e1s\u00e1t \u00e9s eszt\u00e9tik\u00e1j\u00e1t az Eredeti Dell Latitude E7250 Bottom Base Case Frame Chassis 05JK6H seg\u00edts\u00e9g\u00e9vel. A Dell min\u0151s\u00e9gi el\u0151\u00edr\u00e1sainak megfelel\u0151en prec\u00edzen megalkotott als\u00f3 alaptok a laptop alapszerkezetek\u00e9nt szolg\u00e1l, alapvet\u0151 v\u00e9delmet \u00e9s t\u00e1mogat\u00e1st biztos\u00edtva.<\/p>\n<p>A Dell Latitude E7250 modellel val\u00f3 z\u00f6kken\u0151mentes integr\u00e1ci\u00f3ra tervezett eredeti cserealkatr\u00e9sz t\u00f6k\u00e9letes illeszked\u00e9st \u00e9s probl\u00e9mamentes telep\u00edt\u00e9st garant\u00e1l. A tart\u00f3s anyagokb\u00f3l, k\u00f6zt\u00fck kiv\u00e1l\u00f3 min\u0151s\u00e9g\u0171 m\u0171anyagokb\u00f3l \u00e9s f\u00e9mekb\u0151l k\u00e9sz\u00fclt als\u00f3 alaptok hosszan tart\u00f3 tart\u00f3ss\u00e1got biztos\u00edt, meg\u00f3vva laptopj\u00e1t a mindennapi elhaszn\u00e1l\u00f3d\u00e1st\u00f3l.<\/p>\n<p>A s\u00e9r\u00fclt vagy elhaszn\u00e1l\u00f3dott als\u00f3 alaptok cser\u00e9j\u00e9vel \u00e1ll\u00edtsa vissza laptopja eredeti megjelen\u00e9s\u00e9t \u00e9s funkcionalit\u00e1s\u00e1t. F\u00fcggetlen\u00fcl att\u00f3l, hogy v\u00e9letlen\u00fcl leesett, karcol\u00f3dott vagy \u00e1ltal\u00e1nos kop\u00e1s t\u00f6rt\u00e9nt az id\u0151 m\u00fal\u00e1s\u00e1val, ez az eredeti Dell alkatr\u00e9sz megb\u00edzhat\u00f3 megold\u00e1st k\u00edn\u00e1l eszk\u00f6ze megjelen\u00e9s\u00e9nek \u00e9s teljes\u00edtm\u00e9ny\u00e9nek felfriss\u00edt\u00e9s\u00e9re.<\/p>\n<p>A Siggm\u00f3n\u00e1l a min\u0151s\u00e9get \u00e9s a hiteless\u00e9get r\u00e9szes\u00edtj\u00fck el\u0151nyben, csak olyan eredeti Dell laptop-alkatr\u00e9szeket k\u00edn\u00e1lunk, amelyek k\u00f6zvetlen\u00fcl megb\u00edzhat\u00f3 besz\u00e1ll\u00edt\u00f3kt\u00f3l sz\u00e1rmaznak. Minden term\u00e9k szigor\u00fa min\u0151s\u00e9gbiztos\u00edt\u00e1si int\u00e9zked\u00e9seken esik \u00e1t a megb\u00edzhat\u00f3s\u00e1g \u00e9s az \u00fcgyfelek el\u00e9gedetts\u00e9ge \u00e9rdek\u00e9ben.<\/p>\n<p>Friss\u00edtse Dell Latitude E7250 laptopj\u00e1t m\u00e9g ma az Eredeti Dell Latitude E7250 Bottom Base Case Frame v\u00e1zzal, 05JK6H. N\u00f6velje a tart\u00f3ss\u00e1got, az eszt\u00e9tik\u00e1t \u00e9s az \u00e1ltal\u00e1nos felhaszn\u00e1l\u00f3i \u00e9lm\u00e9nyt ezzel az alapvet\u0151 laptop-r\u00e9sszel.<\/p>\n","protected":false},"excerpt":{"rendered":"<p>Cser\u00e9lje ki a s\u00e9r\u00fclt vagy elhaszn\u00e1l\u00f3dott als\u00f3 alaph\u00e1z keret\u00e9t erre az eredeti Dell Latitude E7250 cserealkatr\u00e9szre. Ez a kifejezetten az E7250 modellhez k\u00e9sz\u00fclt als\u00f3 alaptok t\u00f6k\u00e9letes illeszked\u00e9st \u00e9s massz\u00edv fel\u00e9p\u00edt\u00e9st biztos\u00edt. Ezzel a kiv\u00e1l\u00f3 min\u0151s\u00e9g\u0171 cserealkatr\u00e9szrel meg\u0151rizheti laptopja v\u00e9delm\u00e9t \u00e9s \u00fajszer\u0171 megjelen\u00e9s\u00e9t.<\/p>\n","protected":false},"featured_media":7335,"template":"","meta":[],"product_brand":[],"product_cat":[16],"product_tag":[17],"class_list":{"0":"post-7280","1":"product","2":"type-product","3":"status-publish","4":"has-post-thumbnail","6":"product_cat-laptop-housing","7":"product_tag-dell","9":"first","10":"instock","11":"taxable","12":"shipping-taxable","13":"purchasable","14":"product-type-simple"},"_links":{"self":[{"href":"https:\/\/boreait.com\/hu\/wp-json\/wp\/v2\/product\/7280","targetHints":{"allow":["GET"]}}],"collection":[{"href":"https:\/\/boreait.com\/hu\/wp-json\/wp\/v2\/product"}],"about":[{"href":"https:\/\/boreait.com\/hu\/wp-json\/wp\/v2\/types\/product"}],"wp:featuredmedia":[{"embeddable":true,"href":"https:\/\/boreait.com\/hu\/wp-json\/wp\/v2\/media\/7335"}],"wp:attachment":[{"href":"https:\/\/boreait.com\/hu\/wp-json\/wp\/v2\/media?parent=7280"}],"wp:term":[{"taxonomy":"product_brand","embeddable":true,"href":"https:\/\/boreait.com\/hu\/wp-json\/wp\/v2\/product_brand?post=7280"},{"taxonomy":"product_cat","embeddable":true,"href":"https:\/\/boreait.com\/hu\/wp-json\/wp\/v2\/product_cat?post=7280"},{"taxonomy":"product_tag","embeddable":true,"href":"https:\/\/boreait.com\/hu\/wp-json\/wp\/v2\/product_tag?post=7280"}],"curies":[{"name":"wp","href":"https:\/\/api.w.org\/{rel}","templated":true}]}}