{"id":7279,"date":"2025-09-17T11:49:03","date_gmt":"2025-09-17T09:49:03","guid":{"rendered":"https:\/\/boreait.com\/hu\/?post_type=product&#038;p=7279"},"modified":"2025-09-17T11:49:37","modified_gmt":"2025-09-17T09:49:37","slug":"ap14a000500-oem-dell-latitude-e7250-laptop-lcd-elulso-keret-burkolat-0v5y98-v5y98","status":"publish","type":"product","link":"https:\/\/boreait.com\/hu\/termek\/ap14a000500-oem-dell-latitude-e7250-laptop-lcd-elulso-keret-burkolat-0v5y98-v5y98\/","title":{"rendered":"AP14A000500 OEM Dell Latitude E7250 Laptop LCD el\u00fcls\u0151 keret burkolat 0V5Y98 V5Y98"},"content":{"rendered":"<ul>\n<li>Emelje fel a l\u00e1tv\u00e1nyt, \u00e9s \u00f3vja meg Dell Latitude E7250 laptopja kijelz\u0151j\u00e9t, ha az \u00faj OEM Dell Latitude E7250 laptop LCD el\u00fcls\u0151 keretburkolatba fektet be, cikksz\u00e1m: 0V5Y98 vagy V5Y98. Ezt az eredeti OEM el\u0151lapburkolatot apr\u00f3l\u00e9kosan \u00fagy tervezt\u00e9k, hogy megfeleljen a Latitude E7250 modell specifik\u00e1ci\u00f3inak, \u00edgy biztos\u00edtva a pontos illeszked\u00e9st \u00e9s a probl\u00e9mamentes telep\u00edt\u00e9st. A r\u00e9szletekre val\u00f3 odafigyel\u00e9ssel k\u00e9sz\u00fclt, \u00e9s a Dell szigor\u00fa min\u0151s\u00e9gi el\u0151\u00edr\u00e1sainak megfelel\u0151en gy\u00e1rtott\u00e1k, ez az el\u0151lapburkolat optim\u00e1lis teljes\u00edtm\u00e9nyt \u00e9s hossz\u00fa \u00e9lettartamot garant\u00e1l.<\/li>\n<\/ul>\n<p>Cser\u00e9lje ki elhaszn\u00e1l\u00f3dott vagy s\u00e9r\u00fclt el\u0151lapfedel\u00e9t ezzel a vadonat\u00faj OEM-komponenssel, hogy \u00fajj\u00e1\u00e9leszthesse laptopja megjelen\u00e9s\u00e9t, \u00e9s meg\u00f3vja az \u00e9rz\u00e9keny LCD-k\u00e9perny\u0151t a port\u00f3l, karcol\u00e1sokt\u00f3l \u00e9s egy\u00e9b k\u00fcls\u0151 elemekt\u0151l. Eleg\u00e1ns kialak\u00edt\u00e1s\u00e1nak \u00e9s strapab\u00edr\u00f3 fel\u00e9p\u00edt\u00e9s\u00e9nek k\u00f6sz\u00f6nhet\u0151en ez az el\u0151lapburkolat z\u00f6kken\u0151mentesen illeszkedik Dell Latitude E7250 \u00e1ltal\u00e1nos eszt\u00e9tik\u00e1j\u00e1hoz, meg\u0151rizve professzion\u00e1lis megjelen\u00e9s\u00e9t.<\/p>\n<p>Legyen sz\u00f3 ak\u00e1r laptopja kifog\u00e1stalan \u00e1llapot\u00e1nak meg\u0151rz\u00e9s\u00e9re t\u00f6rekv\u0151 szakemberr\u0151l, ak\u00e1r az \u00fcgyfelek sz\u00e1m\u00e1ra jav\u00edt\u00e1sokat v\u00e9gz\u0151 technikusr\u00f3l van sz\u00f3, ez az eredeti OEM-el\u0151lapburkolat elengedhetetlen eleme az eszk\u00f6z integrit\u00e1s\u00e1nak \u00e9s funkcionalit\u00e1s\u00e1nak. B\u00edzzon a Dell OEM alkatr\u00e9szek megb\u00edzhat\u00f3s\u00e1g\u00e1ban \u00e9s kompatibilit\u00e1s\u00e1ban, hogy kiv\u00e1l\u00f3 teljes\u00edtm\u00e9nyt \u00e9s nyugalmat biztos\u00edtson.<\/p>\n<p>V\u00e1s\u00e1rolja meg az \u00faj OEM Dell Latitude E7250 laptop LCD el\u00fcls\u0151 burkolat\u00e1t m\u00e9g ma, \u00e9s tapasztalja meg azt a min\u0151s\u00e9gi \u00e9s kivitelez\u00e9si k\u00fcl\u00f6nbs\u00e9get, amelyet csak az eredeti Dell alkatr\u00e9szek biztos\u00edtanak. Ha b\u00e1rmilyen k\u00e9rd\u00e9se van, vagy tov\u00e1bbi seg\u00edts\u00e9gre van sz\u00fcks\u00e9ge, forduljon hozz\u00e1nk bizalommal. Az\u00e9rt vagyunk itt, hogy seg\u00edts\u00fcnk megtal\u00e1lni a t\u00f6k\u00e9letes megold\u00e1st laptop alkatr\u00e9szei ig\u00e9nyeire.<\/p>\n","protected":false},"excerpt":{"rendered":"<p>Fokozza Dell Latitude E7250 laptopja eszt\u00e9tik\u00e1j\u00e1t \u00e9s v\u00e9delm\u00e9t ezzel az eredeti OEM LCD el\u0151lap bor\u00edt\u00e1ssal. Kifejezetten az E7250 modellhez k\u00e9sz\u00fclt, ez a 0V5Y98 vagy V5Y98 cikksz\u00e1m\u00fa burkolat t\u00f6k\u00e9letes illeszked\u00e9st \u00e9s z\u00f6kken\u0151mentes integr\u00e1ci\u00f3t biztos\u00edt. Kiv\u00e1l\u00f3 min\u0151s\u00e9g\u0171 anyagokb\u00f3l k\u00e9sz\u00fclt, tart\u00f3ss\u00e1got \u00e9s megb\u00edzhat\u00f3s\u00e1got biztos\u00edt, felfriss\u00edtett megjelen\u00e9st k\u00f6lcs\u00f6n\u00f6zve laptopj\u00e1nak. Cser\u00e9lje ki a s\u00e9r\u00fclt vagy elhaszn\u00e1l\u00f3dott el\u0151lapfedelet erre az eredeti Dell alkatr\u00e9szre, \u00e9s k\u00f6nnyed\u00e9n vissza\u00e1ll\u00edthatja eszk\u00f6ze eleg\u00e1ns megjelen\u00e9s\u00e9t.<\/p>\n","protected":false},"featured_media":7333,"template":"","meta":[],"product_brand":[],"product_cat":[16],"product_tag":[17],"class_list":{"0":"post-7279","1":"product","2":"type-product","3":"status-publish","4":"has-post-thumbnail","6":"product_cat-laptop-housing","7":"product_tag-dell","9":"first","10":"instock","11":"taxable","12":"shipping-taxable","13":"purchasable","14":"product-type-simple"},"_links":{"self":[{"href":"https:\/\/boreait.com\/hu\/wp-json\/wp\/v2\/product\/7279","targetHints":{"allow":["GET"]}}],"collection":[{"href":"https:\/\/boreait.com\/hu\/wp-json\/wp\/v2\/product"}],"about":[{"href":"https:\/\/boreait.com\/hu\/wp-json\/wp\/v2\/types\/product"}],"wp:featuredmedia":[{"embeddable":true,"href":"https:\/\/boreait.com\/hu\/wp-json\/wp\/v2\/media\/7333"}],"wp:attachment":[{"href":"https:\/\/boreait.com\/hu\/wp-json\/wp\/v2\/media?parent=7279"}],"wp:term":[{"taxonomy":"product_brand","embeddable":true,"href":"https:\/\/boreait.com\/hu\/wp-json\/wp\/v2\/product_brand?post=7279"},{"taxonomy":"product_cat","embeddable":true,"href":"https:\/\/boreait.com\/hu\/wp-json\/wp\/v2\/product_cat?post=7279"},{"taxonomy":"product_tag","embeddable":true,"href":"https:\/\/boreait.com\/hu\/wp-json\/wp\/v2\/product_tag?post=7279"}],"curies":[{"name":"wp","href":"https:\/\/api.w.org\/{rel}","templated":true}]}}