{"id":7252,"date":"2025-09-17T11:48:40","date_gmt":"2025-09-17T09:48:40","guid":{"rendered":"https:\/\/boreait.com\/hu\/?post_type=product&#038;p=7252"},"modified":"2025-09-17T11:49:18","modified_gmt":"2025-09-17T09:49:18","slug":"eredeti-dell-latitude-e7250-bal-es-jobb-egergomb-kattinto-a13bq1-cn-a13bq1","status":"publish","type":"product","link":"https:\/\/boreait.com\/hu\/termek\/eredeti-dell-latitude-e7250-bal-es-jobb-egergomb-kattinto-a13bq1-cn-a13bq1\/","title":{"rendered":"Eredeti Dell Latitude E7250 bal \u00e9s jobb eg\u00e9rgomb kattint\u00f3 A13BQ1 CN-A13BQ1"},"content":{"rendered":"<p>N\u00f6velje Dell Latitude E7250 teljes\u00edtm\u00e9ny\u00e9t az Eredeti Bal \u00e9s amp; Jobb eg\u00e9rgomb kattint\u00f3k, A13BQ1 CN-A13BQ1 modell. A k\u00f6zvetlen\u00fcl a Dellt\u0151l sz\u00e1rmaz\u00f3 alkatr\u00e9szek kompatibilit\u00e1st \u00e9s tart\u00f3ss\u00e1got garant\u00e1lnak.<\/p>\n<p><strong>F\u0151bb jellemz\u0151k:<\/strong><\/p>\n<ul>\n<li><strong>Hiteles Dell-min\u0151s\u00e9g:<\/strong> A Dell szigor\u00fa szabv\u00e1nyainak megfelel\u0151en kialak\u00edtva, \u00edgy biztos\u00edtva a megb\u00edzhat\u00f3s\u00e1got \u00e9s az optim\u00e1lis teljes\u00edtm\u00e9nyt.<\/li>\n<li><strong>Egyszer\u0171 csere:<\/strong> Keltse \u00fajra \u00e9letre laptopj\u00e1t ezekkel az eredeti eg\u00e9rgombbal. Nincs sz\u00fcks\u00e9g bonyolult utas\u00edt\u00e1sokra \u2013 a z\u00f6kken\u0151mentes \u00e9lm\u00e9ny egyszer\u0171 helyettes\u00edt\u0151je.<\/li>\n<li><strong>Pontos kattint\u00e1sok:<\/strong> A pontoss\u00e1gra tervezett gombok a v\u00e1rt tapinthat\u00f3 v\u00e1laszt adj\u00e1k, jav\u00edtva az \u00e1ltal\u00e1nos sz\u00e1m\u00edt\u00e1stechnikai \u00e9lm\u00e9nyt.<\/li>\n<li><strong>Sz\u00e1ll\u00edt\u00e1s az eg\u00e9sz vil\u00e1gon:<\/strong> B\u00e1rhol is van, mi sz\u00e1ll\u00edtunk. Ak\u00e1r Eur\u00f3p\u00e1ban, ak\u00e1r azon k\u00edv\u00fcl tart\u00f3zkodik, garant\u00e1ljuk, hogy Dell-alkatr\u00e9szei biztons\u00e1gban eljussanak \u00d6nh\u00f6z.<\/li>\n<\/ul>\n<p><strong>K\u00e9rj\u00fck, vegye figyelembe:<\/strong> B\u00e1r nem adunk l\u00e9p\u00e9sr\u0151l l\u00e9p\u00e9sre cser\u00e9l\u00e9si \u00fatmutat\u00f3t, nyugodtan forduljon hozz\u00e1nk, ha k\u00e9rd\u00e9se van, vagy seg\u00edts\u00e9gre van sz\u00fcks\u00e9ge. Az \u00d6n el\u00e9gedetts\u00e9ge sz\u00e1munkra a legfontosabb.<\/p>\n<p><strong>Hiteles k\u00e9pek:<\/strong> Biztos lehet benne, hogy a list\u00e1ban szerepl\u0151 k\u00e9pek a t\u00e9nylegesen megkapott alkatr\u00e9szeket \u00e1br\u00e1zolj\u00e1k. Hisz\u00fcnk az \u00e1tl\u00e1that\u00f3s\u00e1gban, \u00e9s amit l\u00e1tsz, azt kapod.<\/p>\n<p>Fokozza Dell Latitude E7250 haszn\u00e1lhat\u00f3s\u00e1g\u00e1t ezekkel az eredeti baloldali \u00e9s amp; Jobb eg\u00e9rgomb kattint\u00f3k. Rendeljen most a z\u00f6kken\u0151mentes csere \u00e9lm\u00e9ny\u00e9rt!<\/p>\n","protected":false},"excerpt":{"rendered":"<p>Cser\u00e9lje ki a Dell Latitude E7250 elhaszn\u00e1l\u00f3dott eg\u00e9rgombjait ezekkel az eredeti bal \u00e9s jobb gombbal. A prec\u00edz kattint\u00e1sra kialak\u00edtott A13BQ1 CN-A13BQ1 alkatr\u00e9szek vissza\u00e1ll\u00edtj\u00e1k laptopja funkcionalit\u00e1s\u00e1t. Eredeti Dell alkatr\u00e9szek a z\u00f6kken\u0151mentes illeszked\u00e9s\u00e9rt. Vil\u00e1gszerte el\u00e9rhet\u0151 sz\u00e1ll\u00edt\u00e1s.<\/p>\n","protected":false},"featured_media":7302,"template":"","meta":[],"product_brand":[],"product_cat":[42],"product_tag":[17],"class_list":{"0":"post-7252","1":"product","2":"type-product","3":"status-publish","4":"has-post-thumbnail","6":"product_cat-laptop-touchpads","7":"product_tag-dell","9":"first","10":"instock","11":"taxable","12":"shipping-taxable","13":"purchasable","14":"product-type-simple"},"_links":{"self":[{"href":"https:\/\/boreait.com\/hu\/wp-json\/wp\/v2\/product\/7252","targetHints":{"allow":["GET"]}}],"collection":[{"href":"https:\/\/boreait.com\/hu\/wp-json\/wp\/v2\/product"}],"about":[{"href":"https:\/\/boreait.com\/hu\/wp-json\/wp\/v2\/types\/product"}],"wp:featuredmedia":[{"embeddable":true,"href":"https:\/\/boreait.com\/hu\/wp-json\/wp\/v2\/media\/7302"}],"wp:attachment":[{"href":"https:\/\/boreait.com\/hu\/wp-json\/wp\/v2\/media?parent=7252"}],"wp:term":[{"taxonomy":"product_brand","embeddable":true,"href":"https:\/\/boreait.com\/hu\/wp-json\/wp\/v2\/product_brand?post=7252"},{"taxonomy":"product_cat","embeddable":true,"href":"https:\/\/boreait.com\/hu\/wp-json\/wp\/v2\/product_cat?post=7252"},{"taxonomy":"product_tag","embeddable":true,"href":"https:\/\/boreait.com\/hu\/wp-json\/wp\/v2\/product_tag?post=7252"}],"curies":[{"name":"wp","href":"https:\/\/api.w.org\/{rel}","templated":true}]}}