{"id":7250,"date":"2025-09-17T11:48:40","date_gmt":"2025-09-17T09:48:40","guid":{"rendered":"https:\/\/boreait.com\/hu\/?post_type=product&#038;p=7250"},"modified":"2026-01-14T12:47:13","modified_gmt":"2026-01-14T11:47:13","slug":"uj-17-fhd-ips-laptop-kepernyo-nv173fhm-n49-v8-0-msi-asus-acer-modellekkel-kompatibilis-30-tus","status":"publish","type":"product","link":"https:\/\/boreait.com\/hu\/termek\/uj-17-fhd-ips-laptop-kepernyo-nv173fhm-n49-v8-0-msi-asus-acer-modellekkel-kompatibilis-30-tus\/","title":{"rendered":"\u00daJ 17&#8243; FHD IPS laptop k\u00e9perny\u0151 NV173FHM-N49 v8.0 | MSI, Asus, Acer modellekkel kompatibilis | 30 t\u0171s"},"content":{"rendered":"<p><strong>T\u00e9nyleges modell: NV173FHM-N49 v8.0 \/ NV173FHM-N4L \/ N173HCE-E3C<\/strong><\/p>\n<p>Fedezze fel a p\u00e1ratlan vizu\u00e1lis kiv\u00e1l\u00f3s\u00e1got az NV173FHM-N49 v8.0-val, amely egy pr\u00e9mium k\u00e9perny\u0151csere, amelyet arra terveztek, hogy \u00fajra \u00e9letre keltse vagy magasabb szintre emelje laptopja kijelz\u0151j\u00e9t. Ez a 17 h\u00fcvelykes IPS k\u00e9perny\u0151 Full HD felbont\u00e1st (1920 x 1080) k\u00edn\u00e1l, \u00edgy minden r\u00e9szlet \u00e9les, a sz\u00ednek pedig \u00e9l\u00e9nkebbek. Legyen sz\u00f3 j\u00e1t\u00e9kr\u00f3l, streamel\u00e9sr\u0151l vagy munk\u00e1r\u00f3l, az NV173FHM-N49 v8.0 p\u00e1ratlan lebilincsel\u0151 megtekint\u00e9si \u00e9lm\u00e9nyt ny\u00fajt.<\/p>\n<p>A sokoldal\u00fas\u00e1g \u00e9rdek\u00e9ben megalkotott NV173FHM-N49 v8.0 laptopok sz\u00e9les list\u00e1j\u00e1val kompatibilis, bele\u00e9rtve, de nem kiz\u00e1r\u00f3lagosan az MSI, Asus \u00e9s Acer modelljeit. Kompatibilit\u00e1si tartom\u00e1nya olyan n\u00e9pszer\u0171 modellekre terjed ki, mint az MSI GL75 9SC\/9SCK (MS-17E4), Asus TUF FX705DD\/DY, Asus VivoBook S17 S712JA \u00e9s Acer Nitro 5 AN517-41, \u00edgy biztos\u00edtva a t\u00f6k\u00e9letes illeszked\u00e9st sz\u00e1mos ig\u00e9nyhez \u00e9s preferenci\u00e1hoz.<\/p>\n<p>A probl\u00e9mamentes csatlakoztathat\u00f3s\u00e1g \u00e9rdek\u00e9ben 30 t\u0171s csatlakoz\u00f3val \u00e9s k\u00e9t \u00f6ntapad\u00f3 cs\u00edkkal ell\u00e1tott csatlakoz\u00f3val egyszer\u0171 a telep\u00edt\u00e9s, \u00edgy gyorsan jav\u00edthatja laptopja kijelz\u0151j\u00e9t, an\u00e9lk\u00fcl, hogy konzolokra lenne sz\u00fcks\u00e9ge. Ez nemcsak leegyszer\u0171s\u00edti a friss\u00edt\u00e9si folyamatot, hanem meg\u0151rzi k\u00e9sz\u00fcl\u00e9ke eleg\u00e1ns megjelen\u00e9s\u00e9t is.<\/p>\n<p>Az NV173FHM-N49 v8.0 kijelz\u0151panellel nem csak egy k\u00e9perny\u0151t kap; \u00d6n egy kiv\u00e1l\u00f3 megtekint\u00e9si \u00e9lm\u00e9nybe fektet be, amely \u00e9letre kelti a tartalmat. A Full HD felbont\u00e1s pontoss\u00e1g\u00e1t\u00f3l az IPS technol\u00f3gia \u00e9l\u00e9nk sz\u00edneiig \u00e9s sz\u00e9les betekint\u00e9si sz\u00f6geiig ez a k\u00e9perny\u0151 ide\u00e1lis v\u00e1laszt\u00e1s mindazok sz\u00e1m\u00e1ra, akik laptopjuk kijelz\u0151j\u00e9t szeretn\u00e9k friss\u00edteni. Alak\u00edtsa \u00e1t laptopj\u00e1t az NV173FHM-N49 v8.0-val, \u00e9s tapasztalja meg a k\u00fcl\u00f6nbs\u00e9get minden k\u00e9ppontban.<\/p>\n","protected":false},"excerpt":{"rendered":"<p>Bemutatjuk az NV173FHM-N49 v8.0 kijelz\u0151panelt: a t\u00f6k\u00e9letes megold\u00e1s a k\u00e9perny\u0151cser\u00e9re \u00e9s friss\u00edt\u00e9sekre. A laptopok sz\u00e9les sk\u00e1l\u00e1j\u00e1val, k\u00f6zt\u00fck az MSI, Asus, Acer \u00e9s egy\u00e9b modellekkel val\u00f3 kompatibilit\u00e1sra tervezt\u00e9k ezt a 17 h\u00fcvelykes IPS-kijelz\u0151t, amely leny\u0171g\u00f6z\u0151 Full HD (1920 x 1080) k\u00e9pmin\u0151s\u00e9get k\u00edn\u00e1l tart\u00f3k n\u00e9lk\u00fcl a z\u00f6kken\u0151mentes integr\u00e1ci\u00f3 \u00e9rdek\u00e9ben. A 30 t\u0171s csatlakoz\u00f3val \u00e9s k\u00e9t \u00f6ntapad\u00f3 cs\u00edkkal az egyszer\u0171 telep\u00edt\u00e9s \u00e9rdek\u00e9ben t\u00f6k\u00e9letesen illeszkedik az olyan laptopokhoz, mint az MSI GL75, Asus TUF FX705, Acer Aspire \u00e9s m\u00e1sok. Friss\u00edtse megtekint\u00e9si \u00e9lm\u00e9ny\u00e9t krist\u00e1lytiszta k\u00e9pekkel \u00e9s \u00e9l\u00e9nk sz\u00ednekkel m\u00e9g ma.<\/p>\n","protected":false},"featured_media":7298,"template":"","meta":[],"product_brand":[],"product_cat":[72,71],"product_tag":[58],"class_list":{"0":"post-7250","1":"product","2":"type-product","3":"status-publish","4":"has-post-thumbnail","6":"product_cat-17-3","7":"product_cat-new-laptop-screens-lcd-panels","8":"product_tag-msi","10":"first","11":"instock","12":"taxable","13":"shipping-taxable","14":"purchasable","15":"product-type-simple"},"_links":{"self":[{"href":"https:\/\/boreait.com\/hu\/wp-json\/wp\/v2\/product\/7250","targetHints":{"allow":["GET"]}}],"collection":[{"href":"https:\/\/boreait.com\/hu\/wp-json\/wp\/v2\/product"}],"about":[{"href":"https:\/\/boreait.com\/hu\/wp-json\/wp\/v2\/types\/product"}],"wp:featuredmedia":[{"embeddable":true,"href":"https:\/\/boreait.com\/hu\/wp-json\/wp\/v2\/media\/7298"}],"wp:attachment":[{"href":"https:\/\/boreait.com\/hu\/wp-json\/wp\/v2\/media?parent=7250"}],"wp:term":[{"taxonomy":"product_brand","embeddable":true,"href":"https:\/\/boreait.com\/hu\/wp-json\/wp\/v2\/product_brand?post=7250"},{"taxonomy":"product_cat","embeddable":true,"href":"https:\/\/boreait.com\/hu\/wp-json\/wp\/v2\/product_cat?post=7250"},{"taxonomy":"product_tag","embeddable":true,"href":"https:\/\/boreait.com\/hu\/wp-json\/wp\/v2\/product_tag?post=7250"}],"curies":[{"name":"wp","href":"https:\/\/api.w.org\/{rel}","templated":true}]}}