{"id":725,"date":"2025-09-17T09:30:56","date_gmt":"2025-09-17T07:30:56","guid":{"rendered":"https:\/\/boreait.com\/hu\/?post_type=product&#038;p=725"},"modified":"2025-09-17T09:32:16","modified_gmt":"2025-09-17T07:32:16","slug":"lenovo-thinkpad-t460p-usb-modul-modulok-bt463-ns-a611","status":"publish","type":"product","link":"https:\/\/boreait.com\/hu\/termek\/lenovo-thinkpad-t460p-usb-modul-modulok-bt463-ns-a611\/","title":{"rendered":"Lenovo ThinkPad T460p USB modul modulok BT463 NS-A611"},"content":{"rendered":"<p>A Lenovo USB Module Modules BT463 NS-A611 egy eredeti Lenovo tartoz\u00e9k, amelyet a Lenovo ThinkPad T460p csatlakoztat\u00e1si lehet\u0151s\u00e9geinek b\u0151v\u00edt\u00e9s\u00e9re terveztek. Ezzel a modullal tov\u00e1bbi USB-portokat \u00e9s Bluetooth-funkci\u00f3kat \u00e9lvezhet, \u00edgy nagyobb rugalmass\u00e1got biztos\u00edt a k\u00fcl\u00f6nf\u00e9le eszk\u00f6z\u00f6k \u00e9s perif\u00e9ri\u00e1k laptopj\u00e1hoz val\u00f3 csatlakoztat\u00e1s\u00e1ban.<\/p>\n<p>Az USB-modul t\u00f6bb USB-porttal rendelkezik, amelyek lehet\u0151v\u00e9 teszik USB flash meghajt\u00f3k, k\u00fcls\u0151 merevlemezek, nyomtat\u00f3k, billenty\u0171zetek \u00e9s egy\u00e9b USB-eszk\u00f6z\u00f6k csatlakoztat\u00e1s\u00e1t. Ez lehet\u0151v\u00e9 teszi az adatok egyszer\u0171 \u00e1tvitel\u00e9t, a t\u00e1rol\u00f3kapacit\u00e1s b\u0151v\u00edt\u00e9s\u00e9t, valamint a munk\u00e1hoz vagy a sz\u00f3rakoz\u00e1shoz sz\u00fcks\u00e9ges alapvet\u0151 perif\u00e9ri\u00e1k csatlakoztat\u00e1s\u00e1t.<\/p>\n<p>Az USB-portokon k\u00edv\u00fcl a modul Bluetooth-k\u00e9pess\u00e9geket is tartalmaz. Ezzel vezet\u00e9k n\u00e9lk\u00fcli eszk\u00f6z\u00f6ket, p\u00e9ld\u00e1ul fejhallgat\u00f3t, hangsz\u00f3r\u00f3t, egeret \u00e9s billenty\u0171zetet csatlakoztathat laptopj\u00e1hoz an\u00e9lk\u00fcl, hogy \u00f6sszekusz\u00e1l\u00f3dott k\u00e1belekre lenne sz\u00fcks\u00e9ge. A Bluetooth technol\u00f3gia k\u00e9nyelmes \u00e9s megb\u00edzhat\u00f3 vezet\u00e9k n\u00e9lk\u00fcli kapcsolatot biztos\u00edt, n\u00f6velve a termel\u00e9kenys\u00e9get, \u00e9s kik\u00fcsz\u00f6b\u00f6li a rendetlens\u00e9get az asztalon.<\/p>\n<p>A Lenovo BT463 NS-A611 USB-modul modulokat kifejezetten a Lenovo ThinkPad T460p-hez tervezt\u00e9k, \u00edgy biztos\u00edtva a kompatibilit\u00e1st \u00e9s a z\u00f6kken\u0151mentes integr\u00e1ci\u00f3t laptopj\u00e1val. K\u00f6nnyen telep\u00edthet\u0151 \u00e9s csatlakoztathat\u00f3 laptopod alaplapj\u00e1hoz, biztons\u00e1gos \u00e9s megb\u00edzhat\u00f3 kapcsolatot biztos\u00edtva.<\/p>\n<p>Friss\u00edtse Lenovo ThinkPad T460p k\u00e9sz\u00fcl\u00e9k\u00e9t a Lenovo BT463 NS-A611 USB-modulokkal, \u00e9s \u00e9lvezze a tov\u00e1bbi USB-portok \u00e9s a Bluetooth-kapcsolat k\u00e9nyelm\u00e9t. B\u0151v\u00edtse csatlakoz\u00e1si lehet\u0151s\u00e9geit, egyszer\u0171s\u00edtse munkafolyamatait, \u00e9s tegye laptopj\u00e1t m\u00e9g sokoldal\u00fabb\u00e1 \u00e9s funkcion\u00e1lisabb\u00e1.<\/p>\n","protected":false},"excerpt":{"rendered":"<p>N\u00f6velje Lenovo ThinkPad T460p csatlakoztathat\u00f3s\u00e1g\u00e1t \u00e9s funkcionalit\u00e1s\u00e1t a Lenovo BT463 NS-A611 USB-modulokkal. Ez az eredeti Lenovo-tartoz\u00e9k tov\u00e1bbi USB-portokat \u00e9s Bluetooth-k\u00e9pess\u00e9geket biztos\u00edt, lehet\u0151v\u00e9 t\u00e9ve k\u00fcl\u00f6nf\u00e9le eszk\u00f6z\u00f6k \u00e9s perif\u00e9ri\u00e1k csatlakoztat\u00e1s\u00e1t laptopj\u00e1hoz.<\/p>\n","protected":false},"featured_media":788,"template":"","meta":[],"product_brand":[],"product_cat":[27],"product_tag":[26],"class_list":{"0":"post-725","1":"product","2":"type-product","3":"status-publish","4":"has-post-thumbnail","6":"product_cat-motherboards-board-parts","7":"product_tag-lenovo","9":"first","10":"instock","11":"taxable","12":"shipping-taxable","13":"purchasable","14":"product-type-simple"},"_links":{"self":[{"href":"https:\/\/boreait.com\/hu\/wp-json\/wp\/v2\/product\/725","targetHints":{"allow":["GET"]}}],"collection":[{"href":"https:\/\/boreait.com\/hu\/wp-json\/wp\/v2\/product"}],"about":[{"href":"https:\/\/boreait.com\/hu\/wp-json\/wp\/v2\/types\/product"}],"wp:featuredmedia":[{"embeddable":true,"href":"https:\/\/boreait.com\/hu\/wp-json\/wp\/v2\/media\/788"}],"wp:attachment":[{"href":"https:\/\/boreait.com\/hu\/wp-json\/wp\/v2\/media?parent=725"}],"wp:term":[{"taxonomy":"product_brand","embeddable":true,"href":"https:\/\/boreait.com\/hu\/wp-json\/wp\/v2\/product_brand?post=725"},{"taxonomy":"product_cat","embeddable":true,"href":"https:\/\/boreait.com\/hu\/wp-json\/wp\/v2\/product_cat?post=725"},{"taxonomy":"product_tag","embeddable":true,"href":"https:\/\/boreait.com\/hu\/wp-json\/wp\/v2\/product_tag?post=725"}],"curies":[{"name":"wp","href":"https:\/\/api.w.org\/{rel}","templated":true}]}}