{"id":7248,"date":"2025-09-17T11:48:40","date_gmt":"2025-09-17T09:48:40","guid":{"rendered":"https:\/\/boreait.com\/hu\/?post_type=product&#038;p=7248"},"modified":"2025-09-17T11:49:09","modified_gmt":"2025-09-17T09:49:09","slug":"eredeti-hp-probook-430-g5-laptop-lcd-kepernyo-zsanerkeszlet-fbx61001010-fbx61002010","status":"publish","type":"product","link":"https:\/\/boreait.com\/hu\/termek\/eredeti-hp-probook-430-g5-laptop-lcd-kepernyo-zsanerkeszlet-fbx61001010-fbx61002010\/","title":{"rendered":"Eredeti HP Probook 430 G5 laptop LCD k\u00e9perny\u0151 zsan\u00e9rk\u00e9szlet &#8211; FBX61001010 FBX61002010"},"content":{"rendered":"<ul>\n<li>N\u00f6velje meg HP Probook 430 G5 teljes\u00edtm\u00e9ny\u00e9t \u00e9s \u00e9lettartam\u00e1t a haszn\u00e1lt eredeti HP Probook 430 G5 laptop LCD-k\u00e9perny\u0151 zsan\u00e9rk\u00e9szlet\u00fcnkkel. A prec\u00edzen \u00e9s hitelesen megalkotott zsan\u00e9rok z\u00f6kken\u0151mentesen illeszkednek a laptop LCD-k\u00e9perny\u0151j\u00e9hez, \u00e9s megb\u00edzhat\u00f3 stabilit\u00e1st \u00e9s tart\u00f3ss\u00e1got biztos\u00edtanak.<\/li>\n<\/ul>\n<p><strong>F\u0151bb jellemz\u0151k:<\/strong><\/p>\n<ul>\n<li><strong>Eredeti HP alkatr\u00e9szek:<\/strong> Ez a k\u00e9szlet eredeti HP Probook 430 G5 LCD-k\u00e9perny\u0151p\u00e1ntokat tartalmaz, amelyek biztos\u00edtj\u00e1k a kompatibilit\u00e1st \u00e9s az optim\u00e1lis teljes\u00edtm\u00e9nyt.<\/li>\n<li><strong>Alkatr\u00e9szsz\u00e1mok:<\/strong> FBX61001010 FBX61002010<\/li>\n<li><strong>Megb\u00edzhat\u00f3s\u00e1gi tesztel\u00e9se:<\/strong> Zsan\u00e9rjainkat szigor\u00fa tesztel\u00e9snek vetik al\u00e1, hogy megbizonyosodjanak arr\u00f3l, hogy megfelelnek a legmagasabb min\u0151s\u00e9gi \u00e9s megb\u00edzhat\u00f3s\u00e1gi k\u00f6vetelm\u00e9nyeknek.<\/li>\n<li><strong>Egyszer\u0171 telep\u00edt\u00e9s:<\/strong> A felhaszn\u00e1l\u00f3bar\u00e1t telep\u00edt\u00e9shez tervezett zsan\u00e9rok probl\u00e9mamentess\u00e9 teszik a laptop friss\u00edt\u00e9s\u00e9t.<\/li>\n<li><strong>Sz\u00e1ll\u00edt\u00e1s az eg\u00e9sz vil\u00e1gon:<\/strong> Gyors \u00e9s biztons\u00e1gos sz\u00e1ll\u00edt\u00e1st k\u00edn\u00e1lunk az eg\u00e9sz vil\u00e1gon, \u00edgy b\u00e1rhol is van, \u00e9lvezheti az eredeti HP laptop-alkatr\u00e9szek el\u0151nyeit.<\/li>\n<li><strong>Kompatibilit\u00e1s:<\/strong> A kifejezetten a HP Probook 430 G5 modellhez tervezett zsan\u00e9rok t\u00f6k\u00e9letes megold\u00e1st k\u00edn\u00e1lnak a laptop k\u00e9perny\u0151j\u00e9re.<\/li>\n<\/ul>\n<p>Magabiztosan friss\u00edtse laptopj\u00e1t, tudva, hogy eredeti HP alkatr\u00e9szeket kap, amelyeket alaposan teszteltek. K\u00e9rj\u00fck, vegye figyelembe, hogy nem adunk l\u00e9p\u00e9sr\u0151l l\u00e9p\u00e9sre cser\u00e9re vonatkoz\u00f3 utas\u00edt\u00e1sokat, de ha b\u00e1rmilyen k\u00e9rd\u00e9se van, vagy seg\u00edts\u00e9gre van sz\u00fcks\u00e9ge, forduljon bizalommal. A list\u00e1n szerepl\u0151 val\u00f3di fot\u00f3k pontosan azokat a r\u00e9szeket mutatj\u00e1k be, amelyeket kapni fog, biztos\u00edtva az \u00e1tl\u00e1that\u00f3s\u00e1got \u00e9s a v\u00e1s\u00e1rl\u00e1s bizalm\u00e1t. Ha tov\u00e1bbi seg\u00edts\u00e9gre van sz\u00fcks\u00e9ge, ne habozzon, k\u00fcldj\u00f6n nek\u00fcnk \u00fczenetet. N\u00f6velje HP Probook 430 G5 teljes\u00edtm\u00e9ny\u00e9t az eredeti laptop LCD-k\u00e9perny\u0151 csukl\u00f3p\u00e1ntk\u00e9szlet\u00fcnkkel m\u00e9g ma!<\/p>\n","protected":false},"excerpt":{"rendered":"<p>Friss\u00edtse HP Probook 430 G5 k\u00e9sz\u00fcl\u00e9k\u00e9t ezzel az autentikus LCD-k\u00e9perny\u0151 csukl\u00f3p\u00e1nt-k\u00e9szlettel. A min\u0151s\u00e9g \u00e9s a megb\u00edzhat\u00f3s\u00e1g szempontj\u00e1b\u00f3l tesztelt, ezek az eredeti HP alkatr\u00e9szek t\u00f6k\u00e9letes illeszked\u00e9st biztos\u00edtanak laptopj\u00e1hoz. Gyors \u00e9s biztons\u00e1gos sz\u00e1ll\u00edt\u00e1s vil\u00e1gszerte. Fokozza m\u00e9g ma laptopja \u00e9lm\u00e9ny\u00e9t!<\/p>\n","protected":false},"featured_media":7295,"template":"","meta":[],"product_brand":[],"product_cat":[19],"product_tag":[25],"class_list":{"0":"post-7248","1":"product","2":"type-product","3":"status-publish","4":"has-post-thumbnail","6":"product_cat-screen-hinge","7":"product_tag-hp","9":"first","10":"instock","11":"taxable","12":"shipping-taxable","13":"purchasable","14":"product-type-simple"},"_links":{"self":[{"href":"https:\/\/boreait.com\/hu\/wp-json\/wp\/v2\/product\/7248","targetHints":{"allow":["GET"]}}],"collection":[{"href":"https:\/\/boreait.com\/hu\/wp-json\/wp\/v2\/product"}],"about":[{"href":"https:\/\/boreait.com\/hu\/wp-json\/wp\/v2\/types\/product"}],"wp:featuredmedia":[{"embeddable":true,"href":"https:\/\/boreait.com\/hu\/wp-json\/wp\/v2\/media\/7295"}],"wp:attachment":[{"href":"https:\/\/boreait.com\/hu\/wp-json\/wp\/v2\/media?parent=7248"}],"wp:term":[{"taxonomy":"product_brand","embeddable":true,"href":"https:\/\/boreait.com\/hu\/wp-json\/wp\/v2\/product_brand?post=7248"},{"taxonomy":"product_cat","embeddable":true,"href":"https:\/\/boreait.com\/hu\/wp-json\/wp\/v2\/product_cat?post=7248"},{"taxonomy":"product_tag","embeddable":true,"href":"https:\/\/boreait.com\/hu\/wp-json\/wp\/v2\/product_tag?post=7248"}],"curies":[{"name":"wp","href":"https:\/\/api.w.org\/{rel}","templated":true}]}}