{"id":724,"date":"2025-09-17T09:30:56","date_gmt":"2025-09-17T07:30:56","guid":{"rendered":"https:\/\/boreait.com\/hu\/?post_type=product&#038;p=724"},"modified":"2026-01-07T09:25:42","modified_gmt":"2026-01-07T08:25:42","slug":"lenovo-thinkpad-t460s-ujjlenyomat-olvaso-kartya-sc50f54325-kabellel","status":"publish","type":"product","link":"https:\/\/boreait.com\/hu\/termek\/lenovo-thinkpad-t460s-ujjlenyomat-olvaso-kartya-sc50f54325-kabellel\/","title":{"rendered":"Lenovo ThinkPad T460s ujjlenyomat-olvas\u00f3 k\u00e1rtya SC50F54325 k\u00e1bellel"},"content":{"rendered":"<p>A Lenovo ThinkPad T460s ujjlenyomat-olvas\u00f3 k\u00e1rtya SC50F54325 k\u00e1bellel egy eredeti Lenovo tartoz\u00e9k, amelyet laptopja biztons\u00e1g\u00e1nak \u00e9s k\u00e9nyelm\u00e9nek fokoz\u00e1s\u00e1ra terveztek. Ezzel az ujjlenyomat-olvas\u00f3 k\u00e1rty\u00e1val egyszer\u0171en \u00e9s biztons\u00e1gosan bejelentkezhet Lenovo ThinkPad T460s k\u00e9sz\u00fcl\u00e9k\u00e9re egyedi ujjlenyomata seg\u00edts\u00e9g\u00e9vel.<\/p>\n<p>A biometrikus technol\u00f3gi\u00e1t haszn\u00e1l\u00f3 ujjlenyomat-olvas\u00f3 extra v\u00e9delmet ny\u00fajt laptopja \u00e9s bizalmas adatai sz\u00e1m\u00e1ra. Ahelyett, hogy a hagyom\u00e1nyos jelszavakra hagyatkozna, amelyeket k\u00f6nnyen elfelejthet vagy felt\u00f6rhet, egyszer\u0171en cs\u00fasztassa az ujj\u00e1t az \u00e9rz\u00e9kel\u0151n a laptop z\u00e1rol\u00e1s\u00e1nak felold\u00e1s\u00e1hoz. Ez biztos\u00edtja, hogy csak az arra jogosult felhaszn\u00e1l\u00f3k f\u00e9rhessenek hozz\u00e1 az eszk\u00f6zh\u00f6z.<\/p>\n<p>Az SC50F54325 k\u00e1bellel ell\u00e1tott ujjlenyomat-olvas\u00f3 t\u00e1bla kifejezetten a Lenovo ThinkPad T460s sz\u00e1m\u00e1ra k\u00e9sz\u00fclt, \u00edgy biztos\u00edtja a kompatibilit\u00e1st \u00e9s a z\u00f6kken\u0151mentes integr\u00e1ci\u00f3t laptopj\u00e1val. Tartozik hozz\u00e1 a sz\u00fcks\u00e9ges k\u00e1bel az egyszer\u0171 telep\u00edt\u00e9shez \u00e9s a laptop alaplapj\u00e1hoz val\u00f3 csatlakoztat\u00e1shoz.<\/p>\n<p>Az ujjlenyomat-olvas\u00f3 t\u00e1bl\u00e1val jelszavak megad\u00e1sa n\u00e9lk\u00fcl \u00e9lvezheti a laptop gyors \u00e9s biztons\u00e1gos el\u00e9r\u00e9s\u00e9nek k\u00e9nyelm\u00e9t. Id\u0151t takar\u00edt meg, \u00e9s nyugalmat biztos\u00edt, tudv\u00e1n, hogy szem\u00e9lyes \u00e9s \u00fczleti adatai v\u00e9dettek.<\/p>\n<p>Friss\u00edtse Lenovo ThinkPad T460s k\u00e9sz\u00fcl\u00e9k\u00e9t az SC50F54325 k\u00e1bellel ell\u00e1tott ujjlenyomat-olvas\u00f3 k\u00e1rty\u00e1val, \u00e9s tapasztalja meg az ujjlenyomat-hiteles\u00edt\u00e9s fokozott biztons\u00e1g\u00e1t \u00e9s k\u00e9nyelm\u00e9t. \u00c9lvezze a gyors \u00e9s biztons\u00e1gos bejelentkez\u00e9st, v\u00e9dje meg bizalmas adatait, \u00e9s egyszer\u0171s\u00edtse napi munkafolyamatait.<\/p>\n","protected":false},"excerpt":{"rendered":"<p>N\u00f6velje Lenovo ThinkPad T460s biztons\u00e1g\u00e1t \u00e9s k\u00e9nyelm\u00e9t az SC50F54325 k\u00e1bellel ell\u00e1tott ujjlenyomat-olvas\u00f3 k\u00e1rty\u00e1val. Ezzel az eredeti Lenovo-kieg\u00e9sz\u00edt\u0151vel k\u00f6nnyed\u00e9n \u00e9s biztons\u00e1gosan bejelentkezhet laptopj\u00e1ba ujjlenyomata seg\u00edts\u00e9g\u00e9vel, \u00edgy tov\u00e1bbi v\u00e9delmet biztos\u00edt \u00e9rz\u00e9keny adatainak.<\/p>\n","protected":false},"featured_media":787,"template":"","meta":[],"product_brand":[],"product_cat":[27],"product_tag":[26],"class_list":{"0":"post-724","1":"product","2":"type-product","3":"status-publish","4":"has-post-thumbnail","6":"product_cat-motherboards-board-parts","7":"product_tag-lenovo","9":"first","10":"instock","11":"taxable","12":"shipping-taxable","13":"purchasable","14":"product-type-simple"},"_links":{"self":[{"href":"https:\/\/boreait.com\/hu\/wp-json\/wp\/v2\/product\/724","targetHints":{"allow":["GET"]}}],"collection":[{"href":"https:\/\/boreait.com\/hu\/wp-json\/wp\/v2\/product"}],"about":[{"href":"https:\/\/boreait.com\/hu\/wp-json\/wp\/v2\/types\/product"}],"wp:featuredmedia":[{"embeddable":true,"href":"https:\/\/boreait.com\/hu\/wp-json\/wp\/v2\/media\/787"}],"wp:attachment":[{"href":"https:\/\/boreait.com\/hu\/wp-json\/wp\/v2\/media?parent=724"}],"wp:term":[{"taxonomy":"product_brand","embeddable":true,"href":"https:\/\/boreait.com\/hu\/wp-json\/wp\/v2\/product_brand?post=724"},{"taxonomy":"product_cat","embeddable":true,"href":"https:\/\/boreait.com\/hu\/wp-json\/wp\/v2\/product_cat?post=724"},{"taxonomy":"product_tag","embeddable":true,"href":"https:\/\/boreait.com\/hu\/wp-json\/wp\/v2\/product_tag?post=724"}],"curies":[{"name":"wp","href":"https:\/\/api.w.org\/{rel}","templated":true}]}}