{"id":723,"date":"2025-09-17T09:30:56","date_gmt":"2025-09-17T07:30:56","guid":{"rendered":"https:\/\/boreait.com\/hu\/?post_type=product&#038;p=723"},"modified":"2026-01-07T09:25:24","modified_gmt":"2026-01-07T08:25:24","slug":"intel-8260-ngw-wifi-bluetooth-modul-set-dell-mini-3020-3060-3040-3050-9020-7040","status":"publish","type":"product","link":"https:\/\/boreait.com\/hu\/termek\/intel-8260-ngw-wifi-bluetooth-modul-set-dell-mini-3020-3060-3040-3050-9020-7040\/","title":{"rendered":"Intel 8260 NGW WiFi Bluetooth modul SET Dell MINI 3020 3060 3040 3050 9020 7040"},"content":{"rendered":"<p>Fokozza Dell MINI 3020, 3060, 3040, 3050, 9020 vagy 7040 asztali sz\u00e1m\u00edt\u00f3g\u00e9p\u00e9nek vezet\u00e9k n\u00e9lk\u00fcli k\u00e9pess\u00e9geit az Intel 8260 NGW WiFi Bluetooth modulk\u00e9szlettel. Ez a k\u00e9szlet egy nagy teljes\u00edtm\u00e9ny\u0171 vezet\u00e9k n\u00e9lk\u00fcli k\u00e1rty\u00e1t tartalmaz, amely megb\u00edzhat\u00f3 \u00e9s nagy sebess\u00e9g\u0171 vezet\u00e9k n\u00e9lk\u00fcli kapcsolatot biztos\u00edt asztali sz\u00e1m\u00edt\u00f3g\u00e9p\u00e9hez.<\/p>\n<p>Az Intel 8260 NGW WiFi Bluetooth modul t\u00e1mogatja a leg\u00fajabb 802.11ac WiFi szabv\u00e1nyt, nagyobb sebess\u00e9get, jobb hat\u00f3t\u00e1vols\u00e1got \u00e9s cs\u00f6kkentett interferenci\u00e1t k\u00edn\u00e1lva a kor\u00e1bbi WiFi szabv\u00e1nyokhoz k\u00e9pest. Ezzel a modullal z\u00f6kken\u0151mentes \u00e9s k\u00e9s\u00e9smentes online j\u00e1t\u00e9kot, streamel\u00e9st \u00e9s let\u00f6lt\u00e9st tapasztalhat.<\/p>\n<p>Emellett a modul Bluetooth 4.2 technol\u00f3gi\u00e1val is rendelkezik, amely lehet\u0151v\u00e9 teszi vezet\u00e9k n\u00e9lk\u00fcli perif\u00e9ri\u00e1k, p\u00e9ld\u00e1ul billenty\u0171zetek, egerek \u00e9s fejhallgat\u00f3k csatlakoztat\u00e1s\u00e1t. K\u00f6nnyed\u00e9n p\u00e1ros\u00edthatja asztal\u00e1t Bluetooth-kompatibilis eszk\u00f6z\u00f6kkel a z\u00f6kken\u0151mentes adat\u00e1tvitel \u00e9s a k\u00e9nyelmes vezet\u00e9k n\u00e9lk\u00fcli vez\u00e9rl\u00e9s \u00e9rdek\u00e9ben.<\/p>\n<p>Az Intel 8260 NGW WiFi Bluetooth modul telep\u00edt\u00e9se egyszer\u0171, \u00e9s csak alapvet\u0151 sz\u00e1m\u00edt\u00f3g\u00e9pes ismereteket ig\u00e9nyel. A modul kompatibilis a megadott Dell asztali modellekkel, \u00e9s biztons\u00e1gosan illeszkedik a rendelkez\u00e9sre \u00e1ll\u00f3 PCIe foglalatba, \u00edgy stabil \u00e9s megb\u00edzhat\u00f3 kapcsolatot biztos\u00edt.<\/p>\n<p>Friss\u00edtse Dell MINI asztali sz\u00e1m\u00edt\u00f3g\u00e9p\u00e9t az Intel 8260 NGW WiFi Bluetooth modulk\u00e9szlettel, \u00e9s \u00e9lvezze a gyors, megb\u00edzhat\u00f3 \u00e9s k\u00e9nyelmes vezet\u00e9k n\u00e9lk\u00fcli kapcsolatot. Maradjon kapcsolatban, streameljen m\u00e9di\u00e1t, \u00e9s dolgozzon hat\u00e9konyan a kusza k\u00e1belek miatti gond n\u00e9lk\u00fcl. Ezzel a friss\u00edt\u00e9ssel az asztali sz\u00e1m\u00edt\u00f3g\u00e9pe a leg\u00fajabb vezet\u00e9k n\u00e9lk\u00fcli technol\u00f3gi\u00e1kkal lesz felszerelve, \u00edgy tov\u00e1bbfejlesztett sz\u00e1m\u00edt\u00e1stechnikai \u00e9lm\u00e9nyt ny\u00fajt.<\/p>\n","protected":false},"excerpt":{"rendered":"<p>Friss\u00edtse Dell MINI 3020, 3060, 3040, 3050, 9020 vagy 7040 asztali sz\u00e1m\u00edt\u00f3g\u00e9p\u00e9t az Intel 8260 NGW WiFi Bluetooth modulk\u00e9szlettel. Ez a k\u00e9szlet tartalmaz egy nagy teljes\u00edtm\u00e9ny\u0171 vezet\u00e9k n\u00e9lk\u00fcli k\u00e1rty\u00e1t, amely t\u00e1mogatja a leg\u00fajabb WiFi \u00e9s Bluetooth technol\u00f3gi\u00e1kat, lehet\u0151v\u00e9 t\u00e9ve, hogy \u00e9lvezze a gyors \u00e9s megb\u00edzhat\u00f3 vezet\u00e9k n\u00e9lk\u00fcli kapcsolatot asztali sz\u00e1m\u00edt\u00f3g\u00e9p\u00e9hez.<\/p>\n","protected":false},"featured_media":786,"template":"","meta":[],"product_brand":[],"product_cat":[27],"product_tag":[17],"class_list":{"0":"post-723","1":"product","2":"type-product","3":"status-publish","4":"has-post-thumbnail","6":"product_cat-motherboards-board-parts","7":"product_tag-dell","9":"first","10":"instock","11":"taxable","12":"shipping-taxable","13":"purchasable","14":"product-type-simple"},"_links":{"self":[{"href":"https:\/\/boreait.com\/hu\/wp-json\/wp\/v2\/product\/723","targetHints":{"allow":["GET"]}}],"collection":[{"href":"https:\/\/boreait.com\/hu\/wp-json\/wp\/v2\/product"}],"about":[{"href":"https:\/\/boreait.com\/hu\/wp-json\/wp\/v2\/types\/product"}],"wp:featuredmedia":[{"embeddable":true,"href":"https:\/\/boreait.com\/hu\/wp-json\/wp\/v2\/media\/786"}],"wp:attachment":[{"href":"https:\/\/boreait.com\/hu\/wp-json\/wp\/v2\/media?parent=723"}],"wp:term":[{"taxonomy":"product_brand","embeddable":true,"href":"https:\/\/boreait.com\/hu\/wp-json\/wp\/v2\/product_brand?post=723"},{"taxonomy":"product_cat","embeddable":true,"href":"https:\/\/boreait.com\/hu\/wp-json\/wp\/v2\/product_cat?post=723"},{"taxonomy":"product_tag","embeddable":true,"href":"https:\/\/boreait.com\/hu\/wp-json\/wp\/v2\/product_tag?post=723"}],"curies":[{"name":"wp","href":"https:\/\/api.w.org\/{rel}","templated":true}]}}