{"id":722,"date":"2025-09-17T09:30:56","date_gmt":"2025-09-17T07:30:56","guid":{"rendered":"https:\/\/boreait.com\/hu\/?post_type=product&#038;p=722"},"modified":"2026-01-07T09:25:04","modified_gmt":"2026-01-07T08:25:04","slug":"lenovo-thinkpad-t460-t460s-ac-dc-jack-tapkabel-dc30100qg00-us-vezetekkel","status":"publish","type":"product","link":"https:\/\/boreait.com\/hu\/termek\/lenovo-thinkpad-t460-t460s-ac-dc-jack-tapkabel-dc30100qg00-us-vezetekkel\/","title":{"rendered":"Lenovo ThinkPad T460 T460S AC DC jack t\u00e1pk\u00e1bel DC30100QG00 US vezet\u00e9kkel"},"content":{"rendered":"<p>Biztos\u00edtsa a Lenovo ThinkPad T460 vagy T460s megszak\u00edt\u00e1s n\u00e9lk\u00fcli t\u00e1pell\u00e1t\u00e1s\u00e1t az eredeti DC30100QG00 US AC DC t\u00e1pk\u00e1bellel. Ha a laptop t\u00e1pcsatlakoz\u00e1sa meglazult, s\u00e9r\u00fclt vagy nem m\u0171k\u00f6dik megfelel\u0151en, ez a cserek\u00e1bel a megfelel\u0151 megold\u00e1s.<\/p>\n<p>Kifejezetten a ThinkPad T460 \u00e9s T460s modellekhez tervezett t\u00e1pk\u00e1bel rendelkezik a sz\u00fcks\u00e9ges csatlakoz\u00f3kkal \u00e9s vezet\u00e9kekkel, hogy \u00e1ramot sz\u00e1ll\u00edtson a h\u00e1l\u00f3zati adapterr\u0151l a laptop alaplapj\u00e1ra. Biztons\u00e1gos \u00e9s stabil kapcsolatot biztos\u00edt, kik\u00fcsz\u00f6b\u00f6lve az \u00e1ramell\u00e1t\u00e1ssal kapcsolatos probl\u00e9m\u00e1kat, \u00e9s lehet\u0151v\u00e9 teszi a laptop megszak\u00edt\u00e1s n\u00e9lk\u00fcli haszn\u00e1lat\u00e1t.<\/p>\n<p>A DC30100QG00 US t\u00e1pk\u00e1bel kiv\u00e1l\u00f3 min\u0151s\u00e9g\u0171 anyagokb\u00f3l k\u00e9sz\u00fclt, \u00e9s \u00fagy k\u00e9sz\u00fclt, hogy megfeleljen a Lenovo szigor\u00fa teljes\u00edtm\u00e9ny- \u00e9s megb\u00edzhat\u00f3s\u00e1gi szabv\u00e1nyainak. Biztos\u00edtja a hat\u00e9kony energia\u00e1tvitelt, \u00e9s seg\u00edt megv\u00e9deni laptopj\u00e1t az \u00e1ramell\u00e1t\u00e1s okozta k\u00e1rokt\u00f3l, nyugalmat biztos\u00edt \u00e9s meghosszabb\u00edtja eszk\u00f6ze \u00e9lettartam\u00e1t.<\/p>\n<p>A v\u00e1ltakoz\u00f3 \u00e1ram\u00fa egyen\u00e1ram\u00fa t\u00e1pk\u00e1bel cser\u00e9je egyszer\u0171 folyamat, amely alapvet\u0151 eszk\u00f6z\u00f6kkel elv\u00e9gezhet\u0151. Ha a hib\u00e1s k\u00e1belt erre az eredeti Lenovo alkatr\u00e9szre cser\u00e9li, vissza\u00e1ll\u00edthatja ThinkPad T460 vagy T460s t\u00e1pell\u00e1t\u00e1s\u00e1t, \u00e9s \u00e1ramell\u00e1t\u00e1si probl\u00e9m\u00e1k n\u00e9lk\u00fcl folytathatja a laptop haszn\u00e1lat\u00e1t.<\/p>\n<p>V\u00e1lassza az eredeti DC30100QG00 US AC DC t\u00e1pk\u00e1belt, hogy biztos\u00edtsa Lenovo ThinkPad T460 vagy T460s megfelel\u0151 m\u0171k\u00f6d\u00e9s\u00e9t. Tartsa laptopj\u00e1t bekapcsolva, k\u00e9szen \u00e1lljon munk\u00e1ra vagy sz\u00f3rakoz\u00e1sra, \u00e9s \u00e9lvezze a Lenovo \u00e1ltal ismert megb\u00edzhat\u00f3 teljes\u00edtm\u00e9nyt.<\/p>\n","protected":false},"excerpt":{"rendered":"<p>Cser\u00e9lje ki a Lenovo ThinkPad T460 vagy T460s s\u00e9r\u00fclt vagy hib\u00e1s AC DC t\u00e1pk\u00e1bel\u00e9t erre az eredeti DC30100QG00 US t\u00e1pk\u00e1bellel. Ezt a k\u00e1belt \u00fagy tervezt\u00e9k, hogy t\u00f6k\u00e9letesen illeszkedjen \u00e9s megb\u00edzhat\u00f3 t\u00e1pcsatlakoz\u00e1st biztos\u00edtson, \u00e9s biztos\u00edtja, hogy laptopja folyamatosan \u00e1ram alatt maradjon \u00e9s haszn\u00e1latra k\u00e9szen \u00e1lljon.<\/p>\n","protected":false},"featured_media":785,"template":"","meta":[],"product_brand":[],"product_cat":[20],"product_tag":[],"class_list":{"0":"post-722","1":"product","2":"type-product","3":"status-publish","4":"has-post-thumbnail","6":"product_cat-cables","8":"first","9":"instock","10":"taxable","11":"shipping-taxable","12":"purchasable","13":"product-type-simple"},"_links":{"self":[{"href":"https:\/\/boreait.com\/hu\/wp-json\/wp\/v2\/product\/722","targetHints":{"allow":["GET"]}}],"collection":[{"href":"https:\/\/boreait.com\/hu\/wp-json\/wp\/v2\/product"}],"about":[{"href":"https:\/\/boreait.com\/hu\/wp-json\/wp\/v2\/types\/product"}],"wp:featuredmedia":[{"embeddable":true,"href":"https:\/\/boreait.com\/hu\/wp-json\/wp\/v2\/media\/785"}],"wp:attachment":[{"href":"https:\/\/boreait.com\/hu\/wp-json\/wp\/v2\/media?parent=722"}],"wp:term":[{"taxonomy":"product_brand","embeddable":true,"href":"https:\/\/boreait.com\/hu\/wp-json\/wp\/v2\/product_brand?post=722"},{"taxonomy":"product_cat","embeddable":true,"href":"https:\/\/boreait.com\/hu\/wp-json\/wp\/v2\/product_cat?post=722"},{"taxonomy":"product_tag","embeddable":true,"href":"https:\/\/boreait.com\/hu\/wp-json\/wp\/v2\/product_tag?post=722"}],"curies":[{"name":"wp","href":"https:\/\/api.w.org\/{rel}","templated":true}]}}