{"id":7218,"date":"2025-09-17T11:48:16","date_gmt":"2025-09-17T09:48:16","guid":{"rendered":"https:\/\/boreait.com\/hu\/?post_type=product&#038;p=7218"},"modified":"2025-09-17T11:48:56","modified_gmt":"2025-09-17T09:48:56","slug":"eredeti-csuklopantok-34-41e14-201-dell-inspiron-n5110-hez-laptop-alkatreszeinek-csereje","status":"publish","type":"product","link":"https:\/\/boreait.com\/hu\/termek\/eredeti-csuklopantok-34-41e14-201-dell-inspiron-n5110-hez-laptop-alkatreszeinek-csereje\/","title":{"rendered":"Eredeti csukl\u00f3p\u00e1ntok 34.41E14.201 DELL Inspiron N5110-hez \u2013 Laptop alkatr\u00e9szeinek cser\u00e9je"},"content":{"rendered":"<p>N\u00f6velje DELL Inspiron N5110 funkcionalit\u00e1s\u00e1t \u00e9s \u00e9lettartam\u00e1t az eredeti csukl\u00f3s 34.41E14.201 laptop alkatr\u00e9szeinkkel. Ezeket a zsan\u00e9rokat apr\u00f3l\u00e9kosan kidolgozt\u00e1k, hogy t\u00f6k\u00e9letes illeszked\u00e9st \u00e9s optim\u00e1lis teljes\u00edtm\u00e9nyt biztos\u00edtsanak a laptop k\u00e9perny\u0151j\u00e9hez.<\/p>\n<p>Cser\u00e9lje ki a s\u00e9r\u00fclt vagy elhaszn\u00e1l\u00f3dott zsan\u00e9rokat, hogy vissza\u00e1ll\u00edtsa a k\u00e9perny\u0151 sima mozg\u00e1s\u00e1t \u00e9s stabilit\u00e1s\u00e1t. Zsan\u00e9rjainkat \u00fagy tervezt\u00fck, hogy megfeleljenek a DELL Inspiron N5110 pontos specifik\u00e1ci\u00f3inak, \u00edgy biztos\u00edtva a probl\u00e9mamentes telep\u00edt\u00e9si folyamatot.<\/p>\n<p><strong>F\u0151bb jellemz\u0151k:<\/strong><\/p>\n<ul>\n<li>Eredeti DELL laptop alkatr\u00e9szek<\/li>\n<li>Modell: 34.41E14.201<\/li>\n<li>Inspiron N5110 kompatibilis<\/li>\n<li>Gondoskodjon a sima mozg\u00e1sr\u00f3l \u00e9s a tart\u00f3ss\u00e1gr\u00f3l<\/li>\n<li>Vil\u00e1gszerte el\u00e9rhet\u0151 kisz\u00e1ll\u00edt\u00e1s<\/li>\n<\/ul>\n<p>Magabiztosan friss\u00edtse laptopj\u00e1t, tudva, hogy kiv\u00e1l\u00f3 min\u0151s\u00e9g\u0171, hiteles DELL alkatr\u00e9szeket kap. Tiszt\u00e1ban vagyunk a megb\u00edzhat\u00f3 alkatr\u00e9szek fontoss\u00e1g\u00e1val, \u00e9s zsan\u00e9rjaink sem kiv\u00e9telek.<\/p>\n<p>K\u00e9rj\u00fck, vegye figyelembe, hogy nem adunk konkr\u00e9t utas\u00edt\u00e1sokat a cserefolyamathoz. Ha b\u00e1rmilyen k\u00e9rd\u00e9se van, vagy seg\u00edts\u00e9gre van sz\u00fcks\u00e9ge, forduljon hozz\u00e1nk bizalommal. A list\u00e1n szerepl\u0151 term\u00e9kk\u00e9pek val\u00f3di fot\u00f3k a kapott zsan\u00e9rokr\u00f3l, biztos\u00edtva az \u00e1tl\u00e1that\u00f3s\u00e1got \u00e9s a v\u00e1s\u00e1rl\u00e1s bizalm\u00e1t.<\/p>\n<p>V\u00e1lassza a Siggmo-t eredeti laptop-alkatr\u00e9szekhez, \u00e9s m\u00e9g ma fokozza a DELL Inspiron N5110 \u00e9lm\u00e9ny\u00e9t!<\/p>\n","protected":false},"excerpt":{"rendered":"<p>Friss\u00edtse vagy cser\u00e9lje ki DELL Inspiron N5110 zsan\u00e9rjait ezekkel az eredeti 34.41E14.201 laptop alkatr\u00e9szekkel. Biztos\u00edtsa laptopja k\u00e9perny\u0151j\u00e9nek sima mozg\u00e1s\u00e1t \u00e9s tart\u00f3ss\u00e1g\u00e1t. Vil\u00e1gszerte el\u00e9rhet\u0151 sz\u00e1ll\u00edt\u00e1s.<\/p>\n","protected":false},"featured_media":7270,"template":"","meta":[],"product_brand":[],"product_cat":[19],"product_tag":[17],"class_list":{"0":"post-7218","1":"product","2":"type-product","3":"status-publish","4":"has-post-thumbnail","6":"product_cat-screen-hinge","7":"product_tag-dell","9":"first","10":"instock","11":"taxable","12":"shipping-taxable","13":"purchasable","14":"product-type-simple"},"_links":{"self":[{"href":"https:\/\/boreait.com\/hu\/wp-json\/wp\/v2\/product\/7218","targetHints":{"allow":["GET"]}}],"collection":[{"href":"https:\/\/boreait.com\/hu\/wp-json\/wp\/v2\/product"}],"about":[{"href":"https:\/\/boreait.com\/hu\/wp-json\/wp\/v2\/types\/product"}],"wp:featuredmedia":[{"embeddable":true,"href":"https:\/\/boreait.com\/hu\/wp-json\/wp\/v2\/media\/7270"}],"wp:attachment":[{"href":"https:\/\/boreait.com\/hu\/wp-json\/wp\/v2\/media?parent=7218"}],"wp:term":[{"taxonomy":"product_brand","embeddable":true,"href":"https:\/\/boreait.com\/hu\/wp-json\/wp\/v2\/product_brand?post=7218"},{"taxonomy":"product_cat","embeddable":true,"href":"https:\/\/boreait.com\/hu\/wp-json\/wp\/v2\/product_cat?post=7218"},{"taxonomy":"product_tag","embeddable":true,"href":"https:\/\/boreait.com\/hu\/wp-json\/wp\/v2\/product_tag?post=7218"}],"curies":[{"name":"wp","href":"https:\/\/api.w.org\/{rel}","templated":true}]}}