{"id":721,"date":"2025-09-17T09:30:56","date_gmt":"2025-09-17T07:30:56","guid":{"rendered":"https:\/\/boreait.com\/hu\/?post_type=product&#038;p=721"},"modified":"2026-01-07T09:24:45","modified_gmt":"2026-01-07T08:24:45","slug":"lenovo-thinkpad-14-t460p-eredeti-laptop-usb-kartya-wcable-ns-a612-dc02c008b00","status":"publish","type":"product","link":"https:\/\/boreait.com\/hu\/termek\/lenovo-thinkpad-14-t460p-eredeti-laptop-usb-kartya-wcable-ns-a612-dc02c008b00\/","title":{"rendered":"Lenovo ThinkPad 14\u2019\u2019 T460P eredeti laptop USB k\u00e1rtya wCable NS-A612 DC02C008B00"},"content":{"rendered":"<p>\u00c1ll\u00edtsa vissza a Lenovo ThinkPad T460p USB-funkci\u00f3it az eredeti NS-A612 DC02C008B00 USB-k\u00e1rty\u00e1val \u00e9s k\u00e1bellel. Ezt az eredeti Lenovo cserealkatr\u00e9szt \u00fagy tervezt\u00e9k, hogy t\u00f6k\u00e9letesen illeszkedjen \u00e9s m\u0171k\u00f6dj\u00f6n T460p laptopj\u00e1ban, megb\u00edzhat\u00f3 csatlakoz\u00e1st \u00e9s hat\u00e9kony adat\u00e1tvitelt biztos\u00edtva.<\/p>\n<p>Az USB-k\u00e1rtya t\u00f6bb USB-porttal rendelkezik, amelyek lehet\u0151v\u00e9 teszik k\u00fcl\u00f6nb\u00f6z\u0151 eszk\u00f6z\u00f6k, p\u00e9ld\u00e1ul k\u00fcls\u0151 merevlemezek, billenty\u0171zetek \u00e9s egerek csatlakoztat\u00e1s\u00e1t. A mell\u00e9kelt k\u00e1bel biztos\u00edtja a sz\u00fcks\u00e9ges kapcsolatot az USB k\u00e1rtya \u00e9s a laptop alaplapja k\u00f6z\u00f6tt, biztos\u00edtva a megfelel\u0151 kommunik\u00e1ci\u00f3t \u00e9s funkcionalit\u00e1st.<\/p>\n<p>Ezzel az eredeti USB-k\u00e1rty\u00e1val \u00e9s k\u00e1bellel visszanyerheti a ThinkPad T460p USB-kapcsolat\u00e1nak k\u00e9nyelm\u00e9t \u00e9s termel\u00e9kenys\u00e9g\u00e9t. Legyen sz\u00f3 f\u00e1jlok \u00e1tvitel\u00e9r\u0151l, perif\u00e9ri\u00e1k csatlakoztat\u00e1s\u00e1r\u00f3l vagy eszk\u00f6zeinek t\u00f6lt\u00e9s\u00e9re, ez a cserealkatr\u00e9sz z\u00f6kken\u0151mentes \u00e9s zavartalan m\u0171k\u00f6d\u00e9st biztos\u00edt.<\/p>\n<p>A Lenovo eredeti alkatr\u00e9szek\u00e9nt az NS-A612 DC02C008B00 USB-k\u00e1rtya \u00e9s k\u00e1bel megfelel a legmagasabb min\u0151s\u00e9gi \u00e9s kompatibilit\u00e1si k\u00f6vetelm\u00e9nyeknek. \u00dagy tervezt\u00e9k, hogy kib\u00edrj\u00e1k a mindennapi haszn\u00e1lat f\u00e1radalmait, \u00e9s megb\u00edzhat\u00f3 \u00e9s hossz\u00fa \u00e9lettartam\u00fa megold\u00e1st ny\u00fajtsanak az USB-sz\u00fcks\u00e9gletek kiel\u00e9g\u00edt\u00e9s\u00e9re.<\/p>\n<p>Cser\u00e9lje ki a Lenovo ThinkPad T460p hib\u00e1s USB-k\u00e1rty\u00e1j\u00e1t az eredeti NS-A612 DC02C008B00 USB-k\u00e1rty\u00e1ra \u00e9s -k\u00e1bellel, \u00e9s \u00e9lvezze a z\u00f6kken\u0151mentes csatlakoz\u00e1st \u00e9s a hat\u00e9kony adat\u00e1tvitelt.<\/p>\n","protected":false},"excerpt":{"rendered":"<p>Cser\u00e9lje ki a Lenovo ThinkPad T460p hib\u00e1san m\u0171k\u00f6d\u0151 USB-k\u00e1rty\u00e1j\u00e1t erre az eredeti NS-A612 DC02C008B00 USB-k\u00e1rty\u00e1ra \u00e9s k\u00e1belre. A kifejezetten a T460p modellhez tervezett k\u00e1rtya megb\u00edzhat\u00f3 csatlakoz\u00e1st \u00e9s hat\u00e9kony adat\u00e1tvitelt biztos\u00edt.<\/p>\n","protected":false},"featured_media":776,"template":"","meta":[],"product_brand":[],"product_cat":[27],"product_tag":[26],"class_list":{"0":"post-721","1":"product","2":"type-product","3":"status-publish","4":"has-post-thumbnail","6":"product_cat-motherboards-board-parts","7":"product_tag-lenovo","9":"first","10":"instock","11":"taxable","12":"shipping-taxable","13":"purchasable","14":"product-type-simple"},"_links":{"self":[{"href":"https:\/\/boreait.com\/hu\/wp-json\/wp\/v2\/product\/721","targetHints":{"allow":["GET"]}}],"collection":[{"href":"https:\/\/boreait.com\/hu\/wp-json\/wp\/v2\/product"}],"about":[{"href":"https:\/\/boreait.com\/hu\/wp-json\/wp\/v2\/types\/product"}],"wp:featuredmedia":[{"embeddable":true,"href":"https:\/\/boreait.com\/hu\/wp-json\/wp\/v2\/media\/776"}],"wp:attachment":[{"href":"https:\/\/boreait.com\/hu\/wp-json\/wp\/v2\/media?parent=721"}],"wp:term":[{"taxonomy":"product_brand","embeddable":true,"href":"https:\/\/boreait.com\/hu\/wp-json\/wp\/v2\/product_brand?post=721"},{"taxonomy":"product_cat","embeddable":true,"href":"https:\/\/boreait.com\/hu\/wp-json\/wp\/v2\/product_cat?post=721"},{"taxonomy":"product_tag","embeddable":true,"href":"https:\/\/boreait.com\/hu\/wp-json\/wp\/v2\/product_tag?post=721"}],"curies":[{"name":"wp","href":"https:\/\/api.w.org\/{rel}","templated":true}]}}