{"id":720,"date":"2025-09-17T09:30:56","date_gmt":"2025-09-17T07:30:56","guid":{"rendered":"https:\/\/boreait.com\/hu\/?post_type=product&#038;p=720"},"modified":"2025-09-17T09:32:00","modified_gmt":"2025-09-17T07:32:00","slug":"lcd-fedel-lenovo-thinkpad-t460p-ap10a000300-keszulekhez","status":"publish","type":"product","link":"https:\/\/boreait.com\/hu\/termek\/lcd-fedel-lenovo-thinkpad-t460p-ap10a000300-keszulekhez\/","title":{"rendered":"LCD fed\u00e9l Lenovo ThinkPad T460p AP10A000300 k\u00e9sz\u00fcl\u00e9khez"},"content":{"rendered":"<p><strong>UGYANAZ, MINT A ADATLAP FOT\u00d3J\u00c1N!<\/strong><\/p>\n<p>Friss\u00edtse Lenovo ThinkPad T460p eszt\u00e9tikai megjelen\u00e9s\u00e9t az eredeti AP10A000300 t\u00edpus\u00fa LCD-burkolattal. Ezt a p\u00f3talkatr\u00e9szt \u00fagy tervezt\u00e9k, hogy t\u00f6k\u00e9letesen illeszkedjen T460p laptopj\u00e1hoz, eleg\u00e1ns \u00e9s professzion\u00e1lis megjelen\u00e9st biztos\u00edtva, mik\u00f6zben v\u00e9di az LCD-kijelz\u0151t.<\/p>\n<p>A kiv\u00e1l\u00f3 min\u0151s\u00e9g\u0171 anyagokb\u00f3l k\u00e9sz\u00fclt LCD-burkolat tart\u00f3ss\u00e1got \u00e9s hossz\u00fa \u00e9lettartamot biztos\u00edt. \u00dagy tervezt\u00e9k, hogy ellen\u00e1lljon a napi haszn\u00e1latnak, \u00e9s meg\u00f3vja laptopj\u00e1t a karcol\u00e1sokt\u00f3l \u00e9s egy\u00e9b lehets\u00e9ges s\u00e9r\u00fcl\u00e9sekt\u0151l. A burkolat pontos illeszked\u00e9se \u00e9s kidolgoz\u00e1sa biztos\u00edtja, hogy z\u00f6kken\u0151mentesen illeszkedjen a T460p \u00e1ltal\u00e1nos kialak\u00edt\u00e1s\u00e1ba, meg\u0151rizve a laptop eleg\u00e1ns profilj\u00e1t.<\/p>\n<p>Ak\u00e1r egy s\u00e9r\u00fclt LCD-burkolatot kell kicser\u00e9lnie, ak\u00e1r egyszer\u0171en csak \u00faj k\u00fcls\u0151t szeretne adni ThinkPad T460p-j\u00e9nek, ez az eredeti Lenovo cserealkatr\u00e9sz a t\u00f6k\u00e9letes v\u00e1laszt\u00e1s. Ezt a Lenovo min\u0151s\u00e9gi szabv\u00e1nyai t\u00e1masztj\u00e1k al\u00e1, biztos\u00edtva, hogy megfeleljen a legmagasabb szint\u0171 teljes\u00edtm\u00e9nynek \u00e9s megb\u00edzhat\u00f3s\u00e1gnak.<\/p>\n<p>Friss\u00edtse Lenovo ThinkPad T460p k\u00e9sz\u00fcl\u00e9k\u00e9t az eredeti AP10A000300 t\u00edpus\u00fa LCD-burkolattal, \u00e9s \u00e9lvezze a tetszet\u0151s \u00e9s v\u00e9dett laptop \u00e9lm\u00e9nyt.<\/p>\n","protected":false},"excerpt":{"rendered":"<p>Ezzel az eredeti LCD-burkolattal jav\u00edthatja ki Lenovo ThinkPad T460p LCD-kijelz\u0151j\u00e9nek megjelen\u00e9s\u00e9t \u00e9s v\u00e9delm\u00e9t. Ez a kifejezetten a T460p modellhez tervezett AP10A000300 cserealkatr\u00e9sz friss \u00e9s professzion\u00e1lis megjelen\u00e9st k\u00f6lcs\u00f6n\u00f6z laptopj\u00e1nak.<\/p>\n","protected":false},"featured_media":774,"template":"","meta":[],"product_brand":[],"product_cat":[16],"product_tag":[26],"class_list":{"0":"post-720","1":"product","2":"type-product","3":"status-publish","4":"has-post-thumbnail","6":"product_cat-laptop-housing","7":"product_tag-lenovo","9":"first","10":"instock","11":"taxable","12":"shipping-taxable","13":"purchasable","14":"product-type-simple"},"_links":{"self":[{"href":"https:\/\/boreait.com\/hu\/wp-json\/wp\/v2\/product\/720","targetHints":{"allow":["GET"]}}],"collection":[{"href":"https:\/\/boreait.com\/hu\/wp-json\/wp\/v2\/product"}],"about":[{"href":"https:\/\/boreait.com\/hu\/wp-json\/wp\/v2\/types\/product"}],"wp:featuredmedia":[{"embeddable":true,"href":"https:\/\/boreait.com\/hu\/wp-json\/wp\/v2\/media\/774"}],"wp:attachment":[{"href":"https:\/\/boreait.com\/hu\/wp-json\/wp\/v2\/media?parent=720"}],"wp:term":[{"taxonomy":"product_brand","embeddable":true,"href":"https:\/\/boreait.com\/hu\/wp-json\/wp\/v2\/product_brand?post=720"},{"taxonomy":"product_cat","embeddable":true,"href":"https:\/\/boreait.com\/hu\/wp-json\/wp\/v2\/product_cat?post=720"},{"taxonomy":"product_tag","embeddable":true,"href":"https:\/\/boreait.com\/hu\/wp-json\/wp\/v2\/product_tag?post=720"}],"curies":[{"name":"wp","href":"https:\/\/api.w.org\/{rel}","templated":true}]}}