{"id":7189,"date":"2025-09-17T11:47:53","date_gmt":"2025-09-17T09:47:53","guid":{"rendered":"https:\/\/boreait.com\/hu\/?post_type=product&#038;p=7189"},"modified":"2026-01-19T18:52:51","modified_gmt":"2026-01-19T17:52:51","slug":"eredeti-laptop-usb-audiokartya-lenovo-z710-hez-69n0b5b20a01","status":"publish","type":"product","link":"https:\/\/boreait.com\/hu\/termek\/eredeti-laptop-usb-audiokartya-lenovo-z710-hez-69n0b5b20a01\/","title":{"rendered":"Eredeti laptop USB audiok\u00e1rtya Lenovo Z710-hez &#8211; 69N0B5B20A01"},"content":{"rendered":"<ul>\n<li>Alak\u00edtsa \u00e1t Lenovo Z710-\u00e9t az eredeti laptop USB audiok\u00e1rty\u00e1val, amelyet kifejezetten az audio rajong\u00f3k \u00e9s a megb\u00edzhat\u00f3 USB-kapcsolatra szorul\u00f3k sz\u00e1m\u00e1ra terveztek. Ez a t\u00f6k\u00e9letesre kidolgozott t\u00e1bla z\u00f6kken\u0151mentes integr\u00e1ci\u00f3t biztos\u00edt laptopj\u00e1ba, \u00e9s nemcsak krist\u00e1lytiszta hangz\u00e1st biztos\u00edt, hanem tart\u00f3s megold\u00e1st is k\u00edn\u00e1l hangsz\u00fcks\u00e9gleteihez. Lenovo cikksz\u00e1m: 69N0B5B20A01.<\/li>\n<\/ul>\n<p><strong>F\u0151bb jellemz\u0151k:<\/strong><\/p>\n<ul>\n<li><strong>Kompatibilit\u00e1s:<\/strong> Kifejezetten Lenovo Z710 laptopokhoz tervezt\u00e9k, \u00edgy biztos\u00edtva a t\u00f6k\u00e9letes illeszked\u00e9st.<\/li>\n<li><strong>Tov\u00e1bbfejlesztett hangmin\u0151s\u00e9g:<\/strong> Tapasztalja meg a kiv\u00e1l\u00f3 hangteljes\u00edtm\u00e9nyt ezzel az USB audiok\u00e1rty\u00e1val.<\/li>\n<li><strong>Z\u00f6kken\u0151mentes csatlakoztathat\u00f3s\u00e1g:<\/strong> \u00c9lvezze az audioeszk\u00f6z\u00f6k probl\u00e9mamentes USB-csatlakoz\u00e1s\u00e1t.<\/li>\n<li><strong>Eredeti csere:<\/strong> Eredeti alkatr\u00e9sz a pontos \u00e9s megb\u00edzhat\u00f3 illeszked\u00e9s\u00e9rt.<\/li>\n<li><strong>Egyszer\u0171 telep\u00edt\u00e9s:<\/strong> K\u00f6nnyed\u00e9n cser\u00e9lje ki megl\u00e9v\u0151 k\u00e1rty\u00e1j\u00e1t; nem tartalmaz bonyolult utas\u00edt\u00e1sokat, de ha seg\u00edts\u00e9gre van sz\u00fcks\u00e9ge, forduljon bizalommal.<\/li>\n<\/ul>\n<p>Friss\u00edtse Lenovo Z710 k\u00e9sz\u00fcl\u00e9k\u00e9t most, \u00e9s fedezze fel \u00fajra a mag\u00e1val ragad\u00f3 hangz\u00e1s \u00f6r\u00f6m\u00e9t. Ezt a t\u00e1bl\u00e1t gondosan ellen\u0151rizt\u00e9k \u00e9s tesztelt\u00e9k, hogy megfeleljen a legmagasabb szabv\u00e1nyoknak, \u00edgy biztos\u00edtva az \u00d6n el\u00e9gedetts\u00e9g\u00e9t. A list\u00e1n szerepl\u0151 val\u00f3di term\u00e9kfot\u00f3k pontosan azt mutatj\u00e1k be, amit kapsz \u2013 egy cs\u00facsmin\u0151s\u00e9g\u0171 USB audio k\u00e1rty\u00e1t laptopodhoz.<\/p>\n","protected":false},"excerpt":{"rendered":"<p>N\u00f6velje Lenovo Z710 hang\u00e9lm\u00e9ny\u00e9t eredeti laptop USB audiok\u00e1rty\u00e1nkkal. Cser\u00e9lje le megl\u00e9v\u0151 k\u00e1rty\u00e1j\u00e1t erre a kiv\u00e1l\u00f3 min\u0151s\u00e9g\u0171 alkatr\u00e9szre a jobb hangmin\u0151s\u00e9g \u00e9s a z\u00f6kken\u0151mentes USB-csatlakoz\u00e1s \u00e9rdek\u00e9ben. Ide\u00e1lis azok sz\u00e1m\u00e1ra, akik krist\u00e1lytiszta hangteljes\u00edtm\u00e9nyt keresnek.<\/p>\n","protected":false},"featured_media":7238,"template":"","meta":[],"product_brand":[],"product_cat":[27],"product_tag":[26],"class_list":{"0":"post-7189","1":"product","2":"type-product","3":"status-publish","4":"has-post-thumbnail","6":"product_cat-motherboards-board-parts","7":"product_tag-lenovo","9":"first","10":"instock","11":"taxable","12":"shipping-taxable","13":"purchasable","14":"product-type-simple"},"_links":{"self":[{"href":"https:\/\/boreait.com\/hu\/wp-json\/wp\/v2\/product\/7189","targetHints":{"allow":["GET"]}}],"collection":[{"href":"https:\/\/boreait.com\/hu\/wp-json\/wp\/v2\/product"}],"about":[{"href":"https:\/\/boreait.com\/hu\/wp-json\/wp\/v2\/types\/product"}],"wp:featuredmedia":[{"embeddable":true,"href":"https:\/\/boreait.com\/hu\/wp-json\/wp\/v2\/media\/7238"}],"wp:attachment":[{"href":"https:\/\/boreait.com\/hu\/wp-json\/wp\/v2\/media?parent=7189"}],"wp:term":[{"taxonomy":"product_brand","embeddable":true,"href":"https:\/\/boreait.com\/hu\/wp-json\/wp\/v2\/product_brand?post=7189"},{"taxonomy":"product_cat","embeddable":true,"href":"https:\/\/boreait.com\/hu\/wp-json\/wp\/v2\/product_cat?post=7189"},{"taxonomy":"product_tag","embeddable":true,"href":"https:\/\/boreait.com\/hu\/wp-json\/wp\/v2\/product_tag?post=7189"}],"curies":[{"name":"wp","href":"https:\/\/api.w.org\/{rel}","templated":true}]}}