{"id":7165,"date":"2025-09-17T11:47:31","date_gmt":"2025-09-17T09:47:31","guid":{"rendered":"https:\/\/boreait.com\/hu\/?post_type=product&#038;p=7165"},"modified":"2025-09-17T11:48:23","modified_gmt":"2025-09-17T09:48:23","slug":"eredeti-samsung-galaxy-tab-a-sm-t580-t585-hangszoro-hangszorokeszlet-oem-csere","status":"publish","type":"product","link":"https:\/\/boreait.com\/hu\/termek\/eredeti-samsung-galaxy-tab-a-sm-t580-t585-hangszoro-hangszorokeszlet-oem-csere\/","title":{"rendered":"Eredeti Samsung Galaxy Tab A SM-T580\/T585 hangsz\u00f3r\u00f3 hangsz\u00f3r\u00f3k\u00e9szlet \u2013 OEM csere"},"content":{"rendered":"<p>N\u00f6velje Samsung Galaxy Tab A SM-T580\/T585 hangteljes\u00edtm\u00e9ny\u00e9t az eredeti Samsung Buzzer Wrestler hangsz\u00f3r\u00f3k\u00e9szlettel. Ez az OEM-cserek\u00e9nt k\u00e9sz\u00fclt k\u00e9szlet kompatibilit\u00e1st \u00e9s funkcionalit\u00e1st garant\u00e1l, \u00e9s megfelel a Samsung magas min\u0151s\u00e9gi szabv\u00e1nyainak.<\/p>\n<p><strong>Jellemz\u0151k:<\/strong><\/p>\n<ul>\n<li><strong>Eredeti Samsung alkatr\u00e9szek:<\/strong> B\u00edzzon a t\u00e1blag\u00e9pe eredeti Samsung-alkatr\u00e9szeinek megb\u00edzhat\u00f3s\u00e1g\u00e1ban.<\/li>\n<li><strong>Optim\u00e1lis kompatibilit\u00e1s:<\/strong> Kifejezetten a Galaxy Tab A SM-T580\/T585-h\u00f6z tervezve, hogy biztos\u00edtsa a z\u00f6kken\u0151mentes integr\u00e1ci\u00f3t \u00e9s a tov\u00e1bbfejlesztett hangkimenetet.<\/li>\n<li><strong>Egyszer\u0171 telep\u00edt\u00e9s:<\/strong> Nincs sz\u00fcks\u00e9g bonyolult utas\u00edt\u00e1sokra. Friss\u00edtse t\u00e1blag\u00e9pe hangj\u00e1t k\u00f6nnyed\u00e9n felhaszn\u00e1l\u00f3bar\u00e1t hangsz\u00f3r\u00f3k\u00e9szlet\u00fcnkkel.<\/li>\n<li><strong>Megmer\u00edt\u0151 hang:<\/strong> \u00c9lvezze a tiszta, \u00e9les hangz\u00e1st vide\u00f3khoz, zen\u00e9khez \u00e9s m\u00e9g sok m\u00e1shoz ezzel az eredeti OEM cserek\u00e9sz\u00fcl\u00e9kkel.<\/li>\n<\/ul>\n<p>Ak\u00e1r hib\u00e1s hangsz\u00f3r\u00f3t cser\u00e9l, ak\u00e1r friss\u00edt\u00e9st keres, ez az eredeti Samsung Galaxy Tab A Buzzer Wrestler hangsz\u00f3r\u00f3k\u00e9szlet a t\u00f6k\u00e9letes megold\u00e1s. Val\u00f3di f\u00e9nyk\u00e9peket biztos\u00edtunk, teh\u00e1t amit l\u00e1tsz, azt kapod. Ha b\u00e1rmilyen k\u00e9rd\u00e9se van, vagy seg\u00edts\u00e9gre van sz\u00fcks\u00e9ge, nyugodtan \u00edrjon nek\u00fcnk. N\u00f6velje t\u00e1blag\u00e9p\u00e9nek \u00e9lm\u00e9ny\u00e9t m\u00e9g ma az eredeti Samsung min\u0151s\u00e9ggel.<\/p>\n","protected":false},"excerpt":{"rendered":"<p>Fokozza Samsung Galaxy Tab A SM-T580\/T585 hang\u00e9lm\u00e9ny\u00e9t ezzel az eredeti Buzzer Wrestler hangsz\u00f3r\u00f3k\u00e9szlettel. Ez az OEM csere biztos\u00edtja az optim\u00e1lis kompatibilit\u00e1st \u00e9s teljes\u00edtm\u00e9nyt. Jav\u00edtsa t\u00e1blag\u00e9pe hangmin\u0151s\u00e9g\u00e9t eredeti Samsung alkatr\u00e9szekkel. Egyszer\u0171 telep\u00edt\u00e9s a z\u00f6kken\u0151mentes audiomegold\u00e1s\u00e9rt.<\/p>\n","protected":false},"featured_media":7229,"template":"","meta":[],"product_brand":[],"product_cat":[18],"product_tag":[60],"class_list":{"0":"post-7165","1":"product","2":"type-product","3":"status-publish","4":"has-post-thumbnail","6":"product_cat-laptop-speakers","7":"product_tag-samsung","9":"first","10":"instock","11":"taxable","12":"shipping-taxable","13":"purchasable","14":"product-type-simple"},"_links":{"self":[{"href":"https:\/\/boreait.com\/hu\/wp-json\/wp\/v2\/product\/7165","targetHints":{"allow":["GET"]}}],"collection":[{"href":"https:\/\/boreait.com\/hu\/wp-json\/wp\/v2\/product"}],"about":[{"href":"https:\/\/boreait.com\/hu\/wp-json\/wp\/v2\/types\/product"}],"wp:featuredmedia":[{"embeddable":true,"href":"https:\/\/boreait.com\/hu\/wp-json\/wp\/v2\/media\/7229"}],"wp:attachment":[{"href":"https:\/\/boreait.com\/hu\/wp-json\/wp\/v2\/media?parent=7165"}],"wp:term":[{"taxonomy":"product_brand","embeddable":true,"href":"https:\/\/boreait.com\/hu\/wp-json\/wp\/v2\/product_brand?post=7165"},{"taxonomy":"product_cat","embeddable":true,"href":"https:\/\/boreait.com\/hu\/wp-json\/wp\/v2\/product_cat?post=7165"},{"taxonomy":"product_tag","embeddable":true,"href":"https:\/\/boreait.com\/hu\/wp-json\/wp\/v2\/product_tag?post=7165"}],"curies":[{"name":"wp","href":"https:\/\/api.w.org\/{rel}","templated":true}]}}