{"id":7117,"date":"2025-09-17T11:47:07","date_gmt":"2025-09-17T09:47:07","guid":{"rendered":"https:\/\/boreait.com\/hu\/?post_type=product&#038;p=7117"},"modified":"2025-09-17T11:47:41","modified_gmt":"2025-09-17T09:47:41","slug":"eredeti-fujitsu-lifebook-a531-csuklotamasz-es-erintopad-felso-burkolat-cp515931-01-laptop-alkatreszek","status":"publish","type":"product","link":"https:\/\/boreait.com\/hu\/termek\/eredeti-fujitsu-lifebook-a531-csuklotamasz-es-erintopad-felso-burkolat-cp515931-01-laptop-alkatreszek\/","title":{"rendered":"Eredeti Fujitsu Lifebook A531 csukl\u00f3t\u00e1masz \u00e9s \u00e9rint\u0151pad fels\u0151 burkolat CP515931-01 laptop alkatr\u00e9szek"},"content":{"rendered":"<p>Friss\u00edtse Fujitsu Lifebook A531 k\u00e9sz\u00fcl\u00e9k\u00e9t az eredeti csukl\u00f3t\u00e1masz \u00e9s amp; \u00c9rint\u0151pad fels\u0151 burkolata CP515931-01, beszerezhet\u0151 a Siggm\u00f3n\u00e1l. Ezt az apr\u00f3l\u00e9kosan kidolgozott cserealkatr\u00e9szt \u00fagy tervezt\u00e9k, hogy t\u00f6k\u00e9letes illeszked\u00e9st biztos\u00edtson, \u00e9s vissza\u00e1ll\u00edtsa laptopja eredeti f\u00e9ny\u00e9t.<\/p>\n<p><strong>F\u0151bb jellemz\u0151k:<\/strong><\/p>\n<ul>\n<li>Eredeti Fujitsu Lifebook A531 csukl\u00f3t\u00e1masz &amp; \u00c9rint\u0151pad fels\u0151 burkolata CP515931-01<\/li>\n<li>Kiv\u00e1l\u00f3 min\u0151s\u00e9g\u0171 anyag: \u00fagy tervezt\u00e9k, hogy ellen\u00e1lljon a napi haszn\u00e1latnak, \u00e9s meg\u0151rizze eredeti megjelen\u00e9s\u00e9t.<\/li>\n<li>Egyszer\u0171 telep\u00edt\u00e9s: probl\u00e9mamentes cser\u00e9re tervezt\u00e9k, nincs sz\u00fcks\u00e9g szakmai ismeretekre.<\/li>\n<li>Kompatibilit\u00e1s: T\u00f6k\u00e9letesen illeszkedik a Fujitsu Lifebook A531 modellhez, biztos\u00edtva a z\u00f6kken\u0151mentes integr\u00e1ci\u00f3t.<\/li>\n<li>Sz\u00e1ll\u00edt\u00e1s az eg\u00e9sz vil\u00e1gon: b\u00e1rhol is van, h\u00e1zhoz sz\u00e1ll\u00edtjuk.<\/li>\n<\/ul>\n<p><strong>Mi\u00e9rt v\u00e1lassza a Siggmo-t laptopalkatr\u00e9szeihez?<\/strong> A Siggmon\u00e1l tiszt\u00e1ban vagyunk a megb\u00edzhat\u00f3 laptop-alkatr\u00e9szek fontoss\u00e1g\u00e1val. A min\u0151s\u00e9g ir\u00e1nti elk\u00f6telezetts\u00e9g\u00fcnk biztos\u00edtja, hogy minden v\u00e1s\u00e1rl\u00e1skor eredeti term\u00e9keket kapjon. B\u00edzzon benn\u00fcnk:<\/p>\n<ul>\n<li><strong>Hiteless\u00e9g:<\/strong> Eredeti Fujitsu Lifebook A531 alkatr\u00e9szek a megb\u00edzhat\u00f3 friss\u00edt\u00e9s \u00e9rdek\u00e9ben.<\/li>\n<li><strong>\u00dcgyf\u00e9l-el\u00e9gedetts\u00e9g:<\/strong> Csatlakozzon el\u00e9gedett \u00fcgyfeleinkhez, akik sz\u00e1m\u00edtanak r\u00e1nk laptopalkatr\u00e9sz-ig\u00e9nyeik \u00fcgy\u00e9ben.<\/li>\n<li><strong>K\u00e9zbes\u00edt\u00e9s az eg\u00e9sz vil\u00e1gon:<\/strong> B\u00e1rhol is van, k\u00e9szen \u00e1llunk a sz\u00e1ll\u00edt\u00e1sra az \u00d6n hely\u00e9re.<\/li>\n<li><strong>Val\u00f3di term\u00e9k, val\u00f3di fot\u00f3k:<\/strong> Az ezen az adatlapon szerepl\u0151 k\u00e9pek hitelesek, \u00edgy vil\u00e1gosan \u00e1br\u00e1zolj\u00e1k, hogy milyen alkatr\u00e9szt kap.<\/li>\n<\/ul>\n<p>Friss\u00edtse Fujitsu Lifebook A531-\u00e9t magabiztosan. Rendelje meg eredeti csukl\u00f3t\u00e1masz\u00e1t &amp; Touchpad fels\u0151 tok CP515931-01 a Siggmo-t\u00f3l ma. B\u00e1rmilyen tov\u00e1bbi seg\u00edts\u00e9g\u00e9rt vagy k\u00e9rd\u00e9s\u00e9rt forduljon hozz\u00e1nk bizalommal. Felh\u00edvjuk figyelm\u00e9t, hogy a telep\u00edt\u00e9si utas\u00edt\u00e1sokat nem adjuk meg, de sz\u00edvesen seg\u00edt\u00fcnk, ha tov\u00e1bbi \u00fatmutat\u00e1sra van sz\u00fcks\u00e9ge.<\/p>\n","protected":false},"excerpt":{"rendered":"<p>N\u00f6velje Fujitsu Lifebook A531 megjelen\u00e9s\u00e9t \u00e9s funkcionalit\u00e1s\u00e1t ezzel az eredeti csukl\u00f3t\u00e1masz \u00e9s \u00e9rint\u0151pad fels\u0151 burkolat\u00e1val (CP515931-01). Ez a t\u00f6k\u00e9letes illeszked\u00e9sre kialak\u00edtott cserealkatr\u00e9sz z\u00f6kken\u0151mentes friss\u00edt\u00e9st vagy jav\u00edt\u00e1st biztos\u00edt. V\u00e1s\u00e1roljon bizalommal a Siggm\u00f3t\u00f3l, a kiv\u00e1l\u00f3 min\u0151s\u00e9g\u0171 laptop-alkatr\u00e9szek megb\u00edzhat\u00f3 forr\u00e1s\u00e1t\u00f3l. Vil\u00e1gszerte el\u00e9rhet\u0151 sz\u00e1ll\u00edt\u00e1s.<\/p>\n","protected":false},"featured_media":7174,"template":"","meta":[],"product_brand":[],"product_cat":[16],"product_tag":[28],"class_list":{"0":"post-7117","1":"product","2":"type-product","3":"status-publish","4":"has-post-thumbnail","6":"product_cat-laptop-housing","7":"product_tag-fujitsu","9":"first","10":"instock","11":"taxable","12":"shipping-taxable","13":"purchasable","14":"product-type-simple"},"_links":{"self":[{"href":"https:\/\/boreait.com\/hu\/wp-json\/wp\/v2\/product\/7117","targetHints":{"allow":["GET"]}}],"collection":[{"href":"https:\/\/boreait.com\/hu\/wp-json\/wp\/v2\/product"}],"about":[{"href":"https:\/\/boreait.com\/hu\/wp-json\/wp\/v2\/types\/product"}],"wp:featuredmedia":[{"embeddable":true,"href":"https:\/\/boreait.com\/hu\/wp-json\/wp\/v2\/media\/7174"}],"wp:attachment":[{"href":"https:\/\/boreait.com\/hu\/wp-json\/wp\/v2\/media?parent=7117"}],"wp:term":[{"taxonomy":"product_brand","embeddable":true,"href":"https:\/\/boreait.com\/hu\/wp-json\/wp\/v2\/product_brand?post=7117"},{"taxonomy":"product_cat","embeddable":true,"href":"https:\/\/boreait.com\/hu\/wp-json\/wp\/v2\/product_cat?post=7117"},{"taxonomy":"product_tag","embeddable":true,"href":"https:\/\/boreait.com\/hu\/wp-json\/wp\/v2\/product_tag?post=7117"}],"curies":[{"name":"wp","href":"https:\/\/api.w.org\/{rel}","templated":true}]}}