{"id":7078,"date":"2025-09-17T11:46:45","date_gmt":"2025-09-17T09:46:45","guid":{"rendered":"https:\/\/boreait.com\/hu\/?post_type=product&#038;p=7078"},"modified":"2026-01-19T18:42:05","modified_gmt":"2026-01-19T17:42:05","slug":"micron-ddr3-sdram-so-dimm-memoriamodul-mt8ktf25664hz-1g6m1-2gb-pc3-12800s","status":"publish","type":"product","link":"https:\/\/boreait.com\/hu\/termek\/micron-ddr3-sdram-so-dimm-memoriamodul-mt8ktf25664hz-1g6m1-2gb-pc3-12800s\/","title":{"rendered":"MICRON DDR3 SDRAM SO-DIMM MEM\u00d3RIAMODUL MT8KTF25664HZ-1G6M1 2GB PC3-12800S"},"content":{"rendered":"<p>B\u0151v\u00edtse laptopja k\u00e9pess\u00e9geit a Micron DDR3 SODIMM mem\u00f3riamodullal (MT8KTF25664HZ-1G6M1). Ezt a kiv\u00e1l\u00f3 min\u0151s\u00e9g\u0171 2 GB-os PC3-12800S RAM-ot optim\u00e1lis teljes\u00edtm\u00e9nyre tervezt\u00e9k, gyorsabb adat\u00e1tviteli sebess\u00e9get \u00e9s tov\u00e1bbfejlesztett t\u00f6bbfeladatos k\u00e9pess\u00e9get biztos\u00edt.<\/p>\n<p><strong>F\u0151bb jellemz\u0151k:<\/strong><\/p>\n<ul>\n<li><strong>Kapacit\u00e1s:<\/strong> 2 GB<\/li>\n<li><strong>T\u00edpus:<\/strong> DDR3 SODIMM<\/li>\n<li><strong>Sebess\u00e9g:<\/strong> PC3-12800S (1600MHz)<\/li>\n<li><strong>Alkatr\u00e9szsz\u00e1m:<\/strong> MT8KTF25664HZ-1G6M1<\/li>\n<\/ul>\n<p><strong>Eredeti Micron min\u0151s\u00e9g:<\/strong> Biztos lehet benne, hogy a Micron a megb\u00edzhat\u00f3 mem\u00f3riamodulok gy\u00e1rt\u00e1sa ter\u00e9n szerzett h\u00edrnev\u00e9t. Ezt a SODIMM modult kompatibilit\u00e1sra \u00e9s teljes\u00edtm\u00e9nyre tervezt\u00e9k, \u00edgy biztos\u00edtva a laptop z\u00f6kken\u0151mentes friss\u00edt\u00e9s\u00e9t.<\/p>\n<p><strong>Egyszer\u0171 telep\u00edt\u00e9s:<\/strong> k\u00f6nnyed\u00e9n b\u0151v\u00edtheti laptopja mem\u00f3ri\u00e1j\u00e1t. A telep\u00edt\u00e9s felhaszn\u00e1l\u00f3bar\u00e1t, \u00e9s nem tartalmaz bonyolult utas\u00edt\u00e1sokat \u2013 csak plug and play. Ha b\u00e1rmilyen k\u00e9rd\u00e9se van, vagy seg\u00edts\u00e9gre van sz\u00fcks\u00e9ge, forduljon hozz\u00e1nk bizalommal.<\/p>\n<p><strong>Gyors kisz\u00e1ll\u00edt\u00e1s az eg\u00e9sz vil\u00e1gon:<\/strong> Tiszt\u00e1ban vagyunk a friss\u00edt\u00e9s s\u00fcrg\u0151ss\u00e9g\u00e9vel. Haszn\u00e1lja ki gyors sz\u00e1ll\u00edt\u00e1si szolg\u00e1ltat\u00e1sainkat, \u00edgy biztos\u00edtva, hogy Micron DDR3 SODIMM mem\u00f3riamodulja azonnal eljusson \u00d6nh\u00f6z, b\u00e1rhol is legyen a vil\u00e1gon.<\/p>\n<p><strong>Val\u00f3di term\u00e9k, val\u00f3di fot\u00f3k:<\/strong> A list\u00e1ban szerepl\u0151 k\u00e9pek az \u00d6n \u00e1ltal megkapott Micron DDR3 SODIMM mem\u00f3riamodul hiteles fot\u00f3k. Amit l\u00e1t, azt kapja \u2013 egy eredeti Micron term\u00e9k, amely k\u00e9szen \u00e1ll laptopja teljes\u00edtm\u00e9ny\u00e9nek fokoz\u00e1s\u00e1ra.<\/p>\n<p>Friss\u00edtse laptopj\u00e1t m\u00e9g ma a Micron DDR3 SODIMM mem\u00f3riamodulj\u00e1val. N\u00f6velje a t\u00f6bbfeladatos k\u00e9pess\u00e9geket, \u00e9s \u00e9lvezze a gyorsabb adathozz\u00e1f\u00e9r\u00e9st a hat\u00e9konyabb sz\u00e1m\u00edt\u00e1stechnikai \u00e9lm\u00e9ny \u00e9rdek\u00e9ben. Rendeljen most \u00e9s tapasztalja meg a k\u00fcl\u00f6nbs\u00e9get!<\/p>\n","protected":false},"excerpt":{"rendered":"<p>N\u00f6velje laptopja teljes\u00edtm\u00e9ny\u00e9t a Micron DDR3 SODIMM mem\u00f3riamodullal. Ez az eredeti 2 GB-os PC3-12800S RAM z\u00f6kken\u0151mentes t\u00f6bbfeladatos munkav\u00e9gz\u00e9st \u00e9s gyorsabb adathozz\u00e1f\u00e9r\u00e9st biztos\u00edt. K\u00f6nnyen telep\u00edthet\u0151, t\u00f6k\u00e9letes laptopja mem\u00f3ri\u00e1j\u00e1nak b\u0151v\u00edt\u00e9s\u00e9re. Gyors sz\u00e1ll\u00edt\u00e1s vil\u00e1gszerte.<\/p>\n","protected":false},"featured_media":7139,"template":"","meta":[],"product_brand":[],"product_cat":[37,36],"product_tag":[],"class_list":{"0":"post-7078","1":"product","2":"type-product","3":"status-publish","4":"has-post-thumbnail","6":"product_cat-ddr3-ddr3l","7":"product_cat-ram-memory","9":"first","10":"instock","11":"taxable","12":"shipping-taxable","13":"purchasable","14":"product-type-simple"},"_links":{"self":[{"href":"https:\/\/boreait.com\/hu\/wp-json\/wp\/v2\/product\/7078","targetHints":{"allow":["GET"]}}],"collection":[{"href":"https:\/\/boreait.com\/hu\/wp-json\/wp\/v2\/product"}],"about":[{"href":"https:\/\/boreait.com\/hu\/wp-json\/wp\/v2\/types\/product"}],"wp:featuredmedia":[{"embeddable":true,"href":"https:\/\/boreait.com\/hu\/wp-json\/wp\/v2\/media\/7139"}],"wp:attachment":[{"href":"https:\/\/boreait.com\/hu\/wp-json\/wp\/v2\/media?parent=7078"}],"wp:term":[{"taxonomy":"product_brand","embeddable":true,"href":"https:\/\/boreait.com\/hu\/wp-json\/wp\/v2\/product_brand?post=7078"},{"taxonomy":"product_cat","embeddable":true,"href":"https:\/\/boreait.com\/hu\/wp-json\/wp\/v2\/product_cat?post=7078"},{"taxonomy":"product_tag","embeddable":true,"href":"https:\/\/boreait.com\/hu\/wp-json\/wp\/v2\/product_tag?post=7078"}],"curies":[{"name":"wp","href":"https:\/\/api.w.org\/{rel}","templated":true}]}}