{"id":7073,"date":"2025-09-17T11:46:44","date_gmt":"2025-09-17T09:46:44","guid":{"rendered":"https:\/\/boreait.com\/hu\/?post_type=product&#038;p=7073"},"modified":"2026-01-19T15:52:43","modified_gmt":"2026-01-19T14:52:43","slug":"cserelje-ki-es-frissitse-a-dell-e5530-laptop-also-fedelet-eredeti-also-talp-a-megnovelt-tartossag-es-stilus-erdekeben","status":"publish","type":"product","link":"https:\/\/boreait.com\/hu\/termek\/cserelje-ki-es-frissitse-a-dell-e5530-laptop-also-fedelet-eredeti-also-talp-a-megnovelt-tartossag-es-stilus-erdekeben\/","title":{"rendered":"Cser\u00e9lje ki \u00e9s friss\u00edtse a Dell E5530 laptop als\u00f3 fedel\u00e9t \u2013 Eredeti als\u00f3 talp a megn\u00f6velt tart\u00f3ss\u00e1g \u00e9s st\u00edlus \u00e9rdek\u00e9ben"},"content":{"rendered":"<p>N\u00f6velje E5530 laptopja teljes\u00edtm\u00e9ny\u00e9t \u00e9s megjelen\u00e9s\u00e9t az apr\u00f3l\u00e9kosan megtervezett als\u00f3 burkolatunkkal. Ezt a professzion\u00e1lis cserealkatr\u00e9szt a z\u00f6kken\u0151mentes illeszked\u00e9sre alak\u00edtott\u00e1k ki, \u00e9s nemcsak szerkezeti t\u00e1maszt\u00e9kot, hanem st\u00edlusoss\u00e1got is biztos\u00edt k\u00e9sz\u00fcl\u00e9k\u00e9nek.<\/p>\n<p><strong>F\u0151bb jellemz\u0151k:<\/strong><\/p>\n<ul>\n<li><strong>Eredeti csere:<\/strong> prec\u00edzen megalkotva, hogy megfeleljen az E5530 laptopmodell specifik\u00e1ci\u00f3inak.<\/li>\n<li><strong>Tov\u00e1bbi tart\u00f3ss\u00e1g:<\/strong> Er\u0151s\u00edtse meg laptopja szerkezeti integrit\u00e1s\u00e1t kiv\u00e1l\u00f3 min\u0151s\u00e9g\u0171 als\u00f3 alapburkolatunkkal.<\/li>\n<li><strong>Eszt\u00e9tikai friss\u00edt\u00e9s:<\/strong> Adjon \u00faj megjelen\u00e9st laptopj\u00e1nak, mik\u00f6zben megtartja a gy\u00e1rt\u00f3 tervez\u00e9si szellemis\u00e9g\u00e9t.<\/li>\n<li><strong>Egyszer\u0171 telep\u00edt\u00e9s:<\/strong> Felhaszn\u00e1l\u00f3bar\u00e1t kialak\u00edt\u00e1s a probl\u00e9mamentes cserefolyamat\u00e9rt.<\/li>\n<\/ul>\n<p>Ak\u00e1r elhaszn\u00e1l\u00f3dott alapot cser\u00e9l, ak\u00e1r eszt\u00e9tikai fejleszt\u00e9sre v\u00e1gyik, az E5530 laptop als\u00f3 burkolata az ide\u00e1lis v\u00e1laszt\u00e1s. Minden egyes v\u00e1s\u00e1rl\u00e1s tartalmazza a kapott alkatr\u00e9sz val\u00f3di f\u00e9nyk\u00e9peit, biztos\u00edtva az \u00e1tl\u00e1that\u00f3s\u00e1got \u00e9s a v\u00e1s\u00e1rl\u00e1si d\u00f6nt\u00e9se ir\u00e1nti bizalmat.<\/p>\n<p>K\u00e9rj\u00fck, vegye figyelembe, hogy nem adunk konkr\u00e9t cser\u00e9re vonatkoz\u00f3 utas\u00edt\u00e1sokat, de az\u00e9rt vagyunk itt, hogy seg\u00edts\u00fcnk. Nyugodtan \u00edrjon nek\u00fcnk, ha k\u00e9rd\u00e9se van, vagy tov\u00e1bbi \u00fatmutat\u00e1sra van sz\u00fcks\u00e9ge. B\u00e1tran friss\u00edtse E5530-\u00e1t \u2013 v\u00e1s\u00e1roljon most!<\/p>\n","protected":false},"excerpt":{"rendered":"<p>fokozza E5530 laptopja szerkezeti integrit\u00e1s\u00e1t \u00e9s eszt\u00e9tikai vonzerej\u00e9t a professzion\u00e1lis min\u0151s\u00e9g\u0171 als\u00f3 alapburkolatunkkal. A pontos illeszked\u00e9sre kialak\u00edtott, eredeti als\u00f3 talp tart\u00f3ss\u00e1got \u00e9s st\u00edlust biztos\u00edt. Magabiztosan friss\u00edthet, amit a laptop min\u0151s\u00e9gi alkatr\u00e9szei ir\u00e1nti elk\u00f6telezetts\u00e9g\u00fcnk t\u00e1mogat.<\/p>\n","protected":false},"featured_media":7130,"template":"","meta":[],"product_brand":[],"product_cat":[16],"product_tag":[17],"class_list":{"0":"post-7073","1":"product","2":"type-product","3":"status-publish","4":"has-post-thumbnail","6":"product_cat-laptop-housing","7":"product_tag-dell","9":"first","10":"instock","11":"taxable","12":"shipping-taxable","13":"purchasable","14":"product-type-simple"},"_links":{"self":[{"href":"https:\/\/boreait.com\/hu\/wp-json\/wp\/v2\/product\/7073","targetHints":{"allow":["GET"]}}],"collection":[{"href":"https:\/\/boreait.com\/hu\/wp-json\/wp\/v2\/product"}],"about":[{"href":"https:\/\/boreait.com\/hu\/wp-json\/wp\/v2\/types\/product"}],"wp:featuredmedia":[{"embeddable":true,"href":"https:\/\/boreait.com\/hu\/wp-json\/wp\/v2\/media\/7130"}],"wp:attachment":[{"href":"https:\/\/boreait.com\/hu\/wp-json\/wp\/v2\/media?parent=7073"}],"wp:term":[{"taxonomy":"product_brand","embeddable":true,"href":"https:\/\/boreait.com\/hu\/wp-json\/wp\/v2\/product_brand?post=7073"},{"taxonomy":"product_cat","embeddable":true,"href":"https:\/\/boreait.com\/hu\/wp-json\/wp\/v2\/product_cat?post=7073"},{"taxonomy":"product_tag","embeddable":true,"href":"https:\/\/boreait.com\/hu\/wp-json\/wp\/v2\/product_tag?post=7073"}],"curies":[{"name":"wp","href":"https:\/\/api.w.org\/{rel}","templated":true}]}}