{"id":705,"date":"2025-09-17T09:30:32","date_gmt":"2025-09-17T07:30:32","guid":{"rendered":"https:\/\/boreait.com\/hu\/?post_type=product&#038;p=705"},"modified":"2025-09-17T09:31:46","modified_gmt":"2025-09-17T07:31:46","slug":"hp-zbook-15-g2-kijelzo-csuklopantok-lr-csuklopantok","status":"publish","type":"product","link":"https:\/\/boreait.com\/hu\/termek\/hp-zbook-15-g2-kijelzo-csuklopantok-lr-csuklopantok\/","title":{"rendered":"HP ZBook 15 G2 kijelz\u0151 csukl\u00f3p\u00e1ntok L+R csukl\u00f3p\u00e1ntok"},"content":{"rendered":"<p>Ha HP ZBook 15 G2 laptopj\u00e1nak kijelz\u0151p\u00e1ntjai s\u00e9r\u00fcltek vagy elhaszn\u00e1l\u00f3dtak, az befoly\u00e1solhatja laptopja k\u00e9perny\u0151j\u00e9nek stabilit\u00e1s\u00e1t \u00e9s \u00e1ll\u00edthat\u00f3s\u00e1g\u00e1t. A funkcionalit\u00e1s helyre\u00e1ll\u00edt\u00e1sa \u00e9s a kijelz\u0151 zavartalan m\u0171k\u00f6d\u00e9se \u00e9rdek\u00e9ben fontolja meg a zsan\u00e9rok cser\u00e9j\u00e9t erre az eredeti HP kijelz\u0151p\u00e1nt-k\u00e9szletre.<\/p>\n<p>A kifejezetten a HP ZBook 15 G2 modellhez tervezett zsan\u00e9rok t\u00f6k\u00e9letes illeszked\u00e9st \u00e9s z\u00f6kken\u0151mentes integr\u00e1ci\u00f3t biztos\u00edtanak laptopj\u00e1hoz. A HP \u00fagy gy\u00e1rtja \u0151ket, hogy megfeleljenek szigor\u00fa min\u0151s\u00e9gi el\u0151\u00edr\u00e1sainak, biztos\u00edtva a tart\u00f3ss\u00e1got \u00e9s a hossz\u00fa \u00e9lettartamot.<\/p>\n<p>A s\u00e9r\u00fclt zsan\u00e9rok cser\u00e9j\u00e9vel stabil \u00e9s biztons\u00e1gos kijelz\u0151t \u00e9lvezhet, amely a k\u00edv\u00e1nt sz\u00f6gben a hely\u00e9n marad. Ak\u00e1r dolgozik, ak\u00e1r vide\u00f3kat n\u00e9z, ak\u00e1r multim\u00e9di\u00e1s feladatokat v\u00e9gez, ezek a zsan\u00e9rok optim\u00e1lis l\u00e1t\u00f3sz\u00f6get biztos\u00edtanak az \u00d6n k\u00e9nyelme \u00e9rdek\u00e9ben.<\/p>\n<p>A beszerel\u00e9s egyszer\u0171, a zsan\u00e9rokhoz a sz\u00fcks\u00e9ges r\u00f6gz\u00edt\u0151csavarok \u00e9s konzolok tartoznak. Egyszer\u0171en t\u00e1vol\u00edtsa el a r\u00e9gi zsan\u00e9rokat, \u00e9s cser\u00e9lje ki \u0151ket \u00fajakra, hogy helyre\u00e1ll\u00edtsa laptopja kijelz\u0151j\u00e9nek m\u0171k\u00f6d\u0151k\u00e9pess\u00e9g\u00e9t.<\/p>\n<p>Fefektessen be ezekbe az eredeti HP kijelz\u0151p\u00e1ntokba HP ZBook 15 G2 laptopj\u00e1hoz, \u00e9s biztos\u00edtson stabil \u00e9s \u00e1ll\u00edthat\u00f3 kijelz\u0151t. Kiv\u00e1l\u00f3 min\u0151s\u00e9g\u0171 konstrukci\u00f3juknak \u00e9s t\u00f6k\u00e9letes illeszked\u00e9s\u00fcknek k\u00f6sz\u00f6nhet\u0151en ezek a zsan\u00e9rok jav\u00edtj\u00e1k az \u00e1ltal\u00e1nos laptop \u00e9lm\u00e9nyt.<\/p>\n","protected":false},"excerpt":{"rendered":"<p>Cser\u00e9lje ki HP ZBook 15 G2 laptopja s\u00e9r\u00fclt vagy elhaszn\u00e1l\u00f3dott kijelz\u0151p\u00e1ntjait erre az eredeti HP kijelz\u0151p\u00e1nt-k\u00e9szletre. \u00c9lvezze laptopja kijelz\u0151j\u00e9nek sima \u00e9s stabil m\u0171k\u00f6d\u00e9s\u00e9t, biztos\u00edtva az optim\u00e1lis betekint\u00e9si sz\u00f6geket.<\/p>\n","protected":false},"featured_media":767,"template":"","meta":[],"product_brand":[],"product_cat":[19],"product_tag":[25],"class_list":{"0":"post-705","1":"product","2":"type-product","3":"status-publish","4":"has-post-thumbnail","6":"product_cat-screen-hinge","7":"product_tag-hp","9":"first","10":"instock","11":"taxable","12":"shipping-taxable","13":"purchasable","14":"product-type-simple"},"_links":{"self":[{"href":"https:\/\/boreait.com\/hu\/wp-json\/wp\/v2\/product\/705","targetHints":{"allow":["GET"]}}],"collection":[{"href":"https:\/\/boreait.com\/hu\/wp-json\/wp\/v2\/product"}],"about":[{"href":"https:\/\/boreait.com\/hu\/wp-json\/wp\/v2\/types\/product"}],"wp:featuredmedia":[{"embeddable":true,"href":"https:\/\/boreait.com\/hu\/wp-json\/wp\/v2\/media\/767"}],"wp:attachment":[{"href":"https:\/\/boreait.com\/hu\/wp-json\/wp\/v2\/media?parent=705"}],"wp:term":[{"taxonomy":"product_brand","embeddable":true,"href":"https:\/\/boreait.com\/hu\/wp-json\/wp\/v2\/product_brand?post=705"},{"taxonomy":"product_cat","embeddable":true,"href":"https:\/\/boreait.com\/hu\/wp-json\/wp\/v2\/product_cat?post=705"},{"taxonomy":"product_tag","embeddable":true,"href":"https:\/\/boreait.com\/hu\/wp-json\/wp\/v2\/product_tag?post=705"}],"curies":[{"name":"wp","href":"https:\/\/api.w.org\/{rel}","templated":true}]}}