{"id":7045,"date":"2025-09-17T11:46:23","date_gmt":"2025-09-17T09:46:23","guid":{"rendered":"https:\/\/boreait.com\/hu\/?post_type=product&#038;p=7045"},"modified":"2025-09-17T11:47:02","modified_gmt":"2025-09-17T09:47:02","slug":"eredeti-fujitsu-lifebook-s936-usb-alaplap-es-kabel-cp693540-z5-hasznalt-laptop-alkatreszek","status":"publish","type":"product","link":"https:\/\/boreait.com\/hu\/termek\/eredeti-fujitsu-lifebook-s936-usb-alaplap-es-kabel-cp693540-z5-hasznalt-laptop-alkatreszek\/","title":{"rendered":"Eredeti Fujitsu LifeBook S936 USB alaplap \u00e9s k\u00e1bel CP693540-Z5 &#8211; Haszn\u00e1lt laptop alkatr\u00e9szek"},"content":{"rendered":"<p>N\u00f6velje Fujitsu LifeBook S936 funkcionalit\u00e1s\u00e1t az eredeti USB k\u00e1rty\u00e1nkkal &amp; K\u00e1bel (alkatr\u00e9sz: CP693540-Z5). A kiv\u00e1l\u00f3s\u00e1gra kialak\u00edtott haszn\u00e1lt laptop alkatr\u00e9sz megb\u00edzhat\u00f3 csatlakoz\u00e1st \u00e9s teljes\u00edtm\u00e9nyt garant\u00e1l.<\/p>\n<p><strong>F\u0151bb jellemz\u0151k:<\/strong><\/p>\n<ul>\n<li><strong>Kompatibilit\u00e1s:<\/strong> Kifejezetten Fujitsu LifeBook S936 laptopokhoz tervezve.<\/li>\n<li><strong>Eredeti min\u0151s\u00e9g:<\/strong> Ez az USB-k\u00e1rtya \u00e9s amp; A k\u00e1bel egy hiteles Fujitsu alkatr\u00e9sz, amely biztos\u00edtja a kompatibilit\u00e1st \u00e9s a megb\u00edzhat\u00f3s\u00e1got.<\/li>\n<li><strong>Optim\u00e1lis csatlakoztathat\u00f3s\u00e1g:<\/strong> Ezzel a l\u00e9nyeges r\u00e9sszel \u00e1ll\u00edtsa vissza vagy friss\u00edtse laptopja USB-funkci\u00f3it.<\/li>\n<li><strong>Haszn\u00e1lt, de megb\u00edzhat\u00f3:<\/strong> A haszn\u00e1latban l\u00e9v\u0151 \u00f6sszetev\u0151 min\u0151s\u00e9g\u00e9t tesztelt\u00e9k, \u00edgy biztos\u00edtva a teljes\u00edtm\u00e9ny\u00e9t.<\/li>\n<\/ul>\n<p>N\u00f6velje laptopja k\u00e9pess\u00e9geit a min\u0151s\u00e9gi kompromisszumok n\u00e9lk\u00fcl. Val\u00f3di fot\u00f3kat adunk a pontos alkatr\u00e9szr\u0151l, amelyet kapni fog. Ha seg\u00edts\u00e9gre van sz\u00fcks\u00e9ge, vagy k\u00e9rd\u00e9se van, forduljon bizalommal. Felh\u00edvjuk figyelm\u00e9t, hogy nem adunk cser\u00e9re vonatkoz\u00f3 utas\u00edt\u00e1sokat, de sz\u00edvesen seg\u00edt\u00fcnk b\u00e1rmilyen k\u00e9rd\u00e9sben.<\/p>\n<p>Friss\u00edtsen magabiztosan \u2013 v\u00e1lasszon eredeti Fujitsu alkatr\u00e9szeket a Siggm\u00f3t\u00f3l. Az \u00d6n el\u00e9gedetts\u00e9ge sz\u00e1munkra a legfontosabb<\/p>\n","protected":false},"excerpt":{"rendered":"<p>Friss\u00edtse Fujitsu LifeBook S936-j\u00e1t ezzel az autentikus USB-k\u00e1rty\u00e1val &amp; K\u00e1bel (alkatr\u00e9sz: CP693540-Z5). Ez a haszn\u00e1lt, de eredeti laptop alkatr\u00e9sz biztos\u00edtja az optim\u00e1lis csatlakoz\u00e1st. B\u00edzzon a min\u0151s\u00e9gi alkatr\u00e9szekben a z\u00f6kken\u0151mentes teljes\u00edtm\u00e9ny \u00e9rdek\u00e9ben<\/p>\n","protected":false},"featured_media":7101,"template":"","meta":[],"product_brand":[],"product_cat":[27],"product_tag":[28],"class_list":{"0":"post-7045","1":"product","2":"type-product","3":"status-publish","4":"has-post-thumbnail","6":"product_cat-motherboards-board-parts","7":"product_tag-fujitsu","9":"first","10":"instock","11":"taxable","12":"shipping-taxable","13":"purchasable","14":"product-type-simple"},"_links":{"self":[{"href":"https:\/\/boreait.com\/hu\/wp-json\/wp\/v2\/product\/7045","targetHints":{"allow":["GET"]}}],"collection":[{"href":"https:\/\/boreait.com\/hu\/wp-json\/wp\/v2\/product"}],"about":[{"href":"https:\/\/boreait.com\/hu\/wp-json\/wp\/v2\/types\/product"}],"wp:featuredmedia":[{"embeddable":true,"href":"https:\/\/boreait.com\/hu\/wp-json\/wp\/v2\/media\/7101"}],"wp:attachment":[{"href":"https:\/\/boreait.com\/hu\/wp-json\/wp\/v2\/media?parent=7045"}],"wp:term":[{"taxonomy":"product_brand","embeddable":true,"href":"https:\/\/boreait.com\/hu\/wp-json\/wp\/v2\/product_brand?post=7045"},{"taxonomy":"product_cat","embeddable":true,"href":"https:\/\/boreait.com\/hu\/wp-json\/wp\/v2\/product_cat?post=7045"},{"taxonomy":"product_tag","embeddable":true,"href":"https:\/\/boreait.com\/hu\/wp-json\/wp\/v2\/product_tag?post=7045"}],"curies":[{"name":"wp","href":"https:\/\/api.w.org\/{rel}","templated":true}]}}