{"id":7040,"date":"2025-09-17T11:46:22","date_gmt":"2025-09-17T09:46:22","guid":{"rendered":"https:\/\/boreait.com\/hu\/?post_type=product&#038;p=7040"},"modified":"2025-09-17T11:46:59","modified_gmt":"2025-09-17T09:46:59","slug":"eredeti-fujitsu-lifebook-s936-kartyaolvaso-alaplap-es-kabel-hasznalt-cp69530-z1-laptop-alkatreszek","status":"publish","type":"product","link":"https:\/\/boreait.com\/hu\/termek\/eredeti-fujitsu-lifebook-s936-kartyaolvaso-alaplap-es-kabel-hasznalt-cp69530-z1-laptop-alkatreszek\/","title":{"rendered":"Eredeti Fujitsu LifeBook S936 k\u00e1rtyaolvas\u00f3 alaplap \u00e9s k\u00e1bel haszn\u00e1lt CP69530-Z1 laptop alkatr\u00e9szek"},"content":{"rendered":"<p>Friss\u00edtse Fujitsu LifeBook S936-j\u00e1t ezzel az autentikus k\u00e1rtyaolvas\u00f3 k\u00e1rty\u00e1val \u00e9s k\u00e1rtyaolvas\u00f3val; K\u00e1bel (CP69530-Z1). A legmagasabb szabv\u00e1nyoknak megfelel\u0151en kialak\u00edtott haszn\u00e1lt alkatr\u00e9sz z\u00f6kken\u0151mentes illeszked\u00e9st \u00e9s optim\u00e1lis teljes\u00edtm\u00e9nyt biztos\u00edt.<\/p>\n<p><strong>Kompatibilit\u00e1s:<\/strong> A Fujitsu LifeBook S936 modellekkel kompatibilis ez a k\u00e1rtyaolvas\u00f3 k\u00e1rtya \u00e9s k\u00e1bel kombin\u00e1ci\u00f3ja egy eredeti alkatr\u00e9sz, amely ugyanazt a min\u0151s\u00e9get garant\u00e1lja, mint a laptop gy\u00e1rilag beszerelt r\u00e9szei.<\/p>\n<p><strong>\u00c1llapot:<\/strong> Ez az adatlap val\u00f3di f\u00e9nyk\u00e9peket tartalmaz a k\u00e1rtyaolvas\u00f3 t\u00e1bl\u00e1r\u00f3l \u00e9s a k\u00e1rtyaolvas\u00f3 t\u00e1bl\u00e1j\u00e1r\u00f3l. K\u00e1bel, amit kapsz. A haszn\u00e1lt alkatr\u00e9sz kit\u0171n\u0151 \u00e1llapotban van, m\u0171k\u00f6d\u00e9s\u00e9t alaposan tesztelt\u00e9k.<\/p>\n<p><strong>Egyszer\u0171 telep\u00edt\u00e9s:<\/strong> B\u00e1r telep\u00edt\u00e9si utas\u00edt\u00e1sokat nem adunk, ennek a r\u00e9sznek a cser\u00e9je egyszer\u0171 azok sz\u00e1m\u00e1ra, akik ismerik a laptop alkatr\u00e9szeket. Tov\u00e1bbi seg\u00edts\u00e9g\u00e9rt forduljon bizalommal az eBay \u00fczenetk\u00fcld\u00e9s\u00e9n kereszt\u00fcl.<\/p>\n<p><strong>Glob\u00e1lis sz\u00e1ll\u00edt\u00e1s:<\/strong> Vil\u00e1gszerte sz\u00e1ll\u00edtunk, \u00edgy biztos\u00edtjuk, hogy a Fujitsu LifeBook-felhaszn\u00e1l\u00f3k Eur\u00f3pa-szerte \u00e9s azon t\u00fal is r\u00e9szes\u00fcljenek ennek az eredeti alkatr\u00e9sznek a el\u0151nyeib\u0151l.<\/p>\n<p><strong>B\u00edzzon a Siggmo min\u0151s\u00e9g\u00e9ben:<\/strong> A Siggmo az \u00d6n megb\u00edzhat\u00f3 forr\u00e1sa a kiv\u00e1l\u00f3 min\u0151s\u00e9g\u0171 laptop alkatr\u00e9szekhez. A hiteless\u00e9g \u00e9s az \u00fcgyfelek el\u00e9gedetts\u00e9ge ir\u00e1nti elk\u00f6telezetts\u00e9g\u00fcnk megb\u00edzhat\u00f3 v\u00e1laszt\u00e1ss\u00e1 tesz benn\u00fcnket a laptopok szerelmesei sz\u00e1m\u00e1ra.<\/p>\n<p>N\u00f6velje Fujitsu LifeBook S936 k\u00e9pess\u00e9geit ezzel az eredeti k\u00e1rtyaolvas\u00f3 k\u00e1rty\u00e1val \u00e9s amp; K\u00e1bel. Rendeljen most, hogy megtapasztalja a Siggmo eredeti laptop-alkatr\u00e9szeinek k\u00e9nyelm\u00e9t.<\/p>\n","protected":false},"excerpt":{"rendered":"<p>Fejlessze Fujitsu LifeBook S936-j\u00e1t ezzel az eredeti k\u00e1rtyaolvas\u00f3 k\u00e1rty\u00e1val \u00e9s K\u00e1bel (CP69530-Z1). Eredeti, haszn\u00e1lt alkatr\u00e9sz a z\u00f6kken\u0151mentes kompatibilit\u00e1s \u00e9rdek\u00e9ben. N\u00f6velje laptopja funkcionalit\u00e1s\u00e1t m\u00e9g ma!<\/p>\n","protected":false},"featured_media":7095,"template":"","meta":[],"product_brand":[],"product_cat":[27],"product_tag":[28],"class_list":{"0":"post-7040","1":"product","2":"type-product","3":"status-publish","4":"has-post-thumbnail","6":"product_cat-motherboards-board-parts","7":"product_tag-fujitsu","9":"first","10":"instock","11":"taxable","12":"shipping-taxable","13":"purchasable","14":"product-type-simple"},"_links":{"self":[{"href":"https:\/\/boreait.com\/hu\/wp-json\/wp\/v2\/product\/7040","targetHints":{"allow":["GET"]}}],"collection":[{"href":"https:\/\/boreait.com\/hu\/wp-json\/wp\/v2\/product"}],"about":[{"href":"https:\/\/boreait.com\/hu\/wp-json\/wp\/v2\/types\/product"}],"wp:featuredmedia":[{"embeddable":true,"href":"https:\/\/boreait.com\/hu\/wp-json\/wp\/v2\/media\/7095"}],"wp:attachment":[{"href":"https:\/\/boreait.com\/hu\/wp-json\/wp\/v2\/media?parent=7040"}],"wp:term":[{"taxonomy":"product_brand","embeddable":true,"href":"https:\/\/boreait.com\/hu\/wp-json\/wp\/v2\/product_brand?post=7040"},{"taxonomy":"product_cat","embeddable":true,"href":"https:\/\/boreait.com\/hu\/wp-json\/wp\/v2\/product_cat?post=7040"},{"taxonomy":"product_tag","embeddable":true,"href":"https:\/\/boreait.com\/hu\/wp-json\/wp\/v2\/product_tag?post=7040"}],"curies":[{"name":"wp","href":"https:\/\/api.w.org\/{rel}","templated":true}]}}