{"id":703,"date":"2025-09-17T09:30:32","date_gmt":"2025-09-17T07:30:32","guid":{"rendered":"https:\/\/boreait.com\/hu\/?post_type=product&#038;p=703"},"modified":"2026-01-07T09:24:12","modified_gmt":"2026-01-07T08:24:12","slug":"ac-dc-tapcsatlakozo-kabellel-hp-zbook-15-17-g1-g2-727819-sd9-727819-fd9-keszulekhez","status":"publish","type":"product","link":"https:\/\/boreait.com\/hu\/termek\/ac-dc-tapcsatlakozo-kabellel-hp-zbook-15-17-g1-g2-727819-sd9-727819-fd9-keszulekhez\/","title":{"rendered":"AC DC t\u00e1pcsatlakoz\u00f3 k\u00e1bellel HP ZBOOK 15 17 G1 G2 727819-SD9 727819-FD9 k\u00e9sz\u00fcl\u00e9khez"},"content":{"rendered":"<p>A k\u00e1bellel ell\u00e1tott AC DC t\u00e1pcsatlakoz\u00f3 a HP ZBOOK 15\/17 G1 G2 laptop l\u00e9tfontoss\u00e1g\u00fa eleme, amely lehet\u0151v\u00e9 teszi a h\u00e1l\u00f3zati adapter csatlakoztat\u00e1s\u00e1t \u00e9s a laptop felt\u00f6lt\u00e9s\u00e9t. Ha h\u00e1l\u00f3zati csatlakoz\u00e1si probl\u00e9m\u00e1kat tapasztal, vagy meglazul a csatlakoz\u00e1s, ideje kicser\u00e9lni a t\u00e1pcsatlakoz\u00f3t.<\/p>\n<p>Ezt a k\u00e1bellel ell\u00e1tott v\u00e1lt\u00f3\u00e1ram\u00fa egyen\u00e1ram\u00fa t\u00e1pcsatlakoz\u00f3t kifejezetten a HP ZBOOK 15\/17 G1 G2 sorozathoz tervezt\u00e9k, \u00edgy biztos\u00edtja a kompatibilit\u00e1st \u00e9s a t\u00f6k\u00e9letes illeszked\u00e9st. Ez egy kiv\u00e1l\u00f3 min\u0151s\u00e9g\u0171 \u00e9s megb\u00edzhat\u00f3 cserealkatr\u00e9sz, amely megfelel vagy meghaladja az eredeti gy\u00e1rt\u00f3 specifik\u00e1ci\u00f3it.<\/p>\n<p>Az AC DC t\u00e1pcsatlakoz\u00f3 k\u00e1bellel t\u00f6rt\u00e9n\u0151 felszerel\u00e9se viszonylag egyszer\u0171, alapvet\u0151 m\u0171szaki ismeretek birtok\u00e1ban. A professzion\u00e1lis telep\u00edt\u00e9s azonban azoknak aj\u00e1nlott, akik nem j\u00e1rtasak a laptopjav\u00edt\u00e1sban. Fontos, hogy gondoskodjon a megfelel\u0151 telep\u00edt\u00e9sr\u0151l, hogy elker\u00fclje a laptop tov\u00e1bbi k\u00e1rosod\u00e1s\u00e1t.<\/p>\n<p>Ezzel a k\u00e1bellel ell\u00e1tott csere AC DC t\u00e1pcsatlakoz\u00f3val helyre\u00e1ll\u00edthatja a stabil \u00e9s biztons\u00e1gos t\u00e1pcsatlakoz\u00e1st HP ZBOOK 15\/17 G1 G2 laptopj\u00e1hoz. \u00c9lvezze a megszak\u00edt\u00e1s n\u00e9lk\u00fcli \u00e1ramell\u00e1t\u00e1st, \u00e9s tartsa teljesen felt\u00f6lt\u00f6tt laptopj\u00e1t munk\u00e1hoz, sz\u00f3rakoz\u00e1shoz \u00e9s egyebekhez.<\/p>\n","protected":false},"excerpt":{"rendered":"<p>Cser\u00e9lje ki hib\u00e1s AC DC t\u00e1pcsatlakoz\u00f3j\u00e1t k\u00e1belre HP ZBOOK 15\/17 G1 G2 laptopj\u00e1hoz ezzel a kiv\u00e1l\u00f3 min\u0151s\u00e9g\u0171 cserealkatr\u00e9szsel. Gondoskodjon megb\u00edzhat\u00f3 t\u00e1pcsatlakoz\u00e1sr\u00f3l, \u00e9s \u00e1ll\u00edtsa \u00fajra z\u00f6kken\u0151mentesen a laptopot.<\/p>\n","protected":false},"featured_media":757,"template":"","meta":[],"product_brand":[],"product_cat":[20],"product_tag":[25],"class_list":{"0":"post-703","1":"product","2":"type-product","3":"status-publish","4":"has-post-thumbnail","6":"product_cat-cables","7":"product_tag-hp","9":"first","10":"instock","11":"taxable","12":"shipping-taxable","13":"purchasable","14":"product-type-simple"},"_links":{"self":[{"href":"https:\/\/boreait.com\/hu\/wp-json\/wp\/v2\/product\/703","targetHints":{"allow":["GET"]}}],"collection":[{"href":"https:\/\/boreait.com\/hu\/wp-json\/wp\/v2\/product"}],"about":[{"href":"https:\/\/boreait.com\/hu\/wp-json\/wp\/v2\/types\/product"}],"wp:featuredmedia":[{"embeddable":true,"href":"https:\/\/boreait.com\/hu\/wp-json\/wp\/v2\/media\/757"}],"wp:attachment":[{"href":"https:\/\/boreait.com\/hu\/wp-json\/wp\/v2\/media?parent=703"}],"wp:term":[{"taxonomy":"product_brand","embeddable":true,"href":"https:\/\/boreait.com\/hu\/wp-json\/wp\/v2\/product_brand?post=703"},{"taxonomy":"product_cat","embeddable":true,"href":"https:\/\/boreait.com\/hu\/wp-json\/wp\/v2\/product_cat?post=703"},{"taxonomy":"product_tag","embeddable":true,"href":"https:\/\/boreait.com\/hu\/wp-json\/wp\/v2\/product_tag?post=703"}],"curies":[{"name":"wp","href":"https:\/\/api.w.org\/{rel}","templated":true}]}}