{"id":702,"date":"2025-09-17T09:30:32","date_gmt":"2025-09-17T07:30:32","guid":{"rendered":"https:\/\/boreait.com\/hu\/?post_type=product&#038;p=702"},"modified":"2025-09-17T09:31:38","modified_gmt":"2025-09-17T07:31:38","slug":"hp-zbook-17-erintopad-weger-gombok-es-keret-pk37b00eg00-tm-02706-001","status":"publish","type":"product","link":"https:\/\/boreait.com\/hu\/termek\/hp-zbook-17-erintopad-weger-gombok-es-keret-pk37b00eg00-tm-02706-001\/","title":{"rendered":"HP ZBook 17 \u00e9rint\u0151pad Weg\u00e9r gombok \u00e9s keret PK37B00EG00 TM-02706-001"},"content":{"rendered":"<p>A HP ZBook 17 \u00e9rint\u0151pad eg\u00e9rgombokkal \u00e9s kerettel egy eredeti HP cserealkatr\u00e9sz, amelyet arra terveztek, hogy helyre\u00e1ll\u00edtsa a HP ZBook 17 laptop \u00e9rint\u0151padj\u00e1nak m\u0171k\u00f6d\u00e9s\u00e9t. Ha az \u00e9rint\u0151pad nem m\u0171k\u00f6dik megfelel\u0151en, vagy az eg\u00e9rgombok nem reag\u00e1lnak, a megold\u00e1s az \u00e9rint\u0151pad szerelv\u00e9ny cser\u00e9je erre az eredeti HP alkatr\u00e9szre.<\/p>\n<p>Az eg\u00e9rgombokkal \u00e9s keretszerelv\u00e9nyekkel ell\u00e1tott \u00e9rint\u0151pad felel\u0151s a kurzor prec\u00edz mozg\u00e1s\u00e1\u00e9rt \u00e9s a laptopon t\u00f6rt\u00e9n\u0151 gyors kattint\u00e1s\u00e9rt. Ezzel az eredeti HP cserealkatr\u00e9szrel z\u00f6kken\u0151mentes \u00e9s pontos navig\u00e1ci\u00f3t \u00e9lvezhet, \u00edgy k\u00f6nnyed\u00e9n kezelheti laptopj\u00e1t.<\/p>\n<p>A HP ZBook 17 Touchpad W\/Eg\u00e9r gombokkal \u00e9s kerettel t\u00f6rt\u00e9n\u0151 telep\u00edt\u00e9se m\u0171szaki szak\u00e9rtelmet \u00e9s tud\u00e1st ig\u00e9nyel. Javasoljuk, hogy szakember seg\u00edts\u00e9g\u00e9t k\u00e9rje, vagy olvassa el a HP szervizk\u00f6nyv\u00e9t a megfelel\u0151 telep\u00edt\u00e9si utas\u00edt\u00e1sok\u00e9rt. Gy\u0151z\u0151dj\u00f6n meg arr\u00f3l, hogy laptopja ki van kapcsolva, \u00e9s le van v\u00e1lasztva az \u00e1ramforr\u00e1sr\u00f3l, miel\u0151tt megpr\u00f3b\u00e1ln\u00e1 a cser\u00e9t.<\/p>\n<p>Vissza\u00e1ll\u00edtsa HP ZBook 17 \u00e9rint\u0151padj\u00e1nak teljes funkcionalit\u00e1s\u00e1t az eredeti HP ZBook 17 \u00e9rint\u0151pad eg\u00e9rgombokkal \u00e9s kerettel. \u00c9lvezze a g\u00f6rd\u00fcl\u00e9keny \u00e9s pontos kurzormozg\u00e1st, valamint az \u00e9rz\u00e9keny eg\u00e9rgomb-funkci\u00f3kat, amelyek jav\u00edtj\u00e1k az \u00e1ltal\u00e1nos felhaszn\u00e1l\u00f3i \u00e9lm\u00e9nyt. Cser\u00e9lje ki hib\u00e1s \u00e9rint\u0151pad-szerelv\u00e9ny\u00e9t erre a kiv\u00e1l\u00f3 min\u0151s\u00e9g\u0171 cserealkatr\u00e9szre.<\/p>\n","protected":false},"excerpt":{"rendered":"<p>Cser\u00e9lje ki az eg\u00e9rgombokkal \u00e9s kerettel ell\u00e1tott \u00e9rint\u0151padot HP ZBook 17 laptopj\u00e1ban ezzel az eredeti HP ZBook 17 \u00e9rint\u0151paddal, eg\u00e9rgombokkal \u00e9s kerettel. Ez a kifejezetten a HP ZBook 17-hez tervezett \u00e9rint\u0151pad sima \u00e9s pontos kurzormozg\u00e1st, valamint \u00e9rz\u00e9keny eg\u00e9rgomb-funkci\u00f3kat biztos\u00edt. Ezzel a kiv\u00e1l\u00f3 min\u0151s\u00e9g\u0171 cserealkatr\u00e9szrel \u00e1ll\u00edtsa vissza laptopja \u00e9rint\u0151padj\u00e1nak teljes funkcionalit\u00e1s\u00e1t.<\/p>\n","protected":false},"featured_media":755,"template":"","meta":[],"product_brand":[],"product_cat":[42],"product_tag":[25],"class_list":{"0":"post-702","1":"product","2":"type-product","3":"status-publish","4":"has-post-thumbnail","6":"product_cat-laptop-touchpads","7":"product_tag-hp","9":"first","10":"instock","11":"taxable","12":"shipping-taxable","13":"purchasable","14":"product-type-simple"},"_links":{"self":[{"href":"https:\/\/boreait.com\/hu\/wp-json\/wp\/v2\/product\/702","targetHints":{"allow":["GET"]}}],"collection":[{"href":"https:\/\/boreait.com\/hu\/wp-json\/wp\/v2\/product"}],"about":[{"href":"https:\/\/boreait.com\/hu\/wp-json\/wp\/v2\/types\/product"}],"wp:featuredmedia":[{"embeddable":true,"href":"https:\/\/boreait.com\/hu\/wp-json\/wp\/v2\/media\/755"}],"wp:attachment":[{"href":"https:\/\/boreait.com\/hu\/wp-json\/wp\/v2\/media?parent=702"}],"wp:term":[{"taxonomy":"product_brand","embeddable":true,"href":"https:\/\/boreait.com\/hu\/wp-json\/wp\/v2\/product_brand?post=702"},{"taxonomy":"product_cat","embeddable":true,"href":"https:\/\/boreait.com\/hu\/wp-json\/wp\/v2\/product_cat?post=702"},{"taxonomy":"product_tag","embeddable":true,"href":"https:\/\/boreait.com\/hu\/wp-json\/wp\/v2\/product_tag?post=702"}],"curies":[{"name":"wp","href":"https:\/\/api.w.org\/{rel}","templated":true}]}}