{"id":7015,"date":"2025-09-17T11:45:58","date_gmt":"2025-09-17T09:45:58","guid":{"rendered":"https:\/\/boreait.com\/hu\/?post_type=product&#038;p=7015"},"modified":"2025-09-17T11:46:47","modified_gmt":"2025-09-17T09:46:47","slug":"eredeti-hp-probook-430-g4-laptop-belso-hangszorok-bx81satp10","status":"publish","type":"product","link":"https:\/\/boreait.com\/hu\/termek\/eredeti-hp-probook-430-g4-laptop-belso-hangszorok-bx81satp10\/","title":{"rendered":"Eredeti HP Probook 430 G4 laptop bels\u0151 hangsz\u00f3r\u00f3k &#8211; BX81SATP10"},"content":{"rendered":"<p>N\u00f6velje HP Probook 430 G4 laptopja audioteljes\u00edtm\u00e9ny\u00e9t ezekkel az eredeti bels\u0151 hangsz\u00f3r\u00f3kkal. Ezeket a hangsz\u00f3r\u00f3kat \u00fagy tervezt\u00e9k, hogy z\u00f6kken\u0151mentesen illeszkedjenek a laptopj\u00e1ba, \u00e9s hiteles hang\u00e9lm\u00e9nyt biztos\u00edtanak, \u00edgy minden r\u00e9szletet tiszt\u00e1n hallhat. Ak\u00e1r vide\u00f3kat n\u00e9z, virtu\u00e1lis tal\u00e1lkoz\u00f3kon vesz r\u00e9szt, ak\u00e1r zen\u00e9t hallgat, ezek a hangsz\u00f3r\u00f3k kiv\u00e9teles hangmin\u0151s\u00e9get biztos\u00edtanak. HP cikksz\u00e1m: BX81SATP10.<\/p>\n<p><strong>F\u0151bb jellemz\u0151k:<\/strong><\/p>\n<ul>\n<li><strong>Eredeti HP alkatr\u00e9szek:<\/strong> Ezek a bels\u0151 hangsz\u00f3r\u00f3k eredeti HP alkatr\u00e9szek, amelyek kompatibilit\u00e1st \u00e9s optim\u00e1lis teljes\u00edtm\u00e9nyt garant\u00e1lnak Probook 430 G4 laptopj\u00e1hoz.<\/li>\n<li><strong>Fokozza a multim\u00e9di\u00e1s \u00e9lm\u00e9nyt:<\/strong> \u00c9lvezze a mag\u00e1val ragad\u00f3 hangmin\u0151s\u00e9get vide\u00f3khoz, zen\u00e9hez \u00e9s virtu\u00e1lis tal\u00e1lkoz\u00f3khoz. Ezeket a hangsz\u00f3r\u00f3kat \u00fagy tervezt\u00e9k, hogy kieg\u00e9sz\u00edts\u00e9k laptopja multim\u00e9di\u00e1s funkci\u00f3it.<\/li>\n<li><strong>Egyszer\u0171 telep\u00edt\u00e9s:<\/strong> k\u00f6nnyed\u00e9n friss\u00edtheti laptopja hangj\u00e1t. Ezeket a hangsz\u00f3r\u00f3kat egyszer\u0171 telep\u00edt\u00e9sre tervezt\u00e9k, \u00e9s nincs sz\u00fcks\u00e9g speci\u00e1lis szersz\u00e1mokra.<\/li>\n<li><strong>Kompatibilit\u00e1s:<\/strong> A kifejezetten a HP Probook 430 G4-hez tervezett bels\u0151 hangsz\u00f3r\u00f3k t\u00f6k\u00e9letes illeszked\u00e9st biztos\u00edtanak, meg\u0151rizve laptopja eleg\u00e1ns megjelen\u00e9s\u00e9t.<\/li>\n<li><strong>Val\u00f3di term\u00e9k, val\u00f3di fot\u00f3k:<\/strong> A l\u00e1that\u00f3 term\u00e9kk\u00e9pek a kapott hangsz\u00f3r\u00f3k val\u00f3di fot\u00f3k. Amit l\u00e1tsz, azt kapod.<\/li>\n<\/ul>\n","protected":false},"excerpt":{"rendered":"<p>B\u0151v\u00edtse HP Probook 430 G4 laptop hang\u00e9lm\u00e9ny\u00e9t ezekkel az eredeti bels\u0151 hangsz\u00f3r\u00f3kkal. A kifejezetten az \u00d6n laptopmodellj\u00e9hez tervezett hangsz\u00f3r\u00f3k krist\u00e1lytiszta hangz\u00e1st biztos\u00edtanak. Az eredeti HP alkatr\u00e9szek biztos\u00edtj\u00e1k a kompatibilit\u00e1st \u00e9s az optim\u00e1lis teljes\u00edtm\u00e9nyt. N\u00f6velje multim\u00e9di\u00e1s \u00e9s kommunik\u00e1ci\u00f3s \u00e9lm\u00e9ny\u00e9t m\u00e9g ma.<\/p>\n","protected":false},"featured_media":7082,"template":"","meta":[],"product_brand":[],"product_cat":[18],"product_tag":[25],"class_list":{"0":"post-7015","1":"product","2":"type-product","3":"status-publish","4":"has-post-thumbnail","6":"product_cat-laptop-speakers","7":"product_tag-hp","9":"first","10":"instock","11":"taxable","12":"shipping-taxable","13":"purchasable","14":"product-type-simple"},"_links":{"self":[{"href":"https:\/\/boreait.com\/hu\/wp-json\/wp\/v2\/product\/7015","targetHints":{"allow":["GET"]}}],"collection":[{"href":"https:\/\/boreait.com\/hu\/wp-json\/wp\/v2\/product"}],"about":[{"href":"https:\/\/boreait.com\/hu\/wp-json\/wp\/v2\/types\/product"}],"wp:featuredmedia":[{"embeddable":true,"href":"https:\/\/boreait.com\/hu\/wp-json\/wp\/v2\/media\/7082"}],"wp:attachment":[{"href":"https:\/\/boreait.com\/hu\/wp-json\/wp\/v2\/media?parent=7015"}],"wp:term":[{"taxonomy":"product_brand","embeddable":true,"href":"https:\/\/boreait.com\/hu\/wp-json\/wp\/v2\/product_brand?post=7015"},{"taxonomy":"product_cat","embeddable":true,"href":"https:\/\/boreait.com\/hu\/wp-json\/wp\/v2\/product_cat?post=7015"},{"taxonomy":"product_tag","embeddable":true,"href":"https:\/\/boreait.com\/hu\/wp-json\/wp\/v2\/product_tag?post=7015"}],"curies":[{"name":"wp","href":"https:\/\/api.w.org\/{rel}","templated":true}]}}