{"id":7014,"date":"2025-09-17T11:45:58","date_gmt":"2025-09-17T09:45:58","guid":{"rendered":"https:\/\/boreait.com\/hu\/?post_type=product&#038;p=7014"},"modified":"2025-09-17T11:46:46","modified_gmt":"2025-09-17T09:46:46","slug":"eredeti-hp-probook-430-g4-csuklopant-burkolat-tengelykapcsolo-csuklopant-burkolat-laptop-alkatreszek","status":"publish","type":"product","link":"https:\/\/boreait.com\/hu\/termek\/eredeti-hp-probook-430-g4-csuklopant-burkolat-tengelykapcsolo-csuklopant-burkolat-laptop-alkatreszek\/","title":{"rendered":"Eredeti HP ProBook 430 G4 csukl\u00f3p\u00e1nt burkolat tengelykapcsol\u00f3 csukl\u00f3p\u00e1nt burkolat &#8211; laptop alkatr\u00e9szek"},"content":{"rendered":"<p>N\u00f6velje HP ProBook 430 G4 szerkezeti integrit\u00e1s\u00e1t az eredeti csukl\u00f3s burkolat tengelykapcsol\u00f3 csukl\u00f3p\u00e1nttal. Ez a t\u00f6k\u00e9letesre kidolgozott cserehuzat szoros illeszked\u00e9st \u00e9s optim\u00e1lis teljes\u00edtm\u00e9nyt garant\u00e1l.<\/p>\n<p><strong>F\u0151bb jellemz\u0151k:<\/strong><\/p>\n<ul>\n<li><strong>Kompatibilit\u00e1s:<\/strong> Kifejezetten HP ProBook 430 G4 laptopokhoz tervezve.<\/li>\n<li><strong>Hiteless\u00e9g:<\/strong> Az eredeti HP alkatr\u00e9sz biztos\u00edtja a min\u0151s\u00e9get \u00e9s a megb\u00edzhat\u00f3s\u00e1got.<\/li>\n<li><strong>Tart\u00f3s fel\u00e9p\u00edt\u00e9s:<\/strong> Kiv\u00e1l\u00f3 min\u0151s\u00e9g\u0171 anyagokb\u00f3l k\u00e9sz\u00fclt a hosszan tart\u00f3 haszn\u00e1lat \u00e9rdek\u00e9ben.<\/li>\n<li><strong>Egyszer\u0171 telep\u00edt\u00e9s:<\/strong> K\u00f6nnyed\u00e9n cser\u00e9lje ki r\u00e9gi zsan\u00e9rburkolat\u00e1t.<\/li>\n<li><strong>Sz\u00e1ll\u00edt\u00e1s az eg\u00e9sz vil\u00e1gon:<\/strong> Biztons\u00e1gos \u00e9s gyors sz\u00e1ll\u00edt\u00e1st k\u00edn\u00e1lunk \u00fcgyfeleinknek vil\u00e1gszerte.<\/li>\n<\/ul>\n<p>Ak\u00e1r probl\u00e9m\u00e1kat tapasztal a jelenlegi zsan\u00e9rburkolattal, ak\u00e1r szeretn\u00e9 megel\u0151zni a j\u00f6v\u0151beni probl\u00e9m\u00e1kat, az eredeti cserebe val\u00f3 befektet\u00e9s kulcsfontoss\u00e1g\u00fa. Ez a HP ProBook 430 G4 csukl\u00f3p\u00e1nt burkolat kuplung csukl\u00f3p\u00e1nt nem csak visszaadja laptopja eszt\u00e9tik\u00e1j\u00e1t, hanem garant\u00e1lja a csukl\u00f3p\u00e1nt mechanizmus megfelel\u0151 m\u0171k\u00f6d\u00e9s\u00e9t is.<\/p>\n<p>K\u00e9rj\u00fck, forduljon bizalommal, ha b\u00e1rmilyen k\u00e9rd\u00e9se van, vagy seg\u00edts\u00e9gre van sz\u00fcks\u00e9ge. Ne feledje, hogy a list\u00e1ban tal\u00e1lhat\u00f3 val\u00f3di f\u00e9nyk\u00e9pek pontosan azt a r\u00e9szt mutatj\u00e1k be, amelyet kapni fog. Ha tov\u00e1bbi \u00fatmutat\u00e1sra van sz\u00fcks\u00e9ge, ne habozzon, k\u00fcldj\u00f6n nek\u00fcnk \u00fczenetet. B\u00e1tran friss\u00edtse laptopj\u00e1t m\u00e9g ma!<\/p>\n","protected":false},"excerpt":{"rendered":"<p>Friss\u00edtse HP ProBook 430 G4 k\u00e9sz\u00fcl\u00e9k\u00e9t ezzel az eredeti csukl\u00f3s burkolat\u00fa tengelykapcsol\u00f3 csukl\u00f3p\u00e1nttal. Ez a prec\u00edz illeszked\u00e9sre kialak\u00edtott strapab\u00edr\u00f3 burkolat biztos\u00edtja laptopja hossz\u00fa \u00e9lettartam\u00e1t. B\u00edzzon a min\u0151s\u00e9gben \u2013 v\u00e1s\u00e1roljon eredeti HP alkatr\u00e9szeket a probl\u00e9mamentes csere \u00e9rdek\u00e9ben. Biztons\u00e1gos sz\u00e1ll\u00edt\u00e1s az eg\u00e9sz vil\u00e1gra.<\/p>\n","protected":false},"featured_media":7081,"template":"","meta":[],"product_brand":[],"product_cat":[19],"product_tag":[25],"class_list":{"0":"post-7014","1":"product","2":"type-product","3":"status-publish","4":"has-post-thumbnail","6":"product_cat-screen-hinge","7":"product_tag-hp","9":"first","10":"instock","11":"taxable","12":"shipping-taxable","13":"purchasable","14":"product-type-simple"},"_links":{"self":[{"href":"https:\/\/boreait.com\/hu\/wp-json\/wp\/v2\/product\/7014","targetHints":{"allow":["GET"]}}],"collection":[{"href":"https:\/\/boreait.com\/hu\/wp-json\/wp\/v2\/product"}],"about":[{"href":"https:\/\/boreait.com\/hu\/wp-json\/wp\/v2\/types\/product"}],"wp:featuredmedia":[{"embeddable":true,"href":"https:\/\/boreait.com\/hu\/wp-json\/wp\/v2\/media\/7081"}],"wp:attachment":[{"href":"https:\/\/boreait.com\/hu\/wp-json\/wp\/v2\/media?parent=7014"}],"wp:term":[{"taxonomy":"product_brand","embeddable":true,"href":"https:\/\/boreait.com\/hu\/wp-json\/wp\/v2\/product_brand?post=7014"},{"taxonomy":"product_cat","embeddable":true,"href":"https:\/\/boreait.com\/hu\/wp-json\/wp\/v2\/product_cat?post=7014"},{"taxonomy":"product_tag","embeddable":true,"href":"https:\/\/boreait.com\/hu\/wp-json\/wp\/v2\/product_tag?post=7014"}],"curies":[{"name":"wp","href":"https:\/\/api.w.org\/{rel}","templated":true}]}}