{"id":70,"date":"2025-09-17T09:21:17","date_gmt":"2025-09-17T07:21:17","guid":{"rendered":"https:\/\/boreait.com\/hu\/?post_type=product&#038;p=70"},"modified":"2025-10-06T07:45:31","modified_gmt":"2025-10-06T05:45:31","slug":"0j8nnp-webkamera-dell-latitude-e5570-e7270-e5270-e7470-e5470-szamara","status":"publish","type":"product","link":"https:\/\/boreait.com\/hu\/termek\/0j8nnp-webkamera-dell-latitude-e5570-e7270-e5270-e7470-e5470-szamara\/","title":{"rendered":"0J8NNP webkamera DELL Latitude E5570, E7270, E5270, E7470, E5470 sz\u00e1m\u00e1ra"},"content":{"rendered":"<p>A Dell Latitude webkamer\u00e1k felbont\u00e1sa \u00e1ltal\u00e1ban legal\u00e1bb 720p, ami alkalmas videokonferenci\u00e1kra, streamel\u00e9sre \u00e9s felv\u00e9telre. Egyes \u00fajabb modellek nagyobb felbont\u00e1s\u00fa webkamer\u00e1val rendelkezhetnek, p\u00e9ld\u00e1ul 1080p vagy ak\u00e1r 4K.<\/p>\n<p>A felbont\u00e1son k\u00edv\u00fcl a Dell Latitude webkamer\u00e1k autof\u00f3kuszos, gyenge f\u00e9nykorrekci\u00f3s \u00e9s zajcs\u00f6kkent\u0151 technol\u00f3gi\u00e1val is rendelkeznek, hogy tiszta \u00e9s kiv\u00e1l\u00f3 min\u0151s\u00e9g\u0171 k\u00e9pet \u00e9s hangot biztos\u00edtsanak. Egyes modellek biztons\u00e1gi red\u0151nnyel vagy fizikai kapcsol\u00f3val is rendelkezhetnek, amely blokkolja a kamer\u00e1t, amikor nincs haszn\u00e1latban.<\/p>\n<p>\u00d6sszess\u00e9g\u00e9ben a Dell Latitude laptopok webkamer\u00e1j\u00e1t \u00fagy tervezt\u00e9k, hogy megb\u00edzhat\u00f3 \u00e9s kiv\u00e1l\u00f3 min\u0151s\u00e9g\u0171 videokonferencia- \u00e9s -r\u00f6gz\u00edt\u00e9si \u00e9lm\u00e9nyt ny\u00fajtson a felhaszn\u00e1l\u00f3knak.<\/p>\n","protected":false},"excerpt":{"rendered":"<p>A Dell Latitude be\u00e9p\u00edtett webkamer\u00e1ja tiszta \u00e9s megb\u00edzhat\u00f3 vide\u00f3min\u0151s\u00e9get k\u00edn\u00e1l olyan funkci\u00f3kkal, mint az automatikus \u00e9less\u00e9g\u00e1ll\u00edt\u00e1s, a zajcs\u00f6kkent\u00e9s \u00e9s az adatv\u00e9delmi be\u00e1ll\u00edt\u00e1sok, amelyek kiv\u00e1l\u00f3 videokonferencia-\u00e9lm\u00e9nyt biztos\u00edtanak.<\/p>\n","protected":false},"featured_media":104,"template":"","meta":[],"product_brand":[],"product_cat":[23],"product_tag":[17],"class_list":{"0":"post-70","1":"product","2":"type-product","3":"status-publish","4":"has-post-thumbnail","6":"product_cat-laptop-camera","7":"product_tag-dell","9":"first","10":"instock","11":"taxable","12":"shipping-taxable","13":"purchasable","14":"product-type-simple"},"_links":{"self":[{"href":"https:\/\/boreait.com\/hu\/wp-json\/wp\/v2\/product\/70","targetHints":{"allow":["GET"]}}],"collection":[{"href":"https:\/\/boreait.com\/hu\/wp-json\/wp\/v2\/product"}],"about":[{"href":"https:\/\/boreait.com\/hu\/wp-json\/wp\/v2\/types\/product"}],"wp:featuredmedia":[{"embeddable":true,"href":"https:\/\/boreait.com\/hu\/wp-json\/wp\/v2\/media\/104"}],"wp:attachment":[{"href":"https:\/\/boreait.com\/hu\/wp-json\/wp\/v2\/media?parent=70"}],"wp:term":[{"taxonomy":"product_brand","embeddable":true,"href":"https:\/\/boreait.com\/hu\/wp-json\/wp\/v2\/product_brand?post=70"},{"taxonomy":"product_cat","embeddable":true,"href":"https:\/\/boreait.com\/hu\/wp-json\/wp\/v2\/product_cat?post=70"},{"taxonomy":"product_tag","embeddable":true,"href":"https:\/\/boreait.com\/hu\/wp-json\/wp\/v2\/product_tag?post=70"}],"curies":[{"name":"wp","href":"https:\/\/api.w.org\/{rel}","templated":true}]}}